{"id":1011,"date":"2021-01-10T20:02:06","date_gmt":"2021-01-10T20:02:06","guid":{"rendered":"https:\/\/www.beasturismo.es\/?page_id=1011"},"modified":"2021-01-25T12:04:28","modified_gmt":"2021-01-25T12:04:28","slug":"conjunto-dolmenico-el-labradillo","status":"publish","type":"page","link":"https:\/\/www.beasturismo.es\/?page_id=1011","title":{"rendered":"Conjunto Dolm\u00e9nico \u00abEl Labradillo\u00bb [2500-1900ac]"},"content":{"rendered":"<p><img decoding=\"async\" width=\"496\" height=\"325\" src=\"https:\/\/www.beasturismo.es\/wp-content\/uploads\/2020\/08\/conjunto-dolmenico-de-el-labradillo-beas-e1598813911549.jpg\" alt=\"\" loading=\"lazy\" srcset=\"https:\/\/www.beasturismo.es\/wp-content\/uploads\/2020\/08\/conjunto-dolmenico-de-el-labradillo-beas-e1598813911549.jpg 496w, https:\/\/www.beasturismo.es\/wp-content\/uploads\/2020\/08\/conjunto-dolmenico-de-el-labradillo-beas-e1598813911549-300x197.jpg 300w\" sizes=\"auto, (max-width: 496px) 100vw, 496px\"><\/p>\n<p style=\"text-align: justify;\">El conjunto dolm\u00e9nico de \u201cEl Labradillo\u201d se halla al noreste de Beas, camino del embalse, en la cima de la loma del paraje de \u201cEl Labradillo\u201d, entre los arroyos Parrilla y Cand\u00f3n. Su tipolog\u00eda corresponde a la arquitectura megal\u00edtica. Como la mayor parte de estos restos arqueol\u00f3gicos, carece de una cronolog\u00eda objetiva y precisa, pero atendiendo a las generalidades de los principales yacimientos de nuestra provincia, se le puede asignar una fecha en los mediados del III milenio, 2500-1900 a.C.<\/p>\n<p style=\"text-align: justify;\">La existencia de estos restos era conocida desde los a\u00f1os cincuenta del siglo XX, cuando Carlos Cerd\u00e1n y el matrimonio Leisner realizaron sus estudios en nuestra provincia. Es muy posible que en los alrededores existieran otros yacimientos parecidos a \u00e9stos, que la construcci\u00f3n del pantano cercano pudo arrasar.<\/p>\n<p style=\"text-align: justify;\">Posteriormente los estudios de Rosario Cabrera y Fernando Pi\u00f1\u00f3n difundieron su conocimiento. Tras alguna intervenci\u00f3n arqueol\u00f3gica, como la de 1986 de M\u00aa Jes\u00fas Carrasco Mart\u00edn, se procedi\u00f3 a su inscripci\u00f3n como \u00ab<strong>Bien de Inter\u00e9s Cultural en 1987<\/strong>\u00ab, dentro de la categor\u00eda de zona arqueol\u00f3gica, y se realiz\u00f3 una actuaci\u00f3n de urgencia al objeto de evitar su progresivo deterioro.<\/p>\n<p style=\"text-align: justify;\">Este <strong>conjunto dolm\u00e9nico<\/strong> est\u00e1 compuesto por dos \u00e1reas principales. En la primera se hallan los <strong>d\u00f3lmenes I y II<\/strong> y los restos de otro t\u00famulo, que evidencian la posibilidad de la existencia en el lugar de otro enterramiento dolm\u00e9nico. En la segunda se halla el <strong>dolmen III<\/strong> y la cantera que proporcion\u00f3 los materiales para su construcci\u00f3n. La <strong>primera de estas zonas <\/strong>se halla elevada sobre un peque\u00f1o cerro de 1 hect\u00e1rea, y es la m\u00e1s interesante. All\u00ed el <strong>dolmen I es el mejor conservado de los tres<\/strong>. Se trata de un sepulcro de galer\u00eda cubierta, con c\u00e1maras laterales, presenta unos 12 metros de longitud y est\u00e1 orientado al oeste. En su cabecera o c\u00e1mara principal presenta una mayor anchura y altura, que va disminuyendo hacia la entrada. De sus c\u00e1maras laterales s\u00f3lo conserva adecuadamente la situada al sur. Tambi\u00e9n se puede observar los restos del anillo delimitador y una gran parte del t\u00famulo de tierra roja. El dolmen II no se halla en un buen estado de conservaci\u00f3n y s\u00f3lo conserva algunos indicios que permiten suponer una estructura parecida a la del anterior;&nbsp; en la <strong>segunda zona<\/strong> tenemos constatada la presencia del dolmen III, el cual tampoco se encuentra en buen estado de conservaci\u00f3n, ya que s\u00f3lo se conservan algunos elementos aislados, encontr\u00e1ndose algo m\u00e1s alejado, junto a los cimientos de la antigua casa de la finca.<\/p>\n<p style=\"text-align: justify;\">Al este-sureste, a unos 300 metros, se encuentra la cantera de tierra roja utilizada para la realizaci\u00f3n del dolmen principal.<\/p>\n","protected":false},"excerpt":{"rendered":"<p>El conjunto dolm\u00e9nico de \u201cEl Labradillo\u201d se halla al noreste de Beas, camino del embalse, [&hellip;]<\/p>\n","protected":false},"author":2,"featured_media":0,"parent":0,"menu_order":0,"comment_status":"closed","ping_status":"closed","template":"","meta":{"footnotes":""},"class_list":["post-1011","page","type-page","status-publish","hentry"],"jetpack_sharing_enabled":true,"_links":{"self":[{"href":"https:\/\/www.beasturismo.es\/index.php?rest_route=\/wp\/v2\/pages\/1011","targetHints":{"allow":["GET"]}}],"collection":[{"href":"https:\/\/www.beasturismo.es\/index.php?rest_route=\/wp\/v2\/pages"}],"about":[{"href":"https:\/\/www.beasturismo.es\/index.php?rest_route=\/wp\/v2\/types\/page"}],"author":[{"embeddable":true,"href":"https:\/\/www.beasturismo.es\/index.php?rest_route=\/wp\/v2\/users\/2"}],"replies":[{"embeddable":true,"href":"https:\/\/www.beasturismo.es\/index.php?rest_route=%2Fwp%2Fv2%2Fcomments&post=1011"}],"version-history":[{"count":6,"href":"https:\/\/www.beasturismo.es\/index.php?rest_route=\/wp\/v2\/pages\/1011\/revisions"}],"predecessor-version":[{"id":1029,"href":"https:\/\/www.beasturismo.es\/index.php?rest_route=\/wp\/v2\/pages\/1011\/revisions\/1029"}],"wp:attachment":[{"href":"https:\/\/www.beasturismo.es\/index.php?rest_route=%2Fwp%2Fv2%2Fmedia&parent=1011"}],"curies":[{"name":"wp","href":"https:\/\/api.w.org\/{rel}","templated":true}]}}