{"id":1020,"date":"2021-01-10T20:11:59","date_gmt":"2021-01-10T20:11:59","guid":{"rendered":"https:\/\/www.beasturismo.es\/?page_id=1020"},"modified":"2021-01-25T12:04:06","modified_gmt":"2021-01-25T12:04:06","slug":"casas-s-xviii-xix-y-xx","status":"publish","type":"page","link":"https:\/\/www.beasturismo.es\/?page_id=1020","title":{"rendered":"Casas [S. XVIII, XIX y XX]"},"content":{"rendered":"<p style=\"margin-top: 0cm; background: white;\">Beas conserva un peque\u00f1o conjunto de casas dom\u00e9sticas muy interesantes que son bellos ejemplos de arquitectura barroca y regionalista. Destaca la casa de la <strong>calle San Sebasti\u00e1n, n\u00ba 16<\/strong>, con fachada de finales del <strong>siglo XVIII.<\/strong> As\u00ed mismo en la <strong>calle Cervantes<\/strong> se conservan otros tres ejemplos de fachadas de casa de esta centuria, algunas ya muy transformadas, una de las cuales, la del n\u00ba6 posee un interesante reloj solar. En la <strong>calle Clarines<\/strong> existen algunos ejemplos de <strong>fachadas ecl\u00e9cticas y modernistas de los siglos XIX y XX<\/strong>, las construidas por la burgues\u00eda de la localidad que se asent\u00f3 en esta calle tras su reurbanizaci\u00f3n a <strong>finales del siglo XIX y principios del XX.<\/strong><\/p><p><!-- \/wp:post-content --><!-- wp:paragraph -->En una de estas casas se conserva un <strong>Reloj de Sol<\/strong> que pasa por ser el m\u00e1s antiguo del pueblo. <strong>\u00a1B\u00fascalo!<\/strong> Se encuentra a la vista del caminante.<\/p>","protected":false},"excerpt":{"rendered":"<p>Beas conserva un peque\u00f1o conjunto de casas dom\u00e9sticas muy interesantes que son bellos ejemplos de [&hellip;]<\/p>\n","protected":false},"author":2,"featured_media":0,"parent":0,"menu_order":0,"comment_status":"closed","ping_status":"closed","template":"","meta":{"footnotes":""},"class_list":["post-1020","page","type-page","status-publish","hentry"],"jetpack_sharing_enabled":true,"_links":{"self":[{"href":"https:\/\/www.beasturismo.es\/index.php?rest_route=\/wp\/v2\/pages\/1020","targetHints":{"allow":["GET"]}}],"collection":[{"href":"https:\/\/www.beasturismo.es\/index.php?rest_route=\/wp\/v2\/pages"}],"about":[{"href":"https:\/\/www.beasturismo.es\/index.php?rest_route=\/wp\/v2\/types\/page"}],"author":[{"embeddable":true,"href":"https:\/\/www.beasturismo.es\/index.php?rest_route=\/wp\/v2\/users\/2"}],"replies":[{"embeddable":true,"href":"https:\/\/www.beasturismo.es\/index.php?rest_route=%2Fwp%2Fv2%2Fcomments&post=1020"}],"version-history":[{"count":4,"href":"https:\/\/www.beasturismo.es\/index.php?rest_route=\/wp\/v2\/pages\/1020\/revisions"}],"predecessor-version":[{"id":1024,"href":"https:\/\/www.beasturismo.es\/index.php?rest_route=\/wp\/v2\/pages\/1020\/revisions\/1024"}],"wp:attachment":[{"href":"https:\/\/www.beasturismo.es\/index.php?rest_route=%2Fwp%2Fv2%2Fmedia&parent=1020"}],"curies":[{"name":"wp","href":"https:\/\/api.w.org\/{rel}","templated":true}]}}