{"id":1030,"date":"2021-01-10T20:20:08","date_gmt":"2021-01-10T20:20:08","guid":{"rendered":"https:\/\/www.beasturismo.es\/?page_id=1030"},"modified":"2021-01-25T12:03:54","modified_gmt":"2021-01-25T12:03:54","slug":"casa-museo-de-venezuela-s-xxi","status":"publish","type":"page","link":"https:\/\/www.beasturismo.es\/?page_id=1030","title":{"rendered":"Casa Museo de Venezuela [S.XXI]"},"content":{"rendered":"<p><img decoding=\"async\" width=\"800\" height=\"400\" src=\"https:\/\/www.beasturismo.es\/wp-content\/uploads\/2020\/08\/CASA-MUSEO-DE-VENEZUELA-BEAS-HUELVA.jpg\" alt=\"\" loading=\"lazy\" srcset=\"https:\/\/www.beasturismo.es\/wp-content\/uploads\/2020\/08\/CASA-MUSEO-DE-VENEZUELA-BEAS-HUELVA.jpg 800w, https:\/\/www.beasturismo.es\/wp-content\/uploads\/2020\/08\/CASA-MUSEO-DE-VENEZUELA-BEAS-HUELVA-300x150.jpg 300w, https:\/\/www.beasturismo.es\/wp-content\/uploads\/2020\/08\/CASA-MUSEO-DE-VENEZUELA-BEAS-HUELVA-768x384.jpg 768w\" sizes=\"auto, (max-width: 800px) 100vw, 800px\" \/>\t\t\t\t\t\t\t\t\t\t\t<\/p>\n<p>Es una r\u00e9plica de las casas coloniales del Clarines de Venezuela y la creaci\u00f3n de la <strong>Casa Museo de Venezuela<\/strong> en Espa\u00f1a surge en el a\u00f1o 2000 como una propuesta que presenta la Fundaci\u00f3n Imagen, con sede en Clarines de Venezuela, al Ayuntamiento de Beas dentro del programa de cooperaci\u00f3n puesto en marcha tras el\u00a0<b>hermanamiento de ambas poblaciones (Beas y Clarines) en el a\u00f1o 1994<\/b>. Se pretend\u00eda crear una instituci\u00f3n muse\u00edstica vinculada a la diversidad cultural latinoamericana en Beas para potenciar los lazos de hermandad entre los dos continentes y las dos poblaciones.<\/p>\n<p>Su construcci\u00f3n se inici\u00f3 en marzo de 2003, en terreno ubicado en la calle Ram\u00f3n y Cajal, del centro urbano de Beas. <\/p>\n<p>El proyecto contempla dos fases de ejecuci\u00f3n del espacio cultural, de las cuales hasta el momento se ha realizado la primera de ellas. El proyecto inicial presenta dos espacios constructivos diferenciados: el \u201cedificio tradicional\u201d y el \u201cPabell\u00f3n de la Luz\u201d. El primero refleja la imagen tradicional de la casa colonial venezolana, realizada con elementos constructivos naturales como la madera noble, la ca\u00f1a y la teja y el suelo de barro cocido; el segundo por el contrario intenta, desde la abstracci\u00f3n, representar los valores del espacio en el tr\u00f3pico, a trav\u00e9s de formas modernas. El Edificio Tradicional es el ejemplo de la construcci\u00f3n del casco hist\u00f3rico de Clarines en Venezuela y es el que ahora puede ser visitado, albergando en su interior una colecci\u00f3n muse\u00edstica dedicada a conocer los lazos de hermandad entre los dos municipios, as\u00ed como a divulgar la cultura venezolana en nuestra tierra.<\/p>\n<p><strong>Adem\u00e1s en la Casa Museo tienen lugar otras actividades de car\u00e1cter temporal: exposiciones, charlas, cursos y otros eventos culturales que la convierten en la principal instituci\u00f3n cultural del municipio de Beas.<\/strong><\/p>\n","protected":false},"excerpt":{"rendered":"<p>Es una r\u00e9plica de las casas coloniales del Clarines de Venezuela y la creaci\u00f3n de [&hellip;]<\/p>\n","protected":false},"author":2,"featured_media":0,"parent":0,"menu_order":0,"comment_status":"closed","ping_status":"closed","template":"","meta":{"footnotes":""},"class_list":["post-1030","page","type-page","status-publish","hentry"],"jetpack_sharing_enabled":true,"_links":{"self":[{"href":"https:\/\/www.beasturismo.es\/index.php?rest_route=\/wp\/v2\/pages\/1030","targetHints":{"allow":["GET"]}}],"collection":[{"href":"https:\/\/www.beasturismo.es\/index.php?rest_route=\/wp\/v2\/pages"}],"about":[{"href":"https:\/\/www.beasturismo.es\/index.php?rest_route=\/wp\/v2\/types\/page"}],"author":[{"embeddable":true,"href":"https:\/\/www.beasturismo.es\/index.php?rest_route=\/wp\/v2\/users\/2"}],"replies":[{"embeddable":true,"href":"https:\/\/www.beasturismo.es\/index.php?rest_route=%2Fwp%2Fv2%2Fcomments&post=1030"}],"version-history":[{"count":4,"href":"https:\/\/www.beasturismo.es\/index.php?rest_route=\/wp\/v2\/pages\/1030\/revisions"}],"predecessor-version":[{"id":1035,"href":"https:\/\/www.beasturismo.es\/index.php?rest_route=\/wp\/v2\/pages\/1030\/revisions\/1035"}],"wp:attachment":[{"href":"https:\/\/www.beasturismo.es\/index.php?rest_route=%2Fwp%2Fv2%2Fmedia&parent=1030"}],"curies":[{"name":"wp","href":"https:\/\/api.w.org\/{rel}","templated":true}]}}