{"id":1039,"date":"2021-01-10T20:29:54","date_gmt":"2021-01-10T20:29:54","guid":{"rendered":"https:\/\/www.beasturismo.es\/?page_id=1039"},"modified":"2021-01-25T12:05:42","modified_gmt":"2021-01-25T12:05:42","slug":"pozo-del-concejo-s-xx","status":"publish","type":"page","link":"https:\/\/www.beasturismo.es\/?page_id=1039","title":{"rendered":"Pozo del Concejo [S.XX]"},"content":{"rendered":"<p><img decoding=\"async\" width=\"512\" height=\"341\" src=\"https:\/\/www.beasturismo.es\/wp-content\/uploads\/2020\/08\/pozo-concejo-beas-huelva-1.jpg\" alt=\"\" loading=\"lazy\" srcset=\"https:\/\/www.beasturismo.es\/wp-content\/uploads\/2020\/08\/pozo-concejo-beas-huelva-1.jpg 512w, https:\/\/www.beasturismo.es\/wp-content\/uploads\/2020\/08\/pozo-concejo-beas-huelva-1-300x200.jpg 300w\" sizes=\"auto, (max-width: 512px) 100vw, 512px\" \/>\t\t\t\t\t\t\t\t\t\t\t<\/p>\n<p>Este pozo, del cual se tienen datos hist\u00f3ricos, al menos desde el siglo XVIII, fue utilizado para el abastecimiento de agua a la poblaci\u00f3n. A mediados del siglo pasado, en 1954, fue ampliamente remodelado para cumplir las nuevas condiciones higi\u00e9nico-sanitarias de suministro de agua potable al pueblo. <\/p>\n<p>Un proceso similar sufrieron otros pozos-abrevaderos del casco urbano, como el de El Moreno o el Nuevo, hoy desaparecidos por las mala planificaci\u00f3n urban\u00edstica.<\/p>\n<p> A todos ellos hacia los a\u00f1os 50 del pasado siglo se le construyeron dep\u00f3sitos para potabilizar el agua, de ah\u00ed, la estructura actual de este pozo a modo de gran fachada-fuente de la que se surt\u00eda la poblaci\u00f3n.<\/p>\n","protected":false},"excerpt":{"rendered":"<p>Este pozo, del cual se tienen datos hist\u00f3ricos, al menos desde el siglo XVIII, fue [&hellip;]<\/p>\n","protected":false},"author":2,"featured_media":0,"parent":0,"menu_order":0,"comment_status":"closed","ping_status":"closed","template":"","meta":{"footnotes":""},"class_list":["post-1039","page","type-page","status-publish","hentry"],"jetpack_sharing_enabled":true,"_links":{"self":[{"href":"https:\/\/www.beasturismo.es\/index.php?rest_route=\/wp\/v2\/pages\/1039","targetHints":{"allow":["GET"]}}],"collection":[{"href":"https:\/\/www.beasturismo.es\/index.php?rest_route=\/wp\/v2\/pages"}],"about":[{"href":"https:\/\/www.beasturismo.es\/index.php?rest_route=\/wp\/v2\/types\/page"}],"author":[{"embeddable":true,"href":"https:\/\/www.beasturismo.es\/index.php?rest_route=\/wp\/v2\/users\/2"}],"replies":[{"embeddable":true,"href":"https:\/\/www.beasturismo.es\/index.php?rest_route=%2Fwp%2Fv2%2Fcomments&post=1039"}],"version-history":[{"count":4,"href":"https:\/\/www.beasturismo.es\/index.php?rest_route=\/wp\/v2\/pages\/1039\/revisions"}],"predecessor-version":[{"id":1044,"href":"https:\/\/www.beasturismo.es\/index.php?rest_route=\/wp\/v2\/pages\/1039\/revisions\/1044"}],"wp:attachment":[{"href":"https:\/\/www.beasturismo.es\/index.php?rest_route=%2Fwp%2Fv2%2Fmedia&parent=1039"}],"curies":[{"name":"wp","href":"https:\/\/api.w.org\/{rel}","templated":true}]}}