{"id":1055,"date":"2021-01-10T20:42:18","date_gmt":"2021-01-10T20:42:18","guid":{"rendered":"https:\/\/www.beasturismo.es\/?page_id=1055"},"modified":"2021-01-25T12:04:12","modified_gmt":"2021-01-25T12:04:12","slug":"casino-grande-circulo-cultural-y-recreativo-s-xx","status":"publish","type":"page","link":"https:\/\/www.beasturismo.es\/?page_id=1055","title":{"rendered":"Casino Grande. C\u00edrculo Cultural y Recreativo [S.XX]"},"content":{"rendered":"<p><strong>Casino Grande. C\u00edrculo Cultural y Recreativo\u00a0<\/strong><strong>[S. XX]<\/strong><\/p>\n<p>En la Plaza del pueblo y frente por frente al ayuntamiento \u00e9ste edificio ha sido el lugar de reuni\u00f3n de los grandes propietarios agr\u00edcolas del pueblo, edificado, con toda probabilidad en las primeras d\u00e9cadas del siglo XX como centro social de la \u00e9lite agr\u00edcola local.<\/p>\n","protected":false},"excerpt":{"rendered":"<p>Casino Grande. C\u00edrculo Cultural y Recreativo\u00a0[S. XX] En la Plaza del pueblo y frente por [&hellip;]<\/p>\n","protected":false},"author":2,"featured_media":0,"parent":0,"menu_order":0,"comment_status":"closed","ping_status":"closed","template":"","meta":{"footnotes":""},"class_list":["post-1055","page","type-page","status-publish","hentry"],"jetpack_sharing_enabled":true,"_links":{"self":[{"href":"https:\/\/www.beasturismo.es\/index.php?rest_route=\/wp\/v2\/pages\/1055","targetHints":{"allow":["GET"]}}],"collection":[{"href":"https:\/\/www.beasturismo.es\/index.php?rest_route=\/wp\/v2\/pages"}],"about":[{"href":"https:\/\/www.beasturismo.es\/index.php?rest_route=\/wp\/v2\/types\/page"}],"author":[{"embeddable":true,"href":"https:\/\/www.beasturismo.es\/index.php?rest_route=\/wp\/v2\/users\/2"}],"replies":[{"embeddable":true,"href":"https:\/\/www.beasturismo.es\/index.php?rest_route=%2Fwp%2Fv2%2Fcomments&post=1055"}],"version-history":[{"count":4,"href":"https:\/\/www.beasturismo.es\/index.php?rest_route=\/wp\/v2\/pages\/1055\/revisions"}],"predecessor-version":[{"id":1059,"href":"https:\/\/www.beasturismo.es\/index.php?rest_route=\/wp\/v2\/pages\/1055\/revisions\/1059"}],"wp:attachment":[{"href":"https:\/\/www.beasturismo.es\/index.php?rest_route=%2Fwp%2Fv2%2Fmedia&parent=1055"}],"curies":[{"name":"wp","href":"https:\/\/api.w.org\/{rel}","templated":true}]}}