{"id":1094,"date":"2021-01-10T21:37:11","date_gmt":"2021-01-10T21:37:11","guid":{"rendered":"https:\/\/www.beasturismo.es\/?page_id=1094"},"modified":"2021-01-25T12:05:07","modified_gmt":"2021-01-25T12:05:07","slug":"i-p-de-san-bartolome-apostol-s-xvi-xx","status":"publish","type":"page","link":"https:\/\/www.beasturismo.es\/?page_id=1094","title":{"rendered":"I.P de San Bartolom\u00e9 Ap\u00f3stol [S.XVI-XX]"},"content":{"rendered":"<p><img decoding=\"async\" width=\"1024\" height=\"657\" src=\"https:\/\/www.beasturismo.es\/wp-content\/uploads\/2020\/08\/Iglesia_Parroquial_de_San_Bartolom\u00e9_Ap\u00f3stol_lateral-1-1024x657.jpg\" alt=\"\" loading=\"lazy\" srcset=\"https:\/\/www.beasturismo.es\/wp-content\/uploads\/2020\/08\/Iglesia_Parroquial_de_San_Bartolom\u00e9_Ap\u00f3stol_lateral-1-1024x657.jpg 1024w, https:\/\/www.beasturismo.es\/wp-content\/uploads\/2020\/08\/Iglesia_Parroquial_de_San_Bartolom\u00e9_Ap\u00f3stol_lateral-1-300x193.jpg 300w, https:\/\/www.beasturismo.es\/wp-content\/uploads\/2020\/08\/Iglesia_Parroquial_de_San_Bartolom\u00e9_Ap\u00f3stol_lateral-1-768x493.jpg 768w, https:\/\/www.beasturismo.es\/wp-content\/uploads\/2020\/08\/Iglesia_Parroquial_de_San_Bartolom\u00e9_Ap\u00f3stol_lateral-1-1536x986.jpg 1536w, https:\/\/www.beasturismo.es\/wp-content\/uploads\/2020\/08\/Iglesia_Parroquial_de_San_Bartolom\u00e9_Ap\u00f3stol_lateral-1-2048x1315.jpg 2048w\" sizes=\"auto, (max-width: 1024px) 100vw, 1024px\" \/>\t\t\t\t\t\t\t\t\t\t\t<\/p>\n<p style=\"margin-top: 0cm; background: white;\">Este edificio religioso, situado en la cima de la colina sobre la que se asienta el pueblo de Beas, responde al caracter\u00edstico modelo de<b>\u00a0<\/b>templo g\u00f3tico-mud\u00e9jar sevillano, con Torre dieciochesca \u2013 siendo la m\u00e1s alta de la provincia de Huelva \u2013 es el mayor exponente del patrimonio religioso del municipio. <\/p>\n<p style=\"margin-top: 0cm; background: white;\">Posee planta rectangular, con tres naves y crucero. Las arquer\u00edas divisorias de las naves presentan arcos apuntados sobre pilares rectangulares. La nave central se cubre con techumbre de madera con decoraci\u00f3n de estrellas de ocho puntas. La capilla mayor est\u00e1 cubierta con b\u00f3veda de nervadura g\u00f3tica. Posee dos puertas de acceso, situadas en el centro de las naves laterales. La puerta del Sol, que abre a la Plaza, es de estilo mud\u00e9jar, realizada hacia 1500, con remate barroco. La otra, la de la Sombra o de las Novias, es de traza tardobarroca, del siglo XVIII.<\/p>\n<p style=\"margin-top: 0cm; background: white;\">La torre del templo se alza sobre la cabecera de la nave de la ep\u00edstola, se compone, como es usual en la comarca, de ca\u00f1a, cuerpo de campanas y chapitel. Por su trazado y formas puede afirmarse de que se trata de un campanario de finales del siglo XVIII, trazado, posiblemente, tras el terremoto de 1755, y, finalizado en 1829, fecha que aparece en la veleta que corona el chapitel de azulejer\u00eda bicolor que remata la torre.<\/p>\n<p style=\"margin-top: 0cm; background: white; box-sizing: border-box; margin-bottom: 1rem; font-variant-ligatures: normal; font-variant-caps: normal; orphans: 2; widows: 2; -webkit-text-stroke-width: 0px; word-spacing: 0px;\">El interior de la parroquia guarda un rico patrimonio art\u00edstico, con piezas muy destacadas. Entre ellas varias tallas en madera policromada del siglo XVI, como la\u00a0Virgen del Rosario, obra atribuida al c\u00edrculo de Roque Balduque, del segundo tercio del siglo XVI; el\u00a0Cristo de la Sangre, de mediados del siglo XVI y atribuido al mismo autor antes citado; la\u00a0Virgen de Gracia, realizada a fines del siglo XVI por Juan Bautista V\u00e1zquez, el Mozo, o Diego de Velasco; la talla de\u00a0San Bartolom\u00e9, titular de la parroquia, de la misma centuria y de autor desconocido. Del siglo XX destacan otras tallas ligadas a las hermandades de Semana Santa, como la de\u00a0Jes\u00fas Cautivo y Rescatado, ejecutada por Antonio Le\u00f3n Ortega en 1945 y la de la\u00a0Virgen de los Dolores, obra de Manuel Cerquera, realizada en 1955. Capilla del Hospital de Santa Mar\u00eda de Gracia. Siglo XVI.Iglesia Parroquial de San Bartolom\u00e9 Ap\u00f3stol<\/p>\n<p style=\"margin-top: 0cm; background: white; box-sizing: border-box; margin-bottom: 1rem; font-variant-ligatures: normal; font-variant-caps: normal; orphans: 2; widows: 2; -webkit-text-stroke-width: 0px; word-spacing: 0px;\">Del patrimonio pict\u00f3rico de la parroquia destaca el cuadro de\u00a0\u00c1nimas, pintado por Pedro G\u00f3mez en el primer tercio del siglo XX; el de\u00a0San Miguel venciendo al demonio, del siglo XVIII; y, sobre todo hay que citar dos obras de la escuela sevillana del siglo XVII, como son los lienzos de la\u00a0<b>Oraci\u00f3n en el Huerto<\/b>\u00a0y\u00a0<b>El Prendimiento<\/b>.<\/p>\n<p style=\"margin-top: 0cm; background: white; box-sizing: border-box; margin-bottom: 1rem; font-variant-ligatures: normal; font-variant-caps: normal; orphans: 2; widows: 2; -webkit-text-stroke-width: 0px; word-spacing: 0px;\">De los retablos de la iglesia destacan el de la cabecera de la nave del evangelio, reconstruido con fragmentos del antiguo retablo mayor que fue ejecutado en 1709 por Francisco de Barahona y destruido en julio de 1936.<\/p>\n","protected":false},"excerpt":{"rendered":"<p>Este edificio religioso, situado en la cima de la colina sobre la que se asienta [&hellip;]<\/p>\n","protected":false},"author":2,"featured_media":0,"parent":0,"menu_order":0,"comment_status":"closed","ping_status":"closed","template":"","meta":{"footnotes":""},"class_list":["post-1094","page","type-page","status-publish","hentry"],"jetpack_sharing_enabled":true,"_links":{"self":[{"href":"https:\/\/www.beasturismo.es\/index.php?rest_route=\/wp\/v2\/pages\/1094","targetHints":{"allow":["GET"]}}],"collection":[{"href":"https:\/\/www.beasturismo.es\/index.php?rest_route=\/wp\/v2\/pages"}],"about":[{"href":"https:\/\/www.beasturismo.es\/index.php?rest_route=\/wp\/v2\/types\/page"}],"author":[{"embeddable":true,"href":"https:\/\/www.beasturismo.es\/index.php?rest_route=\/wp\/v2\/users\/2"}],"replies":[{"embeddable":true,"href":"https:\/\/www.beasturismo.es\/index.php?rest_route=%2Fwp%2Fv2%2Fcomments&post=1094"}],"version-history":[{"count":4,"href":"https:\/\/www.beasturismo.es\/index.php?rest_route=\/wp\/v2\/pages\/1094\/revisions"}],"predecessor-version":[{"id":1099,"href":"https:\/\/www.beasturismo.es\/index.php?rest_route=\/wp\/v2\/pages\/1094\/revisions\/1099"}],"wp:attachment":[{"href":"https:\/\/www.beasturismo.es\/index.php?rest_route=%2Fwp%2Fv2%2Fmedia&parent=1094"}],"curies":[{"name":"wp","href":"https:\/\/api.w.org\/{rel}","templated":true}]}}