{"id":1137,"date":"2021-01-11T11:40:28","date_gmt":"2021-01-11T11:40:28","guid":{"rendered":"https:\/\/www.beasturismo.es\/?page_id=1137"},"modified":"2021-01-25T12:05:12","modified_gmt":"2021-01-25T12:05:12","slug":"iglesia-parroquial-de-san-jose-s-xx","status":"publish","type":"page","link":"https:\/\/www.beasturismo.es\/?page_id=1137","title":{"rendered":"Iglesia Parroquial de San Jos\u00e9 [S.XX]"},"content":{"rendered":"<p><img decoding=\"async\" width=\"768\" height=\"1111\" src=\"https:\/\/www.beasturismo.es\/wp-content\/uploads\/2021\/01\/Iglesia-parroquial-San-Jose-Obrero-Candon-scaled-e1610365810581-768x1111.jpg\" alt=\"\" loading=\"lazy\" srcset=\"https:\/\/www.beasturismo.es\/wp-content\/uploads\/2021\/01\/Iglesia-parroquial-San-Jose-Obrero-Candon-scaled-e1610365810581-768x1111.jpg 768w, https:\/\/www.beasturismo.es\/wp-content\/uploads\/2021\/01\/Iglesia-parroquial-San-Jose-Obrero-Candon-scaled-e1610365810581-207x300.jpg 207w, https:\/\/www.beasturismo.es\/wp-content\/uploads\/2021\/01\/Iglesia-parroquial-San-Jose-Obrero-Candon-scaled-e1610365810581-708x1024.jpg 708w, https:\/\/www.beasturismo.es\/wp-content\/uploads\/2021\/01\/Iglesia-parroquial-San-Jose-Obrero-Candon-scaled-e1610365810581-1062x1536.jpg 1062w, https:\/\/www.beasturismo.es\/wp-content\/uploads\/2021\/01\/Iglesia-parroquial-San-Jose-Obrero-Candon-scaled-e1610365810581-1416x2048.jpg 1416w, https:\/\/www.beasturismo.es\/wp-content\/uploads\/2021\/01\/Iglesia-parroquial-San-Jose-Obrero-Candon-scaled-e1610365810581.jpg 1632w\" sizes=\"auto, (max-width: 768px) 100vw, 768px\" \/>\t\t\t\t\t\t\t\t\t\t\t<\/p>\n<p>Cuya inauguraci\u00f3n tuvo lugar en 1917. <\/p>\n<p>Presenta un p\u00f3rtico de entrada formado por tres arcos de medio punto y cubierta a una sola vertiente. Sobre el mismo aparece una gran espada\u00f1a de recortado perfil, con tres vanos para las campanas. Los remates est\u00e1n formados por un tronco en forma de pir\u00e1mide en los laterales y front\u00f3n triangular en el centro con cruz de cerrajer\u00eda.<\/p>\n<p>El interior del templo tiene una sola nave y techumbre de cielo raso, fruto de la reforma realizada en el templo en 1971-72. La capilla mayor, acabada en testero plano, se cubre con b\u00f3veda va\u00edda. Adem\u00e1s a los pies de la iglesia se encuentra el coro, con antepecho de hierro moderno. <\/p>\n<p>Como piezas art\u00edsticas m\u00e1s destacadas en su interior se encuentran una escultura en madera policromada del\u00a0<strong>Coraz\u00f3n de Jes\u00fas<\/strong>, realizada por Manuel Cerquera en 1939, un\u00a0<strong>Crucifijo<\/strong>\u00a0de Antonio Le\u00f3n Ortega, realizado en 1980 y la imagen de\u00a0<strong>San Jos\u00e9<\/strong>\u00a0en madera tallada y policromada realizada en 1995 siguiendo el modelo de la anterior imagen procesional de serie.<\/p>\n","protected":false},"excerpt":{"rendered":"<p>Cuya inauguraci\u00f3n tuvo lugar en 1917. Presenta un p\u00f3rtico de entrada formado por tres arcos [&hellip;]<\/p>\n","protected":false},"author":2,"featured_media":0,"parent":0,"menu_order":0,"comment_status":"closed","ping_status":"closed","template":"","meta":{"footnotes":""},"class_list":["post-1137","page","type-page","status-publish","hentry"],"jetpack_sharing_enabled":true,"_links":{"self":[{"href":"https:\/\/www.beasturismo.es\/index.php?rest_route=\/wp\/v2\/pages\/1137","targetHints":{"allow":["GET"]}}],"collection":[{"href":"https:\/\/www.beasturismo.es\/index.php?rest_route=\/wp\/v2\/pages"}],"about":[{"href":"https:\/\/www.beasturismo.es\/index.php?rest_route=\/wp\/v2\/types\/page"}],"author":[{"embeddable":true,"href":"https:\/\/www.beasturismo.es\/index.php?rest_route=\/wp\/v2\/users\/2"}],"replies":[{"embeddable":true,"href":"https:\/\/www.beasturismo.es\/index.php?rest_route=%2Fwp%2Fv2%2Fcomments&post=1137"}],"version-history":[{"count":4,"href":"https:\/\/www.beasturismo.es\/index.php?rest_route=\/wp\/v2\/pages\/1137\/revisions"}],"predecessor-version":[{"id":1143,"href":"https:\/\/www.beasturismo.es\/index.php?rest_route=\/wp\/v2\/pages\/1137\/revisions\/1143"}],"wp:attachment":[{"href":"https:\/\/www.beasturismo.es\/index.php?rest_route=%2Fwp%2Fv2%2Fmedia&parent=1137"}],"curies":[{"name":"wp","href":"https:\/\/api.w.org\/{rel}","templated":true}]}}