{"id":1148,"date":"2021-01-11T11:58:55","date_gmt":"2021-01-11T11:58:55","guid":{"rendered":"https:\/\/www.beasturismo.es\/?page_id=1148"},"modified":"2021-01-25T12:05:23","modified_gmt":"2021-01-25T12:05:23","slug":"los-silos-del-cortijo-de-san-benito","status":"publish","type":"page","link":"https:\/\/www.beasturismo.es\/?page_id=1148","title":{"rendered":"Los Silos del Cortijo de San Benito"},"content":{"rendered":"<p><img decoding=\"async\" width=\"1024\" height=\"768\" src=\"https:\/\/www.beasturismo.es\/wp-content\/uploads\/2020\/07\/Silos-de-Cand\u00f3n-1024x768.jpg\" alt=\"\" loading=\"lazy\" srcset=\"https:\/\/www.beasturismo.es\/wp-content\/uploads\/2020\/07\/Silos-de-Cand\u00f3n-1024x768.jpg 1024w, https:\/\/www.beasturismo.es\/wp-content\/uploads\/2020\/07\/Silos-de-Cand\u00f3n-300x225.jpg 300w, https:\/\/www.beasturismo.es\/wp-content\/uploads\/2020\/07\/Silos-de-Cand\u00f3n-768x576.jpg 768w, https:\/\/www.beasturismo.es\/wp-content\/uploads\/2020\/07\/Silos-de-Cand\u00f3n-1536x1152.jpg 1536w, https:\/\/www.beasturismo.es\/wp-content\/uploads\/2020\/07\/Silos-de-Cand\u00f3n-2048x1536.jpg 2048w\" sizes=\"auto, (max-width: 1024px) 100vw, 1024px\" \/>\t\t\t\t\t\t\t\t\t\t\t<\/p>\n<p>\u00a0<\/p>\n<p>Fueron construidos como silos para guardar alfalfa.\u00a0No se sabe con certeza de qu\u00e9 a\u00f1o datan, los habitantes m\u00e1s viejos de Cand\u00f3n siempre los han conocido ya hechos, por eso podemos suponer que su antig\u00fcedad es superior a ochenta, noventa a\u00f1os o incluso un siglo.\u00a0En la d\u00e9cada de 1930 fueron reconvertidos en palomares y a\u00fan hoy siguen albergando a un buen n\u00famero de palomos.<\/p>\n<p>Todos est\u00e1n construidos con cemento armado y ladrillo macizo, con un grosor de pared entre ocho y diez cent\u00edmetros. El interior de algunos de ellos tiene, adosados a la pared, unos arcos de medio punto sobre pilares de cemento, para sostener los cientos de celdillas de ladrillos para los palomos. Y alej\u00e1ndonos de los caminos tambi\u00e9n podemos toparnos con los restos del viejo molino hidr\u00e1ulico del mismo nombre.<\/p>\n<p>Los ocho dep\u00f3sitos son cil\u00edndricos y acaban en su parte superior en forma c\u00f3nica. Ninguno es exactamente igual a los dem\u00e1s. Los mayores tienen m\u00e1s de seis metros de di\u00e1metro y m\u00e1s de ocho metros de altura, aunque hay que se\u00f1alar que la base interior de cada uno de ellos est\u00e1 a algo m\u00e1s de un metro por debajo del nivel del suelo. Esto quiere decir que los mayores pueden superar los 130 metros c\u00fabicos.<\/p>\n","protected":false},"excerpt":{"rendered":"<p>\u00a0 Fueron construidos como silos para guardar alfalfa.\u00a0No se sabe con certeza de qu\u00e9 a\u00f1o [&hellip;]<\/p>\n","protected":false},"author":2,"featured_media":0,"parent":0,"menu_order":0,"comment_status":"closed","ping_status":"closed","template":"","meta":{"footnotes":""},"class_list":["post-1148","page","type-page","status-publish","hentry"],"jetpack_sharing_enabled":true,"_links":{"self":[{"href":"https:\/\/www.beasturismo.es\/index.php?rest_route=\/wp\/v2\/pages\/1148","targetHints":{"allow":["GET"]}}],"collection":[{"href":"https:\/\/www.beasturismo.es\/index.php?rest_route=\/wp\/v2\/pages"}],"about":[{"href":"https:\/\/www.beasturismo.es\/index.php?rest_route=\/wp\/v2\/types\/page"}],"author":[{"embeddable":true,"href":"https:\/\/www.beasturismo.es\/index.php?rest_route=\/wp\/v2\/users\/2"}],"replies":[{"embeddable":true,"href":"https:\/\/www.beasturismo.es\/index.php?rest_route=%2Fwp%2Fv2%2Fcomments&post=1148"}],"version-history":[{"count":4,"href":"https:\/\/www.beasturismo.es\/index.php?rest_route=\/wp\/v2\/pages\/1148\/revisions"}],"predecessor-version":[{"id":1153,"href":"https:\/\/www.beasturismo.es\/index.php?rest_route=\/wp\/v2\/pages\/1148\/revisions\/1153"}],"wp:attachment":[{"href":"https:\/\/www.beasturismo.es\/index.php?rest_route=%2Fwp%2Fv2%2Fmedia&parent=1148"}],"curies":[{"name":"wp","href":"https:\/\/api.w.org\/{rel}","templated":true}]}}