{"id":115,"date":"2020-07-07T11:40:29","date_gmt":"2020-07-07T11:40:29","guid":{"rendered":"https:\/\/www.beasturismo.es\/?page_id=115"},"modified":"2021-01-25T12:37:57","modified_gmt":"2021-01-25T12:37:57","slug":"carnavales","status":"publish","type":"page","link":"https:\/\/www.beasturismo.es\/?page_id=115","title":{"rendered":"Carnavales"},"content":{"rendered":"<p style=\"text-align: center;\"><strong>\u00a1Ya no hay nada que pueda robar mi sonrisa, es Carnaval y solo tengo tiempo para la alegr\u00eda!<\/strong><\/p>\n<figure><img decoding=\"async\" src=\"https:\/\/www.beasturismo.es\/wp-content\/uploads\/2021\/01\/Carnavales-Beas-Huelva-17-300x225.jpg\" alt=\"Carnavales Beas \/ Pasacalles\" \/><\/figure>\n<figure><img decoding=\"async\" src=\"https:\/\/www.beasturismo.es\/wp-content\/uploads\/2021\/01\/Carnavales-Beas-Huelva-5-300x225.jpg\" alt=\"Carnavales Beas \/ Pasacalles\" \/><\/figure>\n<figure><img decoding=\"async\" src=\"https:\/\/www.beasturismo.es\/wp-content\/uploads\/2021\/01\/Carnavales-Beas-Huelva-11-300x225.jpg\" alt=\"Carnavales Beas \/ Pasacalles\" \/><\/figure>\n<figure><img decoding=\"async\" src=\"https:\/\/www.beasturismo.es\/wp-content\/uploads\/2021\/01\/Carnavales-Beas-Huelva-14-300x225.jpg\" alt=\"Carnavales Beas \/ Pasacalles\" \/><\/figure>\n<figure><img decoding=\"async\" src=\"https:\/\/www.beasturismo.es\/wp-content\/uploads\/2021\/01\/Carnavales-Beas-Huelva-8-300x225.jpg\" alt=\"Carnavales Beas \/ Pasacalles\" \/><\/figure>\n<figure><img decoding=\"async\" src=\"https:\/\/www.beasturismo.es\/wp-content\/uploads\/2021\/01\/Carnavales-Beas-Huelva-15-300x225.jpg\" alt=\"Carnavales Beas \/ Pasacalles\" \/><\/figure>\n<figure><img decoding=\"async\" src=\"https:\/\/www.beasturismo.es\/wp-content\/uploads\/2021\/01\/Carnavales-Beas-Huelva-9-300x225.jpg\" alt=\"Carnavales Beas \/ Pasacalles\" \/><\/figure>\n<figure><img decoding=\"async\" src=\"https:\/\/www.beasturismo.es\/wp-content\/uploads\/2021\/01\/Carnavales-Beas-Huelva-10-300x225.jpg\" alt=\"Carnavales Beas \/ Pasacalles\" \/><\/figure>\n<figure><img decoding=\"async\" src=\"https:\/\/www.beasturismo.es\/wp-content\/uploads\/2021\/01\/Carnavales-Beas-Huelva-16-300x225.jpg\" alt=\"Carnavales Beas \/ Pasacalles\" \/><\/figure>\n<figure><img decoding=\"async\" src=\"https:\/\/www.beasturismo.es\/wp-content\/uploads\/2021\/01\/Carnavales-Beas-Huelva-13-300x225.jpg\" alt=\"Carnavales Beas \/ Pasacalles\" \/><\/figure>\n<figure><img decoding=\"async\" src=\"https:\/\/www.beasturismo.es\/wp-content\/uploads\/2021\/01\/Carnavales-Beas-Huelva-12-300x225.jpg\" alt=\"Carnavales Beas \/ Pasacalles\" \/><\/figure>\n<figure><img decoding=\"async\" src=\"https:\/\/www.beasturismo.es\/wp-content\/uploads\/2021\/01\/Carnavales-Beas-Huelva-7-300x225.jpg\" alt=\"Carnavales Beas \/ Pasacalles\" \/><\/figure>\n<figure><img decoding=\"async\" src=\"https:\/\/www.beasturismo.es\/wp-content\/uploads\/2021\/01\/Carnavales-Beas-Huelva-6-300x225.jpg\" alt=\"Carnavales Beas \/ Pasacalles\" \/><\/figure>\n<figure><img decoding=\"async\" src=\"https:\/\/www.beasturismo.es\/wp-content\/uploads\/2021\/01\/Carnavales-Beas-Huelva-3-300x225.jpg\" alt=\"Carnavales Beas \/ Pasacalles\" \/><\/figure>\n<figure><img decoding=\"async\" src=\"https:\/\/www.beasturismo.es\/wp-content\/uploads\/2021\/01\/Carnavales-Beas-Huelva-2-300x225.jpg\" alt=\"Carnavales Beas \/ Pasacalles\" \/><\/figure>\n<figure><img decoding=\"async\" src=\"https:\/\/www.beasturismo.es\/wp-content\/uploads\/2021\/01\/Carnavales-Beas-Huelva-1-300x225.jpg\" alt=\"Carnavales Beas \/ Pasacalles\" \/><\/figure>\n<figure><img decoding=\"async\" src=\"https:\/\/www.beasturismo.es\/wp-content\/uploads\/2021\/01\/Carnavales-Beas-Huelva-4-300x225.jpg\" alt=\"Carnavales Beas \/ Pasacalles\" \/><\/figure>\n<p>\t\t\t\t\t\tAnterior<br \/>\n\t\t\t\t\t\tSiguiente<\/p>\n<p style=\"margin-top: 0cm; background: white;\">El carnaval es una de las fiestas m\u00e1s divertidas que existen. En todo el mundo la gente se disfraza, baila, celebra, r\u00ede y, por un rato, se olvida de sus problemas. Existen grandes carnavales en varias partes del mundo, pero es que en mi pueblo es divertido, es amigo\u2026es especial y con mucho ritmo.<\/p>\n<p style=\"margin-top: 0cm; background: white;\"><strong>La tradici\u00f3n es que cada reuni\u00f3n se disfrace de una misma tem\u00e1tica o de un mismo motivo. D\u00e1ndole misterio los meses de antes, ya que todo el mundo lo guarda como secreto.<\/strong><\/p>\n<p style=\"margin-top: 0cm; background: white;\">No hay un d\u00eda espec\u00edfico en el calendario. Se celebra entre mediados de <strong>Febrero<\/strong> y primeros de <strong>Marzo<\/strong>, var\u00eda seg\u00fan el a\u00f1o. <strong>La fiesta empieza sobre las 17.00 h con un pasacalles<\/strong>. Todo el mundo disfrazado va al ritmo de la m\u00fasica cantando y bailando, desprendiendo alegr\u00eda por cada esquina. Pero despu\u00e9s de hacer el recorrido la fiesta no termina ah\u00ed, sino con un baile de disfraces donde el mejor disfraz individual o grupal recibir\u00e1 un premio.<\/p>\n<p>https:\/\/www.youtube.com\/watch?v=uaZoajkutG8<\/p>\n<p>Ya lo dec\u00eda Celia Cruz:<\/p>\n<p>Todo aquel que piense que la vida es desigual tiene que saber que no es as\u00ed que la vida es una hermosura. Hay que vivirla&#8230;Todo aquel que piense que est\u00e1 solo y que est\u00e1 mal tiene que saber que no es as\u00ed que en la vida no hay nadie solo. Siempre hay alguien.<\/p>\n<p>Ay, no hay que llorar<br \/>Que la vida es un carnaval<br \/>Que es m\u00e1s bello vivir cantando<br \/>Oh oh oh ay, no hay que llorar\u00a0<br \/>Que la vida es una carnaval<br \/>Y las penas se van cantando<\/p>\n<p>\u00a0<\/p>\n","protected":false},"excerpt":{"rendered":"<p>\u00a1Ya no hay nada que pueda robar mi sonrisa, es Carnaval y solo tengo tiempo [&hellip;]<\/p>\n","protected":false},"author":2,"featured_media":0,"parent":0,"menu_order":0,"comment_status":"closed","ping_status":"closed","template":"","meta":{"footnotes":""},"class_list":["post-115","page","type-page","status-publish","hentry"],"jetpack_sharing_enabled":true,"_links":{"self":[{"href":"https:\/\/www.beasturismo.es\/index.php?rest_route=\/wp\/v2\/pages\/115","targetHints":{"allow":["GET"]}}],"collection":[{"href":"https:\/\/www.beasturismo.es\/index.php?rest_route=\/wp\/v2\/pages"}],"about":[{"href":"https:\/\/www.beasturismo.es\/index.php?rest_route=\/wp\/v2\/types\/page"}],"author":[{"embeddable":true,"href":"https:\/\/www.beasturismo.es\/index.php?rest_route=\/wp\/v2\/users\/2"}],"replies":[{"embeddable":true,"href":"https:\/\/www.beasturismo.es\/index.php?rest_route=%2Fwp%2Fv2%2Fcomments&post=115"}],"version-history":[{"count":5,"href":"https:\/\/www.beasturismo.es\/index.php?rest_route=\/wp\/v2\/pages\/115\/revisions"}],"predecessor-version":[{"id":1368,"href":"https:\/\/www.beasturismo.es\/index.php?rest_route=\/wp\/v2\/pages\/115\/revisions\/1368"}],"wp:attachment":[{"href":"https:\/\/www.beasturismo.es\/index.php?rest_route=%2Fwp%2Fv2%2Fmedia&parent=115"}],"curies":[{"name":"wp","href":"https:\/\/api.w.org\/{rel}","templated":true}]}}