{"id":1156,"date":"2021-01-11T12:04:34","date_gmt":"2021-01-11T12:04:34","guid":{"rendered":"https:\/\/www.beasturismo.es\/?page_id=1156"},"modified":"2021-01-25T12:06:31","modified_gmt":"2021-01-25T12:06:31","slug":"viejo-molino-de-aceite-s-xx","status":"publish","type":"page","link":"https:\/\/www.beasturismo.es\/?page_id=1156","title":{"rendered":"Viejo Molino de Aceite [S.XX]"},"content":{"rendered":"<p>Presenta un arco de acceso rebajado con cancela de hierro forjado con remates laterales tronco c\u00f3nicos y central a modo de front\u00f3n trilobulado. Hay que tener en cuenta que la Cooperativa del Campo Nuestra Se\u00f1ora del Reposo (Aceites Cand\u00f3n) sigue produciendo uno de los mejores <b>AOVE<\/b>, junto con el de Beas, de la provincia de Huelva.<\/p>\n","protected":false},"excerpt":{"rendered":"<p>Presenta un arco de acceso rebajado con cancela de hierro forjado con remates laterales tronco [&hellip;]<\/p>\n","protected":false},"author":2,"featured_media":0,"parent":0,"menu_order":0,"comment_status":"closed","ping_status":"closed","template":"","meta":{"footnotes":""},"class_list":["post-1156","page","type-page","status-publish","hentry"],"jetpack_sharing_enabled":true,"_links":{"self":[{"href":"https:\/\/www.beasturismo.es\/index.php?rest_route=\/wp\/v2\/pages\/1156","targetHints":{"allow":["GET"]}}],"collection":[{"href":"https:\/\/www.beasturismo.es\/index.php?rest_route=\/wp\/v2\/pages"}],"about":[{"href":"https:\/\/www.beasturismo.es\/index.php?rest_route=\/wp\/v2\/types\/page"}],"author":[{"embeddable":true,"href":"https:\/\/www.beasturismo.es\/index.php?rest_route=\/wp\/v2\/users\/2"}],"replies":[{"embeddable":true,"href":"https:\/\/www.beasturismo.es\/index.php?rest_route=%2Fwp%2Fv2%2Fcomments&post=1156"}],"version-history":[{"count":4,"href":"https:\/\/www.beasturismo.es\/index.php?rest_route=\/wp\/v2\/pages\/1156\/revisions"}],"predecessor-version":[{"id":1161,"href":"https:\/\/www.beasturismo.es\/index.php?rest_route=\/wp\/v2\/pages\/1156\/revisions\/1161"}],"wp:attachment":[{"href":"https:\/\/www.beasturismo.es\/index.php?rest_route=%2Fwp%2Fv2%2Fmedia&parent=1156"}],"curies":[{"name":"wp","href":"https:\/\/api.w.org\/{rel}","templated":true}]}}