{"id":1181,"date":"2021-01-11T12:34:12","date_gmt":"2021-01-11T12:34:12","guid":{"rendered":"https:\/\/www.beasturismo.es\/?page_id=1181"},"modified":"2021-01-25T12:04:58","modified_gmt":"2021-01-25T12:04:58","slug":"i-p-de-ntra-sra-de-la-salud-s-xx","status":"publish","type":"page","link":"https:\/\/www.beasturismo.es\/?page_id=1181","title":{"rendered":"I.P de Ntra Sra de la Salud [S.XX]"},"content":{"rendered":"<p><img decoding=\"async\" width=\"1024\" height=\"654\" src=\"https:\/\/www.beasturismo.es\/wp-content\/uploads\/2020\/08\/azulejo-parroquia-de-nuestra-se\u00f1ora-de-la-salud-1024x654.jpg\" alt=\"\" loading=\"lazy\" srcset=\"https:\/\/www.beasturismo.es\/wp-content\/uploads\/2020\/08\/azulejo-parroquia-de-nuestra-se\u00f1ora-de-la-salud-1024x654.jpg 1024w, https:\/\/www.beasturismo.es\/wp-content\/uploads\/2020\/08\/azulejo-parroquia-de-nuestra-se\u00f1ora-de-la-salud-300x192.jpg 300w, https:\/\/www.beasturismo.es\/wp-content\/uploads\/2020\/08\/azulejo-parroquia-de-nuestra-se\u00f1ora-de-la-salud-768x491.jpg 768w, https:\/\/www.beasturismo.es\/wp-content\/uploads\/2020\/08\/azulejo-parroquia-de-nuestra-se\u00f1ora-de-la-salud-1536x981.jpg 1536w, https:\/\/www.beasturismo.es\/wp-content\/uploads\/2020\/08\/azulejo-parroquia-de-nuestra-se\u00f1ora-de-la-salud-2048x1309.jpg 2048w\" sizes=\"auto, (max-width: 1024px) 100vw, 1024px\" \/>\t\t\t\t\t\t\t\t\t\t\t<\/p>\n<p>Cuya construcci\u00f3n es de fractura moderna, realizada entre 1960 y 1966 por los maestros alba\u00f1iles Jos\u00e9 Cano Garc\u00eda y Jos\u00e9 Fern\u00e1ndez Moreno de Valverde del Camino. Presenta tres naves, separadas por arcos de medio punto, con cubierta a dos aguas y cabeceras de b\u00f3veda de ca\u00f1\u00f3n. Para la entrada al templo se ha dispuesto un porche, con arco central rebajado y dos medios arcos laterales. Sobre el mismo aparece un front\u00f3n trilobular y pi\u00f1\u00f3n central con cruz de cerrajer\u00eda. En el mismo aparecen tres pa\u00f1os de azulejos dedicados a la Virgen de Clarines, San Juan Bautista y San Bartolom\u00e9.<\/p>\n<p>La iglesia conserva en su interior como bienes m\u00e1s preciados la imagen de <strong>Ntra. Sra. de la Salud<\/strong>, obra an\u00f3nima de candelero para vestir de hacia 1880; La torre fue realizada por el arquitecto sevillano Rafael Herrera, seg\u00fan proyecto fechado en 1976, siendo concluida en 1980. En \u00e9sta aparece un <strong>azulejo pol\u00edcromo de San Rafael<\/strong>, realizado en el siglo XIX.<\/p>\n<p><strong>MISAS:\u00a0<\/strong>Domingos a las 11.30 h<\/p>\n","protected":false},"excerpt":{"rendered":"<p>Cuya construcci\u00f3n es de fractura moderna, realizada entre 1960 y 1966 por los maestros alba\u00f1iles [&hellip;]<\/p>\n","protected":false},"author":2,"featured_media":0,"parent":0,"menu_order":0,"comment_status":"closed","ping_status":"closed","template":"","meta":{"footnotes":""},"class_list":["post-1181","page","type-page","status-publish","hentry"],"jetpack_sharing_enabled":true,"_links":{"self":[{"href":"https:\/\/www.beasturismo.es\/index.php?rest_route=\/wp\/v2\/pages\/1181","targetHints":{"allow":["GET"]}}],"collection":[{"href":"https:\/\/www.beasturismo.es\/index.php?rest_route=\/wp\/v2\/pages"}],"about":[{"href":"https:\/\/www.beasturismo.es\/index.php?rest_route=\/wp\/v2\/types\/page"}],"author":[{"embeddable":true,"href":"https:\/\/www.beasturismo.es\/index.php?rest_route=\/wp\/v2\/users\/2"}],"replies":[{"embeddable":true,"href":"https:\/\/www.beasturismo.es\/index.php?rest_route=%2Fwp%2Fv2%2Fcomments&post=1181"}],"version-history":[{"count":7,"href":"https:\/\/www.beasturismo.es\/index.php?rest_route=\/wp\/v2\/pages\/1181\/revisions"}],"predecessor-version":[{"id":1199,"href":"https:\/\/www.beasturismo.es\/index.php?rest_route=\/wp\/v2\/pages\/1181\/revisions\/1199"}],"wp:attachment":[{"href":"https:\/\/www.beasturismo.es\/index.php?rest_route=%2Fwp%2Fv2%2Fmedia&parent=1181"}],"curies":[{"name":"wp","href":"https:\/\/api.w.org\/{rel}","templated":true}]}}