{"id":1203,"date":"2021-01-11T12:47:46","date_gmt":"2021-01-11T12:47:46","guid":{"rendered":"https:\/\/www.beasturismo.es\/?page_id=1203"},"modified":"2021-01-25T12:04:44","modified_gmt":"2021-01-25T12:04:44","slug":"ermitas-de-las-mercedes","status":"publish","type":"page","link":"https:\/\/www.beasturismo.es\/?page_id=1203","title":{"rendered":"Ermitas de las Mercedes"},"content":{"rendered":"<p><img decoding=\"async\" width=\"500\" height=\"333\" src=\"https:\/\/www.beasturismo.es\/wp-content\/uploads\/2020\/08\/ERMITA-DE-LAS-MERCEDES-ANTIGUA-MARINA-ROSILLO-OTA\u00d1O-1-1.jpg\" alt=\"\" loading=\"lazy\" srcset=\"https:\/\/www.beasturismo.es\/wp-content\/uploads\/2020\/08\/ERMITA-DE-LAS-MERCEDES-ANTIGUA-MARINA-ROSILLO-OTA\u00d1O-1-1.jpg 500w, https:\/\/www.beasturismo.es\/wp-content\/uploads\/2020\/08\/ERMITA-DE-LAS-MERCEDES-ANTIGUA-MARINA-ROSILLO-OTA\u00d1O-1-1-300x200.jpg 300w\" sizes=\"auto, (max-width: 500px) 100vw, 500px\" \/>\t\t\t\t\t\t\t\t\t\t\t<\/p>\n<p><strong>Ermita de las Mercedes<\/strong> [S.XVIII]<br \/>[1era foto: Antig\u00fca Ermita de las Mercedes]<\/p>\n<p>En el Barrio Alto, la ermita, muy sencilla, presenta una nave con techumbre de madera a dos aguas, compuesta por vigas con tablaz\u00f3n. La fachada, encalada, presenta en el v\u00e9rtice superior una espada\u00f1a con un solo vano que alberga una campana, rematada en una estructura angular con cruz de cerrajer\u00eda.<\/p>\n<p>Del interior de la ermita destacan como obras m\u00e1s interesantes las siguientes: la\u00a0<strong>Virgen de las Mercedes<\/strong>, titular de la misma y patrona del lugar, que es una talla en madera estofada y policromada, vestida con h\u00e1bito de la Merced, realizada en 1992 por Joaqu\u00edn Moreno Daza, seg\u00fan modelo de la anterior escultura que era de serie.<\/p>\n<p>\t\t\t\t\t\t\t\t\t\t<img decoding=\"async\" width=\"500\" height=\"333\" src=\"https:\/\/www.beasturismo.es\/wp-content\/uploads\/2020\/08\/ERMITA-DE-LAS-MERCEDES-NUEVA-MARINA-ROSILLO-OTA\u00d1O-1-1.jpg\" alt=\"\" loading=\"lazy\" srcset=\"https:\/\/www.beasturismo.es\/wp-content\/uploads\/2020\/08\/ERMITA-DE-LAS-MERCEDES-NUEVA-MARINA-ROSILLO-OTA\u00d1O-1-1.jpg 500w, https:\/\/www.beasturismo.es\/wp-content\/uploads\/2020\/08\/ERMITA-DE-LAS-MERCEDES-NUEVA-MARINA-ROSILLO-OTA\u00d1O-1-1-300x200.jpg 300w\" sizes=\"auto, (max-width: 500px) 100vw, 500px\" \/>\t\t\t\t\t\t\t\t\t\t\t<\/p>\n<p>Junto a la talla de la Virgen es de admirar un<strong> lienzo de\u00a0Ntra. Sra. del Reposo<\/strong>, patrona de Valverde del Camino, de fines del siglo XVIII. La Virgen est\u00e1 flanqueada por dos \u00e1ngeles que sostienen la media luna y sendas cartelas que dicen: \u201cTU HONORIFICENTIA POPULI NOSTRI\u201d.<\/p>\n<p>En las proximidades de la aldea, tambi\u00e9n podemos encontrarnos con un ejemplo de <strong>cruz de camino<\/strong>, erigida, como hemos visto anteriormente, en memoria de alg\u00fan vecino fallecido en el lugar. <strong>El pilar<\/strong> de la misma destaca por tener forma de cilindro cortado por un plano que deja su cara principal plana. En el mismo aparece un <strong>azulejo dedicado a la Virgen del Reposo de cer\u00e1mica Santa Ana de Sevilla.<\/strong><\/p>\n<p><strong>MISAS: <\/strong>Domingos a las 10.30 h<\/p>\n","protected":false},"excerpt":{"rendered":"<p>Ermita de las Mercedes [S.XVIII][1era foto: Antig\u00fca Ermita de las Mercedes] En el Barrio Alto, [&hellip;]<\/p>\n","protected":false},"author":2,"featured_media":0,"parent":0,"menu_order":0,"comment_status":"closed","ping_status":"closed","template":"","meta":{"footnotes":""},"class_list":["post-1203","page","type-page","status-publish","hentry"],"jetpack_sharing_enabled":true,"_links":{"self":[{"href":"https:\/\/www.beasturismo.es\/index.php?rest_route=\/wp\/v2\/pages\/1203","targetHints":{"allow":["GET"]}}],"collection":[{"href":"https:\/\/www.beasturismo.es\/index.php?rest_route=\/wp\/v2\/pages"}],"about":[{"href":"https:\/\/www.beasturismo.es\/index.php?rest_route=\/wp\/v2\/types\/page"}],"author":[{"embeddable":true,"href":"https:\/\/www.beasturismo.es\/index.php?rest_route=\/wp\/v2\/users\/2"}],"replies":[{"embeddable":true,"href":"https:\/\/www.beasturismo.es\/index.php?rest_route=%2Fwp%2Fv2%2Fcomments&post=1203"}],"version-history":[{"count":4,"href":"https:\/\/www.beasturismo.es\/index.php?rest_route=\/wp\/v2\/pages\/1203\/revisions"}],"predecessor-version":[{"id":1211,"href":"https:\/\/www.beasturismo.es\/index.php?rest_route=\/wp\/v2\/pages\/1203\/revisions\/1211"}],"wp:attachment":[{"href":"https:\/\/www.beasturismo.es\/index.php?rest_route=%2Fwp%2Fv2%2Fmedia&parent=1203"}],"curies":[{"name":"wp","href":"https:\/\/api.w.org\/{rel}","templated":true}]}}