{"id":1219,"date":"2021-01-11T13:07:20","date_gmt":"2021-01-11T13:07:20","guid":{"rendered":"https:\/\/www.beasturismo.es\/?page_id=1219"},"modified":"2021-01-25T12:04:32","modified_gmt":"2021-01-25T12:04:32","slug":"el-cautivo-y-sm-del-amor","status":"publish","type":"page","link":"https:\/\/www.beasturismo.es\/?page_id=1219","title":{"rendered":"El Cautivo y SM del Amor"},"content":{"rendered":"<p><img decoding=\"async\" width=\"683\" height=\"1024\" src=\"https:\/\/www.beasturismo.es\/wp-content\/uploads\/2020\/07\/cautivom-683x1024.jpg\" alt=\"\" loading=\"lazy\" srcset=\"https:\/\/www.beasturismo.es\/wp-content\/uploads\/2020\/07\/cautivom-683x1024.jpg 683w, https:\/\/www.beasturismo.es\/wp-content\/uploads\/2020\/07\/cautivom-200x300.jpg 200w, https:\/\/www.beasturismo.es\/wp-content\/uploads\/2020\/07\/cautivom-768x1152.jpg 768w, https:\/\/www.beasturismo.es\/wp-content\/uploads\/2020\/07\/cautivom-1024x1536.jpg 1024w, https:\/\/www.beasturismo.es\/wp-content\/uploads\/2020\/07\/cautivom-1365x2048.jpg 1365w, https:\/\/www.beasturismo.es\/wp-content\/uploads\/2020\/07\/cautivom-scaled.jpg 1707w\" sizes=\"auto, (max-width: 683px) 100vw, 683px\" \/>\t\t\t\t\t\t\t\t\t\t\t<\/p>\n<p><strong>Hermandad Sacramental y Cofrad\u00eda de Nazarenos de Ntro. Padre Jes\u00fas Cautivo y Rescatado <\/strong>[<em>El Cautivo<\/em>]<strong>, Mar\u00eda Sant\u00edsima del Amor y Santa \u00c1ngela de la Cruz <\/strong><\/p>\n<p><strong>Salida:<\/strong> Jueves Santo a las 20:30 horas.<\/p>\n<p><strong>Im\u00e1genes:<\/strong> Jes\u00fas Cautivo (<em>Le\u00f3n Ortega, 1947<\/em>) y Mar\u00eda Sant\u00edsima del Amor (<em>Jos\u00e9 Luis Delgado, 2002<\/em>).<\/p>\n<p><strong>Pasos:<\/strong> El paso del Cautivo est\u00e1 realizado con madera de caoba con faroles y cartelas de plata. El paso de la Virgen del Amor, en proceso de realizaci\u00f3n, consta de piezas de orfebrer\u00eda y terciopelo de color azul pavo.<\/p>\n<p><strong>Acompa\u00f1amiento musical: <\/strong>Agrupaci\u00f3n Musical en el Cristo y Banda de M\u00fasica en la Virgen.<\/p>\n<p><strong>Penitentes: <\/strong>T\u00fanica y capa blanca, botonadura, cingulo y capirote azul marino.<\/p>\n<p><strong>Curiosidades:<\/strong> La Virgen del Amor es la \u00fanica llevada por una cuadrilla de mujeres costaleras; 1\u00aa Hermandad de Beas en recibir la Medalla del municipio.<\/p>\n<p>Al tener car\u00e1cter sacramental es la organizadora de la Procesi\u00f3n del Corpus; Recientemente se ha rotulado una calle en Beas con el nombre de Jes\u00fas Cautivo.<\/p>\n","protected":false},"excerpt":{"rendered":"<p>Hermandad Sacramental y Cofrad\u00eda de Nazarenos de Ntro. Padre Jes\u00fas Cautivo y Rescatado [El Cautivo], [&hellip;]<\/p>\n","protected":false},"author":2,"featured_media":0,"parent":0,"menu_order":0,"comment_status":"closed","ping_status":"closed","template":"","meta":{"footnotes":""},"class_list":["post-1219","page","type-page","status-publish","hentry"],"jetpack_sharing_enabled":true,"_links":{"self":[{"href":"https:\/\/www.beasturismo.es\/index.php?rest_route=\/wp\/v2\/pages\/1219","targetHints":{"allow":["GET"]}}],"collection":[{"href":"https:\/\/www.beasturismo.es\/index.php?rest_route=\/wp\/v2\/pages"}],"about":[{"href":"https:\/\/www.beasturismo.es\/index.php?rest_route=\/wp\/v2\/types\/page"}],"author":[{"embeddable":true,"href":"https:\/\/www.beasturismo.es\/index.php?rest_route=\/wp\/v2\/users\/2"}],"replies":[{"embeddable":true,"href":"https:\/\/www.beasturismo.es\/index.php?rest_route=%2Fwp%2Fv2%2Fcomments&post=1219"}],"version-history":[{"count":7,"href":"https:\/\/www.beasturismo.es\/index.php?rest_route=\/wp\/v2\/pages\/1219\/revisions"}],"predecessor-version":[{"id":1230,"href":"https:\/\/www.beasturismo.es\/index.php?rest_route=\/wp\/v2\/pages\/1219\/revisions\/1230"}],"wp:attachment":[{"href":"https:\/\/www.beasturismo.es\/index.php?rest_route=%2Fwp%2Fv2%2Fmedia&parent=1219"}],"curies":[{"name":"wp","href":"https:\/\/api.w.org\/{rel}","templated":true}]}}