{"id":124,"date":"2020-07-07T11:50:53","date_gmt":"2020-07-07T11:50:53","guid":{"rendered":"https:\/\/www.beasturismo.es\/?page_id=124"},"modified":"2021-01-26T08:07:17","modified_gmt":"2021-01-26T08:07:17","slug":"eleccion-de-la-romera-mayor","status":"publish","type":"page","link":"https:\/\/www.beasturismo.es\/?page_id=124","title":{"rendered":"Romera Mayor"},"content":{"rendered":"<p><strong>\u00a1Viva Clarines! \u00a1Viva!<\/strong><\/p>\n<p><!-- \/wp:post-content --><!-- wp:paragraph --><\/p>\t\t\n\t\t\t\t<a data-elementor-open-lightbox=\"yes\" data-elementor-lightbox-slideshow=\"b56f56c\" data-elementor-lightbox-title=\"Romera Mayor - Damas - 1970\" href=\"https:\/\/www.beasturismo.es\/wp-content\/uploads\/2021\/01\/Romera-Mayor-Damas-1970.jpg\"><figure><img decoding=\"async\" src=\"https:\/\/www.beasturismo.es\/wp-content\/uploads\/2021\/01\/Romera-Mayor-Damas-1970-300x214.jpg\" alt=\"Damas 1970\" \/><\/figure><\/a><a data-elementor-open-lightbox=\"yes\" data-elementor-lightbox-slideshow=\"b56f56c\" data-elementor-lightbox-title=\"Romera Mayor - Damas - 1971\" href=\"https:\/\/www.beasturismo.es\/wp-content\/uploads\/2021\/01\/Romera-Mayor-Damas-1971.jpg\"><figure><img decoding=\"async\" src=\"https:\/\/www.beasturismo.es\/wp-content\/uploads\/2021\/01\/Romera-Mayor-Damas-1971-300x220.jpg\" alt=\"Damas 1971\" \/><\/figure><\/a><a data-elementor-open-lightbox=\"yes\" data-elementor-lightbox-slideshow=\"b56f56c\" data-elementor-lightbox-title=\"Romera Mayor - Ni\u00f1os - 1975\" href=\"https:\/\/www.beasturismo.es\/wp-content\/uploads\/2021\/01\/Romera-Mayor-Ninos-1975.jpg\"><figure><img decoding=\"async\" src=\"https:\/\/www.beasturismo.es\/wp-content\/uploads\/2021\/01\/Romera-Mayor-Ninos-1975-300x215.jpg\" alt=\"Damas 1975 \/ Ni\u00f1os\" \/><\/figure><\/a><a data-elementor-open-lightbox=\"yes\" data-elementor-lightbox-slideshow=\"b56f56c\" data-elementor-lightbox-title=\"Romera Mayor - Damas - 1976\" href=\"https:\/\/www.beasturismo.es\/wp-content\/uploads\/2021\/01\/Romera-Mayor-Damas-1976.jpg\"><figure><img decoding=\"async\" src=\"https:\/\/www.beasturismo.es\/wp-content\/uploads\/2021\/01\/Romera-Mayor-Damas-1976-300x201.jpg\" alt=\"Damas 1976\" \/><\/figure><\/a><a data-elementor-open-lightbox=\"yes\" data-elementor-lightbox-slideshow=\"b56f56c\" data-elementor-lightbox-title=\"Romera Mayor - Damas - 2000\" href=\"https:\/\/www.beasturismo.es\/wp-content\/uploads\/2021\/01\/Romera-Mayor-Damas-2000.jpg\"><figure><img decoding=\"async\" src=\"https:\/\/www.beasturismo.es\/wp-content\/uploads\/2021\/01\/Romera-Mayor-Damas-2000-300x203.jpg\" alt=\"Damas 2000\" \/><\/figure><\/a><a data-elementor-open-lightbox=\"yes\" data-elementor-lightbox-slideshow=\"b56f56c\" data-elementor-lightbox-title=\"Romera Mayor - Damas - 2007\" href=\"https:\/\/www.beasturismo.es\/wp-content\/uploads\/2021\/01\/Romera-Mayor-Damas-2007.jpg\"><figure><img decoding=\"async\" src=\"https:\/\/www.beasturismo.es\/wp-content\/uploads\/2021\/01\/Romera-Mayor-Damas-2007-300x180.jpg\" alt=\"Damas 2007\" \/><\/figure><\/a>\t\t\t\n\t\t\t\t\t\tAnterior\n\t\t\t\t\t\tSiguiente\n\t\t<!-- wp:paragraph {\"align\":\"center\",\"fontSize\":\"normal\"} -->\n<p>Lo que la Quinta es para los chicos de 18 a\u00f1os la elecci\u00f3n de la <strong>Romera Mayor<\/strong> es para las chicas de esta misma quinta. Se celebra cada a\u00f1o en el mes de Agosto, a primeros de mes, antes de Clarines Grande.<\/p>\n<p><!-- \/wp:paragraph --><!-- wp:paragraph \/--><!-- wp:paragraph --><\/p>\n<p>Es un <strong>certamen en el cual cada aspirante se presenta libremente aspirando a ser la Romera Mayor de la Romer\u00eda de Clarines Grande, o \u00abReina\u00bb o \u00abDama\u00bb<\/strong> de las fiestas, popularmente conocido.<\/p>\n<p><!-- \/wp:paragraph --><!-- wp:paragraph --><\/p>\n<p>Un jurado, compuesto por las Hermandades del Pueblo, deliberar\u00e1 y decidir\u00e1 qui\u00e9n ser\u00e1 la ganadora. Este jurado valorar\u00e1 diversas cuestiones de cada candidata, pero sobre todo, se tendr\u00e1 en cuenta la devoci\u00f3n a la Virgen y el amor a Clarines.<\/p>\n<p><!-- \/wp:paragraph --><!-- wp:paragraph --><\/p>\n<p>Cada candidata tendr\u00e1 que exponer en p\u00fablico su experiencia clarinera, sus vivencias, sus recuerdos y lo que sienten por su pueblo y por su Virgen de los Clarines.<\/p>\n<p><!-- \/wp:paragraph --><!-- wp:paragraph --><\/p>\n<p><strong>La ganadora ser\u00e1 la representante durante un a\u00f1o hasta que vuelva a celebrarse el certamen y vuelva a salir una nueva ganadora.<\/strong><\/p>\n<!-- \/wp:paragraph -->","protected":false},"excerpt":{"rendered":"<p>\u00a1Viva Clarines! \u00a1Viva! Anterior Siguiente Lo que la Quinta es para los chicos de 18 [&hellip;]<\/p>\n","protected":false},"author":2,"featured_media":0,"parent":0,"menu_order":0,"comment_status":"closed","ping_status":"closed","template":"","meta":{"footnotes":""},"class_list":["post-124","page","type-page","status-publish","hentry"],"jetpack_sharing_enabled":true,"_links":{"self":[{"href":"https:\/\/www.beasturismo.es\/index.php?rest_route=\/wp\/v2\/pages\/124","targetHints":{"allow":["GET"]}}],"collection":[{"href":"https:\/\/www.beasturismo.es\/index.php?rest_route=\/wp\/v2\/pages"}],"about":[{"href":"https:\/\/www.beasturismo.es\/index.php?rest_route=\/wp\/v2\/types\/page"}],"author":[{"embeddable":true,"href":"https:\/\/www.beasturismo.es\/index.php?rest_route=\/wp\/v2\/users\/2"}],"replies":[{"embeddable":true,"href":"https:\/\/www.beasturismo.es\/index.php?rest_route=%2Fwp%2Fv2%2Fcomments&post=124"}],"version-history":[{"count":28,"href":"https:\/\/www.beasturismo.es\/index.php?rest_route=\/wp\/v2\/pages\/124\/revisions"}],"predecessor-version":[{"id":1420,"href":"https:\/\/www.beasturismo.es\/index.php?rest_route=\/wp\/v2\/pages\/124\/revisions\/1420"}],"wp:attachment":[{"href":"https:\/\/www.beasturismo.es\/index.php?rest_route=%2Fwp%2Fv2%2Fmedia&parent=124"}],"curies":[{"name":"wp","href":"https:\/\/api.w.org\/{rel}","templated":true}]}}