{"id":1264,"date":"2021-01-12T11:24:20","date_gmt":"2021-01-12T11:24:20","guid":{"rendered":"https:\/\/www.beasturismo.es\/?page_id=1264"},"modified":"2021-01-25T12:06:21","modified_gmt":"2021-01-25T12:06:21","slug":"santo-entierro-de-cristo","status":"publish","type":"page","link":"https:\/\/www.beasturismo.es\/?page_id=1264","title":{"rendered":"Santo Entierro de Cristo"},"content":{"rendered":"<p style=\"text-align: center;\"><em>*Esta imagen no es titular de ninguna Hermandad, pero sus cultos y procesi\u00f3n lo organiza la <a href=\"https:\/\/www.beasturismo.es\/?page_id=1219\">Hermandad del Cautivo<\/a><\/em><\/p>\n<p><strong>Salida:<\/strong> Viernes Santo a las 22:00 horas.<\/p>\n<p><strong>Imagen:<\/strong> procesiona detr\u00e1s de las figuras aleg\u00f3ricas y de la pasi\u00f3n: <em>\u00e1ngel, fe, esperana, caridad, tres mar\u00edas, magdalena y Ver\u00f3nica<\/em>. <\/p>\n<p><strong>Acompa\u00f1amiento musical:<\/strong> m\u00fasica de capilla.<\/p>\n<p><strong>Curiosidades:<\/strong> no lleva penitentes; el cortejo lo componen los miembros de todas las hermandades de Beas, vestidos de chaqueta y de mantilla negra.<\/p>\n","protected":false},"excerpt":{"rendered":"<p>*Esta imagen no es titular de ninguna Hermandad, pero sus cultos y procesi\u00f3n lo organiza [&hellip;]<\/p>\n","protected":false},"author":2,"featured_media":0,"parent":0,"menu_order":0,"comment_status":"closed","ping_status":"closed","template":"","meta":{"footnotes":""},"class_list":["post-1264","page","type-page","status-publish","hentry"],"jetpack_sharing_enabled":true,"_links":{"self":[{"href":"https:\/\/www.beasturismo.es\/index.php?rest_route=\/wp\/v2\/pages\/1264","targetHints":{"allow":["GET"]}}],"collection":[{"href":"https:\/\/www.beasturismo.es\/index.php?rest_route=\/wp\/v2\/pages"}],"about":[{"href":"https:\/\/www.beasturismo.es\/index.php?rest_route=\/wp\/v2\/types\/page"}],"author":[{"embeddable":true,"href":"https:\/\/www.beasturismo.es\/index.php?rest_route=\/wp\/v2\/users\/2"}],"replies":[{"embeddable":true,"href":"https:\/\/www.beasturismo.es\/index.php?rest_route=%2Fwp%2Fv2%2Fcomments&post=1264"}],"version-history":[{"count":7,"href":"https:\/\/www.beasturismo.es\/index.php?rest_route=\/wp\/v2\/pages\/1264\/revisions"}],"predecessor-version":[{"id":1274,"href":"https:\/\/www.beasturismo.es\/index.php?rest_route=\/wp\/v2\/pages\/1264\/revisions\/1274"}],"wp:attachment":[{"href":"https:\/\/www.beasturismo.es\/index.php?rest_route=%2Fwp%2Fv2%2Fmedia&parent=1264"}],"curies":[{"name":"wp","href":"https:\/\/api.w.org\/{rel}","templated":true}]}}