{"id":127,"date":"2020-07-07T11:51:44","date_gmt":"2020-07-07T11:51:44","guid":{"rendered":"https:\/\/www.beasturismo.es\/?page_id=127"},"modified":"2021-01-25T12:49:06","modified_gmt":"2021-01-25T12:49:06","slug":"la-quinta","status":"publish","type":"page","link":"https:\/\/www.beasturismo.es\/?page_id=127","title":{"rendered":"Los Quintos"},"content":{"rendered":"<figure><img decoding=\"async\" src=\"https:\/\/www.beasturismo.es\/wp-content\/uploads\/2021\/01\/quinta-2020-300x200.jpeg\" alt=\"Quintos, Beas - Huelva\" \/><\/figure><figure><img decoding=\"async\" src=\"https:\/\/www.beasturismo.es\/wp-content\/uploads\/2021\/01\/DSCN0232-300x225.jpg\" alt=\"Quintos, Beas - Huelva\" \/><\/figure><figure><img decoding=\"async\" src=\"https:\/\/www.beasturismo.es\/wp-content\/uploads\/2021\/01\/DSCN0269-300x225.jpg\" alt=\"Quintos, Beas - Huelva\" \/><\/figure><figure><img decoding=\"async\" src=\"https:\/\/www.beasturismo.es\/wp-content\/uploads\/2021\/01\/quintos42-300x225.jpg\" alt=\"Quintos, Beas - Huelva\" \/><\/figure>\t\t\t\n\t\t\t\t\t\tAnterior\n\t\t\t\t\t\tSiguiente\n\t\t\n<p>En Espa\u00f1a, se llamaba\u00a0<strong>quintos<\/strong>\u00a0a los j\u00f3venes que al cumplir la mayor\u00eda de edad se iban a hacer el servicio militar. Aunque el servicio militar ha desaparecido en Espa\u00f1a, en muchos lugares, concretamente en Beas,\u00a0<em>los quintos<\/em>\u00a0se han convertido en una tradici\u00f3n festiva, por la que los j\u00f3venes, al cumplir la mayor\u00eda de edad, hacen un mes festivo o \u00abrito de paso\u00bb durante el mes de Febrero, terminando las festividades a final de mes con la Romer\u00eda de Clarines Chico, para recordar a los antiguos quintos, y donde, en la misa del domingo, se les otorgar\u00e1 la medalla de la Hermandad.<\/p>\n<p><\/p>\n<p>La tradici\u00f3n de los quintos se remonta a la \u00e9poca en que los chicos hac\u00edan el servicio militar, y se reun\u00edan para despedirse del pueblo cantando por las calles con el tradicional palillo, adornado con cientos de lazos y bolas rojos y amarillos, lazos que regalaban a las chicas como recuerdo antes de marcharse.<\/p>\n<p><\/p>\n<p>Adem\u00e1s, es costumbre, un par de veces en el mes y sin previo aviso, que recorran las calles del pueblo ti\u00f1iendo de a\u00f1il a todo el que se les cruce en el camino. Un objetivo muy com\u00fan es la salida del colegio \/ instituto.<\/p>\n<p><\/p>\n<p><\/p>\n<p><strong>Si hay algo que defina a los quintos son dos cosas:<\/strong><\/p>\n<p><\/p>\n<p><strong>1-<\/strong> Cada uno de ellos tiene que componer una estrofa, para despu\u00e9s cantarla, que los defina. Tambi\u00e9n es muy com\u00fan que adopten un gallo o una gallina como mascota, antiguamente l@ emborrachaban, pero hoy en d\u00eda l@ adoptan como s\u00edmbolo.<\/p>\n<p><\/p>\n<p><strong>2-<\/strong> Las mo\u00f1as: son de los colores de Espa\u00f1a (rojo y amarillo), a excepci\u00f3n del m\u00e1s peque\u00f1o del grupo que tendr\u00e1 que llevar los colores de Andaluc\u00eda (verde y blanco), que posteriormente, regalar\u00e1n a las muchachas con una dedicatoria.<\/p>\n<p><\/p>\n<p>La mo\u00f1a, hecha a mano de forma artesanal, se forma con un lazo rojo y una bola de lana amarilla, y viceversa. Las dedicatorias se escriben en el lazo; En lo alto del conjunto de las mo\u00f1as, se coloca una casta\u00f1uela o com\u00fanmente conocido como palillo, el cu\u00e1l ser\u00e1 el instrumento de percusi\u00f3n para acompa\u00f1ar sus estrofas y darle ritmo.<\/p>\n","protected":false},"excerpt":{"rendered":"<p>Anterior Siguiente En Espa\u00f1a, se llamaba\u00a0quintos\u00a0a los j\u00f3venes que al cumplir la mayor\u00eda de edad [&hellip;]<\/p>\n","protected":false},"author":2,"featured_media":0,"parent":0,"menu_order":0,"comment_status":"closed","ping_status":"closed","template":"","meta":{"footnotes":""},"class_list":["post-127","page","type-page","status-publish","hentry"],"jetpack_sharing_enabled":true,"_links":{"self":[{"href":"https:\/\/www.beasturismo.es\/index.php?rest_route=\/wp\/v2\/pages\/127","targetHints":{"allow":["GET"]}}],"collection":[{"href":"https:\/\/www.beasturismo.es\/index.php?rest_route=\/wp\/v2\/pages"}],"about":[{"href":"https:\/\/www.beasturismo.es\/index.php?rest_route=\/wp\/v2\/types\/page"}],"author":[{"embeddable":true,"href":"https:\/\/www.beasturismo.es\/index.php?rest_route=\/wp\/v2\/users\/2"}],"replies":[{"embeddable":true,"href":"https:\/\/www.beasturismo.es\/index.php?rest_route=%2Fwp%2Fv2%2Fcomments&post=127"}],"version-history":[{"count":16,"href":"https:\/\/www.beasturismo.es\/index.php?rest_route=\/wp\/v2\/pages\/127\/revisions"}],"predecessor-version":[{"id":1384,"href":"https:\/\/www.beasturismo.es\/index.php?rest_route=\/wp\/v2\/pages\/127\/revisions\/1384"}],"wp:attachment":[{"href":"https:\/\/www.beasturismo.es\/index.php?rest_route=%2Fwp%2Fv2%2Fmedia&parent=127"}],"curies":[{"name":"wp","href":"https:\/\/api.w.org\/{rel}","templated":true}]}}