{"id":255,"date":"2020-07-08T10:59:19","date_gmt":"2020-07-08T10:59:19","guid":{"rendered":"https:\/\/www.beasturismo.es\/?page_id=255"},"modified":"2020-08-27T14:52:15","modified_gmt":"2020-08-27T14:52:15","slug":"fauna-y-flora","status":"publish","type":"page","link":"https:\/\/www.beasturismo.es\/?page_id=255","title":{"rendered":"Fauna y Flora"},"content":{"rendered":"\n<p style=\"font-size:15px\" class=\"has-text-align-center\"><em>La comarca de La Campi\u00f1a, en la que se integra el municipio de Beas, se encuentra en un enclave preserrano en el que abundan especies florales como el eucalipto, el pino, el olivo (del cual se obtiene el preciado Aceite de Beas \/ Cand\u00f3n), y abundantes especies flor\u00edsticas de la familia de las gram\u00edneas. Asimismo, en las riberas aparecen especies juncales y algunas algas. Beas tambi\u00e9n cuenta con una gran variedad de fauna, sobre todo aves, pero tambi\u00e9n podremos observar diferentes tipos de anfibios, mam\u00edferos y reptiles (breve resumen al final de p\u00e1gina). Todo en su conjunto forman ecosistemas \u00fanicos en nuestro entorno.<\/em><\/p>\n\n\n\n<p><span style=\"color:#ffffff\" class=\"has-inline-color\">&#8230;&#8230;&#8230;&#8230;&#8230;&#8230;..<\/span><\/p>\n\n\n\n<p>El t\u00e9rmino municipal de Beas se encuentra localizado a medio camino de dos grandes unidades fisiogr\u00e1ficas de nuestra provincia, el <strong>And\u00e9valo, al norte, y la Campi\u00f1a, al sur.<\/strong> Esta diferenciaci\u00f3n puede ser perfectamente apreciada por cualquier viajero que se acerque a nuestro municipio utilizando como v\u00eda de acceso la carretera N-435, que une Huelva con Badajoz. Si viene desde el sur lo primero que sus sentidos captar\u00e1n ser\u00e1n los paisajes agr\u00edcolas de olivares, vi\u00f1edos y cereales, luego se encontrar\u00e1 con la capital, Beas, y, tras atravesarla, detectar\u00e1 como el paisaje cambia radicalmente para dar paso a las dehesas de encinas y, luego, a montes m\u00e1s transformados para aprovechamientos forestales, en los que comienzan a predominar los pinos y eucaliptos.<\/p>\n\n\n\n<p>Por tanto, nuestro municipio presenta <strong>al norte las primeras estribaciones monta\u00f1osas de poca altura de Sierra Morena<\/strong>, con una orograf\u00eda ondulada, destacando entre las <span class=\"has-inline-color has-vivid-green-cyan-color\"><strong>cumbres el Cerro de la Alcornocosa<\/strong><\/span> de 184 metros, la <span class=\"has-inline-color has-vivid-green-cyan-color\"><strong>Cumbre del \u00c1guila<\/strong><\/span> con 189 metros, el<strong><span class=\"has-inline-color has-vivid-green-cyan-color\"> Cabezo de la Sepultura<\/span><\/strong> que alcanza los 196 metros y la <strong><span class=\"has-inline-color has-vivid-green-cyan-color\">Estaci\u00f3n de Venta Eligi\u00f3<\/span><\/strong>, cima del municipio con 231 metros de altitud. Estos terrenos son de materiales sil\u00edceos muy antiguos, constituidos fundamentalmente por pizarras y areniscas.<a href=\"http:\/\/www.aytobeas.es\/export\/sites\/beas\/es\/.galleries\/Municipio\/datos-de-interes\/olivos.jpg\"><\/a><\/p>\n\n\n\n<p>En cambio en <strong>el sur del municipio los terrenos son muy aptos para la agricultura<\/strong>, est\u00e1n formados por <strong>dep\u00f3sitos marinos y continentales<\/strong>, tierras de configuraci\u00f3n geol\u00f3gica mucho mas recientes, <strong>pertenecientes a la Depresi\u00f3n del Guadalquivir<\/strong>, en los que predominan las arenas, areniscas y margas azules, muy buenas para los aprovechamientos agr\u00edcolas.<\/p>\n\n\n\n<p>El hecho de que el t\u00e9rmino municipal se encuentre a camino entre estas dos grandes unidades fisiogr\u00e1ficas, va a determinar que sus m\u00e1s de 14.000 hect\u00e1reas de superficie nos sorprendan por su gran variedad paisaj\u00edstica. Tal vez el paisaje m\u00e1s conocido sea el <span class=\"has-inline-color has-luminous-vivid-orange-color\"><strong>ruedo de Beas<\/strong><\/span>, es decir, el conjunto de <span class=\"has-inline-color has-luminous-vivid-orange-color\">paisajes agrarios situados en torno a los dos principales n\u00facleos de poblaci\u00f3n: Cand\u00f3n y Beas<\/span>, con parajes como <strong>El Cabezo del Moro, Las Camachas, Port\u00edllejos, Las Suertes Angostas, Las Traviesas, Matahijos, El Charco Hondo, Las Cuestas, La Alameda, Las Monjas, El Coto de Cand\u00f3n&#8230; <\/strong>en los que destacan los campos labrados de <span class=\"has-inline-color has-vivid-green-cyan-color\"><strong>olivos, vides y cereales.<\/strong><\/span><\/p>\n\n\n\n<p>Es un paisaje muy alterado por el hombre, pero que tambi\u00e9n ejerce una cierta atracci\u00f3n para alguna fauna, especialmente aves. Por ejemplo, el olivar sirve de cobijo para una importante avifauna invernante: <span class=\"has-inline-color has-luminous-vivid-amber-color\"><strong>petirrojos, lavanderas, zorzales<\/strong><\/span> etc.<a href=\"http:\/\/www.aytobeas.es\/export\/sites\/beas\/es\/.galleries\/Municipio\/datos-de-interes\/cereales.jpg\"><\/a><\/p>\n\n\n\n<p>Los campos de cereales y vi\u00f1edos ofrecen sustento a un gran n\u00famero de especies estivales: <strong><span class=\"has-inline-color has-luminous-vivid-amber-color\">golondrinas, aviones, vencejos, alcaudones, aguiluchos, etc<\/span><\/strong>. Junto a estas aves no es extra\u00f1o encontrar otras especies animales como <span class=\"has-inline-color has-luminous-vivid-amber-color\"><strong>conejos, liebres, ratas comunes, ratones caseros, topillos, cig\u00fce\u00f1as, milanos negros, lechuzas comunes, abubillas, garcetas, verderones, jilgueros, sapos, lagartijas, culebras, etc.<\/strong><\/span><\/p>\n\n\n\n<p>Adem\u00e1s la parcelaci\u00f3n de propiedades, con la existencia de vallados y <strong>setos naturales<\/strong>, permite la existencia de una vegetaci\u00f3n silvestre, productora de semillas y frutos, que ofrece alimento y refugio para la fauna. De este modo a lo largo de la campi\u00f1a pueden observase <span class=\"has-inline-color has-vivid-green-cyan-color\"><strong>setos de chumberas, pitas, lentiscos, zarzas<\/strong><\/span>, etc. con otras especies de <strong>matorral<\/strong> como <strong><span class=\"has-inline-color has-vivid-green-cyan-color\">jaras, torviscos y palmitos, o de lianas, como zarzaparrillas, madreselvas&#8230; <\/span><\/strong>Pero la cada vez mayor potencia de los veh\u00edculos de labor est\u00e1 haciendo en muchos casos mermar esta flora natural, eliminando estos setos y, consecuentemente, a la fauna que habita en ellos.<\/p>\n\n\n\n<p>A este problema hay que a\u00f1adir el cada vez mayor uso y abuso de pesticidas y herbicidas, que esta terminando por envenenar progresivamente la fauna y el abandono y p\u00e9rdida continuada de las polladas.<a href=\"http:\/\/www.aytobeas.es\/export\/sites\/beas\/es\/.galleries\/Municipio\/datos-de-interes\/fuenteN.jpg\"><\/a><\/p>\n\n\n\n<p>Los <strong>bosques de ribera<\/strong> constituyen otro de nuestros importantes ecosistemas ambientales. Los arroyos que atraviesan las zonas agr\u00edcolas act\u00faan con la vegetaci\u00f3n que crece en sus orillas como barreras de rotura de vientos y protecci\u00f3n de cultivos. Esa vegetaci\u00f3n de su ribera contribuye a mantener la estructura de los cauces y protege a las tierras de labor de avenidas y riadas. Los <strong>setos fluviales<\/strong> constituyen igualmente aut\u00e9nticas <span class=\"has-inline-color has-vivid-cyan-blue-color\"><strong>islas naturales dispersas<\/strong><\/span>, por cuyos corredores la fauna puede discurrir de unos puntos a otros, sirvi\u00e9ndoles de lugar de cobijo, zona de cr\u00eda y alimentaci\u00f3n. Ejemplos de este bosque lo encontramos en el <strong><span class=\"has-inline-color has-vivid-cyan-blue-color\">arroyo de los molinos, arroyo de la Parrilla, arroyo de la B\u00e1rcena<\/span><\/strong>,&#8230;<\/p>\n\n\n\n<p>Otra de las grandes unidades paisaj\u00edsticas del municipio es <strong>la dehesa<\/strong>, en la que se combinan <span class=\"has-inline-color has-vivid-green-cyan-color\"><strong>encinas y alcornoques<\/strong><\/span> con matorrales: <span class=\"has-inline-color has-vivid-green-cyan-color\"><strong>lentisco, madro\u00f1os, tomillos, romeros, aulagas&#8230;<\/strong><\/span> y pastos; las tiernas yerbas estacionales que crecen en la misma son de gran valor nutritivo para el ganado. Los frutos de la dehesa son aprovechados por piaras de cerdo ib\u00e9rico u otros rumiantes. <span class=\"has-inline-color has-vivid-red-color\"><strong>A partir de 1970, la empresa de celulosas ubicada en Huelva, con el inicio de su actividad, inici\u00f3 la plantaci\u00f3n masiva de eucaliptos en zonas antes ocupadas por dehesas.<\/strong><\/span><\/p>\n\n\n\n<p>Hoy este paisaje tan, mermado, como ya se ha comprobado, pervive con algunos buenos ejemplos, como pueden ser <strong>Pallares<\/strong> en la carretera que conduce a Fuente de la Corcha y <strong>La Pocilga<\/strong>, pr\u00f3xima al n\u00facleo de Beas, junto a la N-435, as\u00ed como en <strong>La Nicoba, La Casa Nueva y El Conejero<\/strong>.<\/p>\n\n\n\n<p><strong><span style=\"color:#484c4f\" class=\"has-inline-color\">Nuevos paisajes, muy diferentes a los que hasta ahora hemos analizado, nos vamos a encontrar al noroeste del t\u00e9rmino municipal, zona m\u00e1s inaccesible para el hombre y, por tanto la menos conocida por los beasinos. Este espacio, de gran belleza, se extiende por una ancha franja a lo largo del curso del r\u00edo Odiel; coincide b\u00e1sicamente con los Bald\u00edos de Beas, una finca de unas 2.200 hect\u00e1reas de propiedad municipal y administradas por el Instituto Andaluz de Reforma Agraria. Son los \u00faltimos reductos estos, junto con otras peque\u00f1as parcelas en el barranco de Pedro L\u00f3pez, de los inmensos bald\u00edos que nuestro municipio pose\u00eda hasta 1855.<\/span><\/strong><\/p>\n\n\n\n<p><span style=\"color:#ffffff\" class=\"has-inline-color\">&#8230;&#8230;&#8230;&#8230;&#8230;&#8230;&#8230;&#8230;&#8230;&#8230;..<\/span><\/p>\n\n\n\n<p><strong>Resumen fauna de Beas:<\/strong><\/p>\n\n\n\n<p><strong>Aves<\/strong>:&nbsp;Diferentes especies de aguiluchos, buitres, cern\u00edcalos, milanos, autillos, b\u00faho, lechuza com\u00fan, mochuelo, arrendajo, cuervos, grajilla, rabilargo, abejaruco com\u00fan, abubilla, alcarav\u00e1n, alcaud\u00f3n com\u00fan y real, alondra, \u00e1nade real, codorniz, cuco, gorri\u00f3n, golondrina, paloma torcaz, perdiz, t\u00f3rtola, zorzal, petirrojos, lavanderas\u2026<\/p>\n\n\n\n<p><strong>Anfibios<\/strong>:&nbsp;Ranita meridional, rana verde com\u00fan, sapo com\u00fan, sapo corredor, salamandra com\u00fan\u2026<\/p>\n\n\n\n<p><strong>Mam\u00edferos<\/strong>:&nbsp;Conejo, erizo com\u00fan, gato mont\u00e9s, gineta com\u00fan, jabal\u00ed, ciervo, liebre com\u00fan, rata campestre, tej\u00f3n, zorro, n\u00f3ctulo com\u00fan\u2026<\/p>\n\n\n\n<p><strong>Reptiles<\/strong>:&nbsp;Culebra bastarda, culebra de collar, culebra de escalera, gal\u00e1pago leproso, lagartija ib\u00e9rica, lagarto ocelado, v\u00edbora hocicuda\u2026<\/p>\n","protected":false},"excerpt":{"rendered":"<p>La comarca de La Campi\u00f1a, en la que se integra el municipio de Beas, se [&hellip;]<\/p>\n","protected":false},"author":2,"featured_media":0,"parent":0,"menu_order":0,"comment_status":"closed","ping_status":"closed","template":"","meta":{"footnotes":""},"class_list":["post-255","page","type-page","status-publish","hentry"],"jetpack_sharing_enabled":true,"_links":{"self":[{"href":"https:\/\/www.beasturismo.es\/index.php?rest_route=\/wp\/v2\/pages\/255","targetHints":{"allow":["GET"]}}],"collection":[{"href":"https:\/\/www.beasturismo.es\/index.php?rest_route=\/wp\/v2\/pages"}],"about":[{"href":"https:\/\/www.beasturismo.es\/index.php?rest_route=\/wp\/v2\/types\/page"}],"author":[{"embeddable":true,"href":"https:\/\/www.beasturismo.es\/index.php?rest_route=\/wp\/v2\/users\/2"}],"replies":[{"embeddable":true,"href":"https:\/\/www.beasturismo.es\/index.php?rest_route=%2Fwp%2Fv2%2Fcomments&post=255"}],"version-history":[{"count":8,"href":"https:\/\/www.beasturismo.es\/index.php?rest_route=\/wp\/v2\/pages\/255\/revisions"}],"predecessor-version":[{"id":688,"href":"https:\/\/www.beasturismo.es\/index.php?rest_route=\/wp\/v2\/pages\/255\/revisions\/688"}],"wp:attachment":[{"href":"https:\/\/www.beasturismo.es\/index.php?rest_route=%2Fwp%2Fv2%2Fmedia&parent=255"}],"curies":[{"name":"wp","href":"https:\/\/api.w.org\/{rel}","templated":true}]}}