{"id":27,"date":"2020-07-07T07:47:50","date_gmt":"2020-07-07T07:47:50","guid":{"rendered":"https:\/\/www.beasturismo.es\/?page_id=27"},"modified":"2020-07-16T12:18:22","modified_gmt":"2020-07-16T12:18:22","slug":"g-astronomia","status":"publish","type":"page","link":"https:\/\/www.beasturismo.es\/?page_id=27","title":{"rendered":"G-ASTRONOMIA"},"content":{"rendered":"\n<p>Nuestra gastronom\u00eda es fruto de nuestra rica naturaleza. Nuestro producto estrella es el AOVE, y junto a \u00e9l, los vinos y vinagres con denominaci\u00f3n de origen Condado de Huelva, los panes y roscos artesanos hechos al modo tradicional &#8211; en horno de le\u00f1a -, y los productos de nuestras campi\u00f1as, dehesas y montes.<\/p>\n\n\n\n<p>Entre los <strong>platos salados<\/strong> destacan la caldereta de borrego, los revoltillos, los potajes de habichuelas y garbanzos, las migas, los ali\u00f1os con cilantro, las habas enzapatadas con poleo, los guisos de caza, las setas &#8211; destacando las tanas, los n\u00edscalos y los gurumelos -, carnes ib\u00e9ricas a la brasa&#8230;<\/p>\n\n\n\n<p>Tambi\u00e9n cabe destacar el gran abanico que tenemos en <strong>reposter\u00eda<\/strong>: pi\u00f1onates de almendra, los pesti\u00f1os, rosas, abuelas, roscos fritos, orejas, empanadillas&#8230;Y los especiales postres de cuaresma: huevos nevados, natillas, torrijas y pole\u00e1s.<\/p>\n","protected":false},"excerpt":{"rendered":"<p>Nuestra gastronom\u00eda es fruto de nuestra rica naturaleza. Nuestro producto estrella es el AOVE, y [&hellip;]<\/p>\n","protected":false},"author":2,"featured_media":0,"parent":0,"menu_order":0,"comment_status":"closed","ping_status":"closed","template":"","meta":{"footnotes":""},"class_list":["post-27","page","type-page","status-publish","hentry"],"jetpack_sharing_enabled":true,"_links":{"self":[{"href":"https:\/\/www.beasturismo.es\/index.php?rest_route=\/wp\/v2\/pages\/27","targetHints":{"allow":["GET"]}}],"collection":[{"href":"https:\/\/www.beasturismo.es\/index.php?rest_route=\/wp\/v2\/pages"}],"about":[{"href":"https:\/\/www.beasturismo.es\/index.php?rest_route=\/wp\/v2\/types\/page"}],"author":[{"embeddable":true,"href":"https:\/\/www.beasturismo.es\/index.php?rest_route=\/wp\/v2\/users\/2"}],"replies":[{"embeddable":true,"href":"https:\/\/www.beasturismo.es\/index.php?rest_route=%2Fwp%2Fv2%2Fcomments&post=27"}],"version-history":[{"count":4,"href":"https:\/\/www.beasturismo.es\/index.php?rest_route=\/wp\/v2\/pages\/27\/revisions"}],"predecessor-version":[{"id":384,"href":"https:\/\/www.beasturismo.es\/index.php?rest_route=\/wp\/v2\/pages\/27\/revisions\/384"}],"wp:attachment":[{"href":"https:\/\/www.beasturismo.es\/index.php?rest_route=%2Fwp%2Fv2%2Fmedia&parent=27"}],"curies":[{"name":"wp","href":"https:\/\/api.w.org\/{rel}","templated":true}]}}