{"id":291,"date":"2020-07-08T12:51:50","date_gmt":"2020-07-08T12:51:50","guid":{"rendered":"https:\/\/www.beasturismo.es\/?page_id=291"},"modified":"2020-08-15T09:39:39","modified_gmt":"2020-08-15T09:39:39","slug":"donde-esta-beas","status":"publish","type":"page","link":"https:\/\/www.beasturismo.es\/?page_id=291","title":{"rendered":"\u00bfD\u00f3nde est\u00e1 Beas?"},"content":{"rendered":"<p><iframe frameborder=\"0\" scrolling=\"no\" marginheight=\"0\" marginwidth=\"0\" src=\"https:\/\/maps.google.com\/maps?q=beas%20huelva&amp;t=m&amp;z=11&amp;output=embed&amp;iwloc=near\" aria-label=\"beas huelva\"><\/iframe>\t\t<\/p>\n<p>El\u00a0<strong>Municipio de BEAS<\/strong>, se encuentra enclavado en la provincia de Huelva, a medio camino entre las comarcas de El And\u00e9valo y las tierras de El Condado de Huelva, en la Campi\u00f1a onubense.<\/p>\n<p>El t\u00e9rmino municipal cuenta con una superficie de 14.688 hect\u00e1reas. Los l\u00edmites con los municipios vecinos vienen marcados a por una serie de elementos naturales y l\u00edneas artificiales que son las siguientes: el arroyo del Pajarr\u00f3n, al norte, nos separa de Valverde del Camino; los arroyos del Casta\u00f1o y de Cand\u00f3n, al este, delimitan nuestro espacio con Niebla; el r\u00edo Odiel, al noroeste, marca la l\u00ednea divisoria con Cala\u00f1as, y por el este y el sur los l\u00edmites con Trigueros vienen establecidos por una l\u00ednea artificial que discurre desde el r\u00edo Odiel hasta el arroyo de Cand\u00f3n.<\/p>\n<p>El punto m\u00e1s septentrional del municipio lo marca la confluencia del arroyo del Pajarr\u00f3n con el r\u00edo Odiel (37\u00ba 33\u2019 35\u2019\u2019 N), por el contrario el m\u00e1s meridional se encuentra cercano a la Pasada de Sevilla, en la Dehesa Blanca, donde la l\u00ednea artificial que nos separa de Trigueros se une con el arroyo de Cand\u00f3n (37\u00ba 21\u2019 30\u2019\u2019N). El punto m\u00e1s oriental est\u00e1 tambi\u00e9n en el arroyo de Cand\u00f3n, cuando lo cruza el Cordel de Portugal, en el paraje de El Ca\u00f1uelo (6\u00ba 43\u2019 45\u2019\u2019 O), y, el m\u00e1s al oeste, se encuentra en la Pasada de las Ovejas, a orillas nuevamente del r\u00edo Odiel (6\u00ba 55\u2019 15\u2019\u2019 O).<\/p>\n","protected":false},"excerpt":{"rendered":"<p>El\u00a0Municipio de BEAS, se encuentra enclavado en la provincia de Huelva, a medio camino entre [&hellip;]<\/p>\n","protected":false},"author":2,"featured_media":0,"parent":0,"menu_order":0,"comment_status":"closed","ping_status":"closed","template":"","meta":{"footnotes":""},"class_list":["post-291","page","type-page","status-publish","hentry"],"jetpack_sharing_enabled":true,"_links":{"self":[{"href":"https:\/\/www.beasturismo.es\/index.php?rest_route=\/wp\/v2\/pages\/291","targetHints":{"allow":["GET"]}}],"collection":[{"href":"https:\/\/www.beasturismo.es\/index.php?rest_route=\/wp\/v2\/pages"}],"about":[{"href":"https:\/\/www.beasturismo.es\/index.php?rest_route=\/wp\/v2\/types\/page"}],"author":[{"embeddable":true,"href":"https:\/\/www.beasturismo.es\/index.php?rest_route=\/wp\/v2\/users\/2"}],"replies":[{"embeddable":true,"href":"https:\/\/www.beasturismo.es\/index.php?rest_route=%2Fwp%2Fv2%2Fcomments&post=291"}],"version-history":[{"count":11,"href":"https:\/\/www.beasturismo.es\/index.php?rest_route=\/wp\/v2\/pages\/291\/revisions"}],"predecessor-version":[{"id":652,"href":"https:\/\/www.beasturismo.es\/index.php?rest_route=\/wp\/v2\/pages\/291\/revisions\/652"}],"wp:attachment":[{"href":"https:\/\/www.beasturismo.es\/index.php?rest_route=%2Fwp%2Fv2%2Fmedia&parent=291"}],"curies":[{"name":"wp","href":"https:\/\/api.w.org\/{rel}","templated":true}]}}