{"id":306,"date":"2020-07-08T13:21:55","date_gmt":"2020-07-08T13:21:55","guid":{"rendered":"https:\/\/www.beasturismo.es\/?page_id=306"},"modified":"2021-01-12T11:59:15","modified_gmt":"2021-01-12T11:59:15","slug":"hermandades","status":"publish","type":"page","link":"https:\/\/www.beasturismo.es\/?page_id=306","title":{"rendered":"Hermandades \u2670"},"content":{"rendered":"\n<div class=\"wp-block-buttons aligncenter is-layout-flex wp-block-buttons-is-layout-flex\">\n<div class=\"wp-block-button is-style-outline is-style-outline--1\"><a class=\"wp-block-button__link\" href=\"https:\/\/www.beasturismo.es\/?page_id=1282\"><strong>Hermandad Ntra Sra la Virgen de los Clarines<\/strong><\/a><\/div>\n<\/div>\n\n\n\n<p><\/p>\n\n\n\n<div class=\"wp-block-buttons aligncenter is-layout-flex wp-block-buttons-is-layout-flex\">\n<div class=\"wp-block-button is-style-outline is-style-outline--2\"><a class=\"wp-block-button__link\" href=\"https:\/\/www.beasturismo.es\/?page_id=1308\"><strong>Hermandad de Santa Mar\u00eda de Espa\u00f1a<\/strong><\/a><\/div>\n<\/div>\n\n\n\n<p><\/p>\n\n\n\n<div class=\"wp-block-buttons aligncenter is-layout-flex wp-block-buttons-is-layout-flex\">\n<div class=\"wp-block-button is-style-outline is-style-outline--3\"><a class=\"wp-block-button__link\" href=\"https:\/\/www.beasturismo.es\/?page_id=1219\"><strong>Hermandad Sacramental y Cofrad\u00eda de Nazarenos de Ntro. Padre Jes\u00fas Cautivo y Rescatado <\/strong>[El Cautivo]<strong>, Mar\u00eda Sant\u00edsima del Amor y Santa \u00c1ngela de la Cruz<\/strong>   <\/a><\/div>\n<\/div>\n\n\n\n<p><\/p>\n\n\n\n<div class=\"wp-block-buttons aligncenter is-layout-flex wp-block-buttons-is-layout-flex\">\n<div class=\"wp-block-button is-style-outline is-style-outline--4\"><a class=\"wp-block-button__link\" href=\"https:\/\/www.beasturismo.es\/?page_id=1231\"><strong>Hermandad de Ntro. Padre Jes\u00fas de la Amargura, Se\u00f1or de Clarines y Mar\u00eda Sant\u00edsima de los Dolores<\/strong><\/a><\/div>\n<\/div>\n\n\n\n<p><\/p>\n\n\n\n<div class=\"wp-block-buttons aligncenter is-layout-flex wp-block-buttons-is-layout-flex\">\n<div class=\"wp-block-button is-style-outline is-style-outline--5\"><a class=\"wp-block-button__link\" href=\"https:\/\/www.beasturismo.es\/?page_id=1239\"><strong>Asociaci\u00f3n de la Vera+Cruz<\/strong>,<br> <strong>Stmo. Cristo de la Sangre<\/strong> <strong>y Soledad de M\u00aa<\/strong><\/a><\/div>\n<\/div>\n\n\n\n<p><\/p>\n\n\n\n<p><\/p>\n","protected":false},"excerpt":{"rendered":"","protected":false},"author":2,"featured_media":0,"parent":0,"menu_order":0,"comment_status":"closed","ping_status":"closed","template":"","meta":{"footnotes":""},"class_list":["post-306","page","type-page","status-publish","hentry"],"jetpack_sharing_enabled":true,"_links":{"self":[{"href":"https:\/\/www.beasturismo.es\/index.php?rest_route=\/wp\/v2\/pages\/306","targetHints":{"allow":["GET"]}}],"collection":[{"href":"https:\/\/www.beasturismo.es\/index.php?rest_route=\/wp\/v2\/pages"}],"about":[{"href":"https:\/\/www.beasturismo.es\/index.php?rest_route=\/wp\/v2\/types\/page"}],"author":[{"embeddable":true,"href":"https:\/\/www.beasturismo.es\/index.php?rest_route=\/wp\/v2\/users\/2"}],"replies":[{"embeddable":true,"href":"https:\/\/www.beasturismo.es\/index.php?rest_route=%2Fwp%2Fv2%2Fcomments&post=306"}],"version-history":[{"count":15,"href":"https:\/\/www.beasturismo.es\/index.php?rest_route=\/wp\/v2\/pages\/306\/revisions"}],"predecessor-version":[{"id":1315,"href":"https:\/\/www.beasturismo.es\/index.php?rest_route=\/wp\/v2\/pages\/306\/revisions\/1315"}],"wp:attachment":[{"href":"https:\/\/www.beasturismo.es\/index.php?rest_route=%2Fwp%2Fv2%2Fmedia&parent=306"}],"curies":[{"name":"wp","href":"https:\/\/api.w.org\/{rel}","templated":true}]}}