{"id":39,"date":"2020-07-07T07:54:20","date_gmt":"2020-07-07T07:54:20","guid":{"rendered":"https:\/\/www.beasturismo.es\/?page_id=39"},"modified":"2020-09-03T16:03:22","modified_gmt":"2020-09-03T16:03:22","slug":"rutas","status":"publish","type":"page","link":"https:\/\/www.beasturismo.es\/?page_id=39","title":{"rendered":"RUTAS"},"content":{"rendered":"\n<div class=\"wp-block-buttons aligncenter is-layout-flex wp-block-buttons-is-layout-flex\">\n<div class=\"wp-block-button is-style-outline is-style-outline--1\"><a class=\"wp-block-button__link\" href=\"https:\/\/www.beasturismo.es\/?page_id=852\">RUTAS Y SENDEROS<\/a><\/div>\n<\/div>\n\n\n\n<p><\/p>\n\n\n\n<p>Beas es tierra de rica historia en la <strong><span style=\"color:#a37600\" class=\"has-inline-color\">ruta dolm\u00e9nica<\/span><\/strong> de Huelva. <strong>El Labradillo<\/strong> es el testimonio m\u00e1s antiguo de la presencia del hombre en estas tierras. Cercano a Cand\u00f3n, en el municipio vecino de Trigueros, se encuentra tambi\u00e9n el <strong>Dolmen de Soto<\/strong>, uno de los m\u00e1s importantes monumentos megal\u00edticos de Huelva.<\/p>\n\n\n\n<p>Beas es rica por su <strong><span style=\"color:#1b6633\" class=\"has-inline-color\">naturaleza<\/span><\/strong>, con paisajes de contrastes entre las suaves tierras de la Campi\u00f1a y los ondulados horizontes del And\u00e9valo: El <strong>Ruedo de Beas<\/strong>, un paisaje agr\u00edcola protegido exponente de la agricultura mediterr\u00e1nea, donde se produce uno de los mejores AOVES de Espa\u00f1a &#8211; haciendo del municipio la capital del aceite de la provincia de Huelva. Y junto al aceite, los vinos y los vinagres acogidos a la D.O del Condado de Huelva; <strong>Las Riberas del Arroyo de Cand\u00f3n<\/strong>, son parte de la red Natura 2000 en el Corredor Ecol\u00f3gico del R\u00edo Tinto &#8211; un espacio que destaca por la exuberancia de su bosque de ribera, y donde podemos encontrar el viejo Molino de la Tallisca; <strong>Los Bald\u00edos de Beas<\/strong> son la \u00faltima frontera forestal del municipio &#8211; un monte de titularidad p\u00fablica de m\u00e1s de 2.200 ha en las riberas del R\u00edo Odiel, siendo de alto valor cineg\u00e9tico.<\/p>\n\n\n\n<p>Otros espacios naturales de gran belleza son las <strong>Dehesas de Pallares, La Pocilga o la Fuente de la Nicoba<\/strong>. Tambi\u00e9n el <strong>Dique de Beas<\/strong> y el <strong>Barranco de Pedro L\u00f3pez<\/strong>, en el arroyo del Casta\u00f1o, o el embalse minero de El Campanario, sobre el arroyo el Pajarr\u00f3n, adem\u00e1s de <strong>El Candoncillo<\/strong>, junto a la aldea de Cand\u00f3n, en tierras de Niebla. La <strong>V\u00eda Verde de los Molinos<\/strong>, que discurre por el viejo ferrocarril de la compa\u00f1\u00eda minera del Buitr\u00f3n. Cercana a la V\u00eda Verde, el \u00c1rea Recreativa de Los Molinos del Agua, donde se mantienen vivos los molinos hidr\u00e1ulicos impulsados por la fuerza del agua, ejemplo de la tradici\u00f3n molinera de Beas.<\/p>\n\n\n\n<p>La <strong><span style=\"color:#156c9f\" class=\"has-inline-color\">cultura del agua<\/span><\/strong> nos ha dejado muchos testimonios: <strong>El Pozo del Concejo<\/strong>; <strong>Los Grifos<\/strong>, en el camino a Clarines; el abrevadero de <strong>El Pilar del Rodeo<\/strong>, en el cordel de Portugal y los cercanos <strong>Lavaderos Municipales<\/strong>, pendientes de recuperaci\u00f3n. Adem\u00e1s, la arquitectura ligada a nuestra econom\u00eda tambi\u00e9n ha dejado algunos ejemplos como la almazara del <strong>Viejo Molino de Cand\u00f3n<\/strong>, o los <strong>Silos del Cortijo de San Benito del \u00c1lamo<\/strong>.<\/p>\n\n\n\n<p><\/p>\n","protected":false},"excerpt":{"rendered":"<p>Beas es tierra de rica historia en la ruta dolm\u00e9nica de Huelva. El Labradillo es [&hellip;]<\/p>\n","protected":false},"author":2,"featured_media":0,"parent":0,"menu_order":0,"comment_status":"closed","ping_status":"closed","template":"","meta":{"footnotes":""},"class_list":["post-39","page","type-page","status-publish","hentry"],"jetpack_sharing_enabled":true,"_links":{"self":[{"href":"https:\/\/www.beasturismo.es\/index.php?rest_route=\/wp\/v2\/pages\/39","targetHints":{"allow":["GET"]}}],"collection":[{"href":"https:\/\/www.beasturismo.es\/index.php?rest_route=\/wp\/v2\/pages"}],"about":[{"href":"https:\/\/www.beasturismo.es\/index.php?rest_route=\/wp\/v2\/types\/page"}],"author":[{"embeddable":true,"href":"https:\/\/www.beasturismo.es\/index.php?rest_route=\/wp\/v2\/users\/2"}],"replies":[{"embeddable":true,"href":"https:\/\/www.beasturismo.es\/index.php?rest_route=%2Fwp%2Fv2%2Fcomments&post=39"}],"version-history":[{"count":7,"href":"https:\/\/www.beasturismo.es\/index.php?rest_route=\/wp\/v2\/pages\/39\/revisions"}],"predecessor-version":[{"id":861,"href":"https:\/\/www.beasturismo.es\/index.php?rest_route=\/wp\/v2\/pages\/39\/revisions\/861"}],"wp:attachment":[{"href":"https:\/\/www.beasturismo.es\/index.php?rest_route=%2Fwp%2Fv2%2Fmedia&parent=39"}],"curies":[{"name":"wp","href":"https:\/\/api.w.org\/{rel}","templated":true}]}}