{"id":52,"date":"2020-07-07T08:40:35","date_gmt":"2020-07-07T08:40:35","guid":{"rendered":"https:\/\/www.beasturismo.es\/?page_id=52"},"modified":"2021-01-11T12:18:16","modified_gmt":"2021-01-11T12:18:16","slug":"clarines","status":"publish","type":"page","link":"https:\/\/www.beasturismo.es\/?page_id=52","title":{"rendered":"Clarines"},"content":{"rendered":"<p><strong>Clarines<\/strong> es un espacio urbano est\u00e1 asentado en una peque\u00f1a colina, a corta distancia de Beas, en la carretera que conduce hacia Cand\u00f3n y Niebla. Clarines comenz\u00f3 a surgir como poblaci\u00f3n estable a comienzos de los a\u00f1os 50 del pasado siglo XX, al amparo del Santuario de Ntra. Sra. de los Clarines, patrona del lugar, aceler\u00e1ndose su urbanizaci\u00f3n a partir de los a\u00f1os 70. La mayor\u00eda de sus viviendas tienen un uso relacionado con el ocio y el esparcimiento, en especial durante la celebraci\u00f3n de las fiestas en honor de la Virgen, durante el mes de agosto.<\/p>\n<figure>\n\t\t\t\t\t\t\t\t\t\t<img decoding=\"async\" width=\"500\" height=\"333\" src=\"https:\/\/www.beasturismo.es\/wp-content\/uploads\/2020\/08\/ERMITA-DE-LOS-CLARINES-MARINA-ROSILLO-OTA\u00d1O-1-2.jpg\" alt=\"\" loading=\"lazy\" srcset=\"https:\/\/www.beasturismo.es\/wp-content\/uploads\/2020\/08\/ERMITA-DE-LOS-CLARINES-MARINA-ROSILLO-OTA\u00d1O-1-2.jpg 500w, https:\/\/www.beasturismo.es\/wp-content\/uploads\/2020\/08\/ERMITA-DE-LOS-CLARINES-MARINA-ROSILLO-OTA\u00d1O-1-2-300x200.jpg 300w\" sizes=\"auto, (max-width: 500px) 100vw, 500px\" \/><figcaption><\/figcaption><\/figure>\n<p style=\"box-sizing: border-box; margin-top: 0px; margin-bottom: 26px; color: #7a7a7a; font-family: Roboto, sans-serif; font-size: 16px; font-style: normal; font-variant-ligatures: normal; font-variant-caps: normal; font-weight: 400; letter-spacing: normal; orphans: 2; text-align: left; text-indent: 0px; text-transform: none; white-space: normal; widows: 2; word-spacing: 0px; -webkit-text-stroke-width: 0px; background-color: #ffffff;\">La ermita presenta una sola nave cubierta con techumbre de madera a dos aguas. La estructura actual del santuario es obra del siglo XX, realizada en su mayor parte tras el terremoto de 1969. No obstante conserva algunos elementos realizados en fechas anteriores, como la capilla mayor y el camar\u00edn de la Virgen, realizados en el siglo XVIII, hacia 1739.<\/p>\n<p>En la ermita destacan las im\u00e1genes de\u00a0Ntra. Sra. la Virgen de los Clarines, de candelero para vestir, realizada por Antonio Castillo Lastrucci en 1937, si bien el Ni\u00f1o que sostiene la Virgen es de talla anterior, posiblemente del siglo XVIII; otra imagen destacada que se venera en el santuario es la de\u00a0Ntro. Padre Jes\u00fas de la Amargura, realizada en 1943 por Antonio Le\u00f3n Ortega. En la ermita destaca igualmente la reja de hierro forjado del siglo XVIII que aparece en el vano que ilumina el camar\u00edn.<\/p>\n<p>Clarines es una de los m\u00e1s antiguas y veneradas ermitas de la provincia de Huelva, construida sobre los restos ahora no visibles de un viejo castillo o fortaleza. Clarines es un santuario vinculado al mundo de la mar, desde la colina donde se asienta es vivible el curso bajo del r\u00edo Tinto y la ciudad de Huelva.<\/p>\n<p>Tambi\u00e9n es un espacio hermanado con Am\u00e9rica, all\u00ed rezaron muchos colonos antes de partida al otro lado del Oc\u00e9ano, y desde all\u00ed parti\u00f3 en viaje el triguere\u00f1o Francisco de Vides, alcalde de Caracas y fundador de la ciudad de Clarines en la Nueva Andaluc\u00eda, hoy Venezuela, datos que podemos conocer en el Museo de Clarines, anexo a la ermita.<\/p>\n<p>En el camino a Clarines podemos destacar\u00a0Los Grifos\u00a0y la\u00a0Cruz de San Bartolom\u00e9.<\/p>\n<p>\t\t\t<iframe frameborder=\"0\" scrolling=\"no\" marginheight=\"0\" marginwidth=\"0\" src=\"https:\/\/maps.google.com\/maps?q=ermita%20de%20los%20clarines&amp;t=m&amp;z=17&amp;output=embed&amp;iwloc=near\" title=\"ermita de los clarines\" aria-label=\"ermita de los clarines\"><\/iframe>\t\t<\/p>\n<p><b>HORARIO APERTURA AL P\u00daBLICO:<\/b><\/p>\n<p><u>Primavera:<br \/><\/u>L-V:\u00a0 \u00a0 \u00a0 \u00a0 \u00a010:00 a 14:00 h\u00a0 \u00a0 \u00a0\/\u00a0 \u00a0 \u00a017:00 a 21:00 h<br \/>S-D-F:\u00a0 \u00a0 \u00a010:00 a 21:00 h\u00a0 \u00a0 \u00a0<\/p>\n<p><u>Verano:<br \/><\/u>L-V:\u00a0 \u00a0 \u00a0 \u00a0 \u00a009:00 a 14:00 h\u00a0 \u00a0 \u00a0\/\u00a0 \u00a0 \u00a018:00 a 22:00 h<br \/>S-D-F:\u00a0 \u00a0 \u00a009:00 a 22:00 h\u00a0 \u00a0 \u00a0<\/p>\n<p>La\u00a0ermita estar\u00e1 cerrada\u00a0durante el tiempo de permanencia de la Sagrada Imagen en la Parroquia &#8211;\u00a0\u00faltimo fin de semana de Julio al 13 de Agosto.\u00a0La ermita tambi\u00e9n estar\u00e1 cerrada el\u00a0primer jueves de cada mes.<\/p>\n<p>MISAS:<\/p>\n<p><u>Febrero:<\/u>\u00a0 \u00a01er s\u00e1bado y \u00faltimo domingo de mes &#8211; 12:00 h<\/p>\n<p><u>Agosto<\/u>:\u00a0 \u00a0 d\u00eda 14 &#8211; 21:00h<br \/>\u00a0 \u00a0 \u00a0 \u00a0 \u00a0 \u00a0 \u00a0 \u00a0 \u00a0 d\u00eda 15 &#8211; 12:00 h<br \/>\u00a0 \u00a0 \u00a0 \u00a0 \u00a0 \u00a0 \u00a0 \u00a0 \u00a0 d\u00eda 16 &#8211; horario variable<\/p>\n","protected":false},"excerpt":{"rendered":"<p>Clarines es un espacio urbano est\u00e1 asentado en una peque\u00f1a colina, a corta distancia de [&hellip;]<\/p>\n","protected":false},"author":2,"featured_media":0,"parent":0,"menu_order":0,"comment_status":"closed","ping_status":"closed","template":"","meta":{"footnotes":""},"class_list":["post-52","page","type-page","status-publish","hentry"],"jetpack_sharing_enabled":true,"_links":{"self":[{"href":"https:\/\/www.beasturismo.es\/index.php?rest_route=\/wp\/v2\/pages\/52","targetHints":{"allow":["GET"]}}],"collection":[{"href":"https:\/\/www.beasturismo.es\/index.php?rest_route=\/wp\/v2\/pages"}],"about":[{"href":"https:\/\/www.beasturismo.es\/index.php?rest_route=\/wp\/v2\/types\/page"}],"author":[{"embeddable":true,"href":"https:\/\/www.beasturismo.es\/index.php?rest_route=\/wp\/v2\/users\/2"}],"replies":[{"embeddable":true,"href":"https:\/\/www.beasturismo.es\/index.php?rest_route=%2Fwp%2Fv2%2Fcomments&post=52"}],"version-history":[{"count":36,"href":"https:\/\/www.beasturismo.es\/index.php?rest_route=\/wp\/v2\/pages\/52\/revisions"}],"predecessor-version":[{"id":1167,"href":"https:\/\/www.beasturismo.es\/index.php?rest_route=\/wp\/v2\/pages\/52\/revisions\/1167"}],"wp:attachment":[{"href":"https:\/\/www.beasturismo.es\/index.php?rest_route=%2Fwp%2Fv2%2Fmedia&parent=52"}],"curies":[{"name":"wp","href":"https:\/\/api.w.org\/{rel}","templated":true}]}}