{"id":58,"date":"2020-07-07T08:41:31","date_gmt":"2020-07-07T08:41:31","guid":{"rendered":"https:\/\/www.beasturismo.es\/?page_id=58"},"modified":"2021-02-09T18:10:15","modified_gmt":"2021-02-09T18:10:15","slug":"navahermosa","status":"publish","type":"page","link":"https:\/\/www.beasturismo.es\/?page_id=58","title":{"rendered":"Navahermosa"},"content":{"rendered":"\n\n<a class=\"is-style-outline--1 is-layout-flex wp-block-buttons-is-layout-flex\" href=\"https:\/\/www.beasturismo.es\/?page_id=1194\">Qu\u00e9 ver en Navahermosa<\/a>\n\nhttps:\/\/youtu.be\/MZv1rH9ePoQ<p><b>Navahermosa<\/b>\u00a0es la aldea m\u00e1s peque\u00f1a del municipio de Beas y\u00a0 su nombre significa valle hermoso o bonito, en alusi\u00f3n a este espacio paisaj\u00edstico singular. \u00c9sta aldea est\u00e1 asentada en un frondoso valle rodeado de ricas huertas de frutales, en la zona noreste del t\u00e9rmino municipal, cercano al barranco de Pedro L\u00f3pez, en la frontera con las tierras de Niebla.<\/p>\n<p> En este lugar debieron existir casas desde el siglo XVIII, cuando empieza a ser poblado por los valverde\u00f1os, que distribuyeron sus viviendas en torno a dos barrios: el Alto y el Bajo.<\/p>","protected":false},"excerpt":{"rendered":"<p>https:\/\/youtu.be\/MZv1rH9ePoQ Navahermosa\u00a0es la aldea m\u00e1s peque\u00f1a del municipio de Beas y\u00a0 su nombre significa valle [&hellip;]<\/p>\n","protected":false},"author":2,"featured_media":0,"parent":0,"menu_order":0,"comment_status":"closed","ping_status":"closed","template":"","meta":{"footnotes":""},"class_list":["post-58","page","type-page","status-publish","hentry"],"jetpack_sharing_enabled":true,"_links":{"self":[{"href":"https:\/\/www.beasturismo.es\/index.php?rest_route=\/wp\/v2\/pages\/58","targetHints":{"allow":["GET"]}}],"collection":[{"href":"https:\/\/www.beasturismo.es\/index.php?rest_route=\/wp\/v2\/pages"}],"about":[{"href":"https:\/\/www.beasturismo.es\/index.php?rest_route=\/wp\/v2\/types\/page"}],"author":[{"embeddable":true,"href":"https:\/\/www.beasturismo.es\/index.php?rest_route=\/wp\/v2\/users\/2"}],"replies":[{"embeddable":true,"href":"https:\/\/www.beasturismo.es\/index.php?rest_route=%2Fwp%2Fv2%2Fcomments&post=58"}],"version-history":[{"count":32,"href":"https:\/\/www.beasturismo.es\/index.php?rest_route=\/wp\/v2\/pages\/58\/revisions"}],"predecessor-version":[{"id":1442,"href":"https:\/\/www.beasturismo.es\/index.php?rest_route=\/wp\/v2\/pages\/58\/revisions\/1442"}],"wp:attachment":[{"href":"https:\/\/www.beasturismo.es\/index.php?rest_route=%2Fwp%2Fv2%2Fmedia&parent=58"}],"curies":[{"name":"wp","href":"https:\/\/api.w.org\/{rel}","templated":true}]}}