{"id":64,"date":"2020-07-07T08:48:29","date_gmt":"2020-07-07T08:48:29","guid":{"rendered":"https:\/\/www.beasturismo.es\/?page_id=64"},"modified":"2020-08-31T15:25:56","modified_gmt":"2020-08-31T15:25:56","slug":"romeria-de-ntra-sra-de-los-clarines","status":"publish","type":"page","link":"https:\/\/www.beasturismo.es\/?page_id=64","title":{"rendered":"Romer\u00eda de Ntra Sra de los Clarines"},"content":{"rendered":"\n<p class=\"has-text-align-center\"><strong>\u00a1Viva la Virgen de los Clarines! \u00a1Viva!<\/strong><\/p>\n\n\n\n<div class=\"wp-block-buttons aligncenter is-layout-flex wp-block-buttons-is-layout-flex\">\n<div class=\"wp-block-button is-style-outline is-style-outline--1\"><a class=\"wp-block-button__link\" href=\"https:\/\/www.beasturismo.es\/?page_id=823\">Clarines Chico<\/a><\/div>\n\n\n\n<div class=\"wp-block-button is-style-outline is-style-outline--2\"><a class=\"wp-block-button__link\" href=\"https:\/\/www.beasturismo.es\/?page_id=826\">Clarines Grande<\/a><\/div>\n<\/div>\n\n\n\n<p><span style=\"color:#ffffff\" class=\"has-inline-color\">&#8230;&#8230;&#8230;..<\/span><\/p>\n\n\n\n<p class=\"has-text-align-center\">Madre de Clarines<br>alma bondadosa<br>al mirar tus ojos<br>la alegr\u00eda del beasino,<br>del coraz\u00f3n rebosa.<br><br>Reflejos de amor<br>rayos de luz<br>bondad infinita<br>todo eso<br>me dicen los ojos<br>de tu cara bonita<br>Madre de Clarines<br>fortaleza infinita,<br>con s\u00f3lo una mirada<br>las penas y el dolor,<br>t\u00fa me quitas.<br><br>Reflejos de fortaleza<br>rayos de esperanza<br>amor a raudales<br>todo eso<br>cuando te miro<br>de tus ojos salen.<br><br>Madre de Clarines<br>por nosotros ruega,<br>no nos abandones<br>cuando en el camino,<br>nos fallen las fuerzas.<br><br>Reflejos de dulzura<br>rayos de grandeza<br>compasi\u00f3n sin barrera<br>todo eso<br>yo veo cuando<br>te miro de cerca.<br><br>Madre de Clarines<br>gran Se\u00f1ora,<br>a ti rogamos<br>que en tus brazos<br>de madre nos acojas.<br>Reflejos de cari\u00f1o<br>rayos de ternura<br>belleza serena<br>todo eso<br>cuando te miro<br>tus ojos reflejan.<\/p>\n\n\n\n<p><\/p>\n","protected":false},"excerpt":{"rendered":"<p>\u00a1Viva la Virgen de los Clarines! \u00a1Viva! &#8230;&#8230;&#8230;.. Madre de Clarinesalma bondadosaal mirar tus ojosla [&hellip;]<\/p>\n","protected":false},"author":2,"featured_media":0,"parent":0,"menu_order":0,"comment_status":"closed","ping_status":"closed","template":"","meta":{"footnotes":""},"class_list":["post-64","page","type-page","status-publish","hentry"],"jetpack_sharing_enabled":true,"_links":{"self":[{"href":"https:\/\/www.beasturismo.es\/index.php?rest_route=\/wp\/v2\/pages\/64","targetHints":{"allow":["GET"]}}],"collection":[{"href":"https:\/\/www.beasturismo.es\/index.php?rest_route=\/wp\/v2\/pages"}],"about":[{"href":"https:\/\/www.beasturismo.es\/index.php?rest_route=\/wp\/v2\/types\/page"}],"author":[{"embeddable":true,"href":"https:\/\/www.beasturismo.es\/index.php?rest_route=\/wp\/v2\/users\/2"}],"replies":[{"embeddable":true,"href":"https:\/\/www.beasturismo.es\/index.php?rest_route=%2Fwp%2Fv2%2Fcomments&post=64"}],"version-history":[{"count":11,"href":"https:\/\/www.beasturismo.es\/index.php?rest_route=\/wp\/v2\/pages\/64\/revisions"}],"predecessor-version":[{"id":835,"href":"https:\/\/www.beasturismo.es\/index.php?rest_route=\/wp\/v2\/pages\/64\/revisions\/835"}],"wp:attachment":[{"href":"https:\/\/www.beasturismo.es\/index.php?rest_route=%2Fwp%2Fv2%2Fmedia&parent=64"}],"curies":[{"name":"wp","href":"https:\/\/api.w.org\/{rel}","templated":true}]}}