{"id":66,"date":"2020-07-07T08:49:03","date_gmt":"2020-07-07T08:49:03","guid":{"rendered":"https:\/\/www.beasturismo.es\/?page_id=66"},"modified":"2020-08-31T10:04:57","modified_gmt":"2020-08-31T10:04:57","slug":"romeria-de-ntra-sra-de-espana","status":"publish","type":"page","link":"https:\/\/www.beasturismo.es\/?page_id=66","title":{"rendered":"Romer\u00eda de Ntra Sra de Espa\u00f1a"},"content":{"rendered":"<p><img loading=\"lazy\" decoding=\"async\" width=\"765\" height=\"1024\" src=\"https:\/\/www.beasturismo.es\/wp-content\/uploads\/2020\/08\/118138385_1651660271662907_7654710119207153034_o-765x1024.jpg\" alt=\"\" srcset=\"https:\/\/www.beasturismo.es\/wp-content\/uploads\/2020\/08\/118138385_1651660271662907_7654710119207153034_o-765x1024.jpg 765w, https:\/\/www.beasturismo.es\/wp-content\/uploads\/2020\/08\/118138385_1651660271662907_7654710119207153034_o-224x300.jpg 224w, https:\/\/www.beasturismo.es\/wp-content\/uploads\/2020\/08\/118138385_1651660271662907_7654710119207153034_o-768x1027.jpg 768w, https:\/\/www.beasturismo.es\/wp-content\/uploads\/2020\/08\/118138385_1651660271662907_7654710119207153034_o-1148x1536.jpg 1148w, https:\/\/www.beasturismo.es\/wp-content\/uploads\/2020\/08\/118138385_1651660271662907_7654710119207153034_o.jpg 1196w\" sizes=\"auto, (max-width: 765px) 100vw, 765px\" \/>\t\t\t\t\t\t\t\t\t\t\t<\/p>\n<p>El santuario de Santa Mar\u00eda de Espa\u00f1a est\u00e1 ubicado en Sotiel Coronada, en el municipio de Cala\u00f1as. Es una de las ermitas rurales m\u00e1s antiguas de la comarca del And\u00e9valo, donde abundan los lugares de culto dedicados a advocaciones marianas y de santos, con ricas tradiciones festivas de gran inter\u00e9s cultural. Se halla frente a otro santuario mariano de gran tradici\u00f3n en la comarca, el de La Coronada. Ha sido este un espacio de devociones marianas compartidas entre pueblos vecinos, Cala\u00f1as, Valverde del Camino y Beas, al menos desde el siglo XV, momento en el que se tienen las primeras noticias de la existencia de estas dos ermitas rurales dedicadas a la Virgen, situadas una frente a la otra \u00a0\u2013 1425 d.c es la fecha <br \/>m\u00e1s antigua en la que aparecen documentadas por vez primera la dos capillas de la Virgen.<\/p>\n<p><strong>Desde el a\u00f1o 1712<\/strong> <em>la Virgen es tra\u00edda peri\u00f3dicamente hasta el pueblo de Beas<\/em>, y <strong>desde el a\u00f1o 1985<\/strong> <em>los beasinos organizan una romer\u00eda anual en el entorno de la ermita<\/em> <strong>durante el tercer fin <br \/>de semana del mes de mayo<\/strong>.<\/p>\n<p>El caminar de los peregrinos se inicia el viernes, desde la Plaza de Espa\u00f1a de Beas, acompa\u00f1ando a la carreta del Simpecado. El recorrido se har\u00e1 siguiendo el viejo trazado del ferrocarril. El camino es largo, y el almuerzo lo realizan en la bella dehesa de Pallares. Tras el almuerzo la comitiva contin\u00faa el camino hacia el santuario, donde se llega al caer la noche; <br \/>El s\u00e1bado al caer la tarde se celebrar\u00e1 el Rosario y la procesi\u00f3n de la Virgen. En la noche continuar\u00e1 la alegr\u00eda entre las reuniones de amigos y romeros; Y al d\u00eda siguiente, el domingo, <br \/>se celebrar\u00e1 la Eucarist\u00eda, y tras el almuerzo iniciar\u00e1n el camino de vuelta a Beas.<\/p>\n","protected":false},"excerpt":{"rendered":"<p>El santuario de Santa Mar\u00eda de Espa\u00f1a est\u00e1 ubicado en Sotiel Coronada, en el municipio [&hellip;]<\/p>\n","protected":false},"author":2,"featured_media":0,"parent":0,"menu_order":0,"comment_status":"closed","ping_status":"closed","template":"","meta":{"footnotes":""},"class_list":["post-66","page","type-page","status-publish","hentry"],"jetpack_sharing_enabled":true,"_links":{"self":[{"href":"https:\/\/www.beasturismo.es\/index.php?rest_route=\/wp\/v2\/pages\/66","targetHints":{"allow":["GET"]}}],"collection":[{"href":"https:\/\/www.beasturismo.es\/index.php?rest_route=\/wp\/v2\/pages"}],"about":[{"href":"https:\/\/www.beasturismo.es\/index.php?rest_route=\/wp\/v2\/types\/page"}],"author":[{"embeddable":true,"href":"https:\/\/www.beasturismo.es\/index.php?rest_route=\/wp\/v2\/users\/2"}],"replies":[{"embeddable":true,"href":"https:\/\/www.beasturismo.es\/index.php?rest_route=%2Fwp%2Fv2%2Fcomments&post=66"}],"version-history":[{"count":3,"href":"https:\/\/www.beasturismo.es\/index.php?rest_route=\/wp\/v2\/pages\/66\/revisions"}],"predecessor-version":[{"id":784,"href":"https:\/\/www.beasturismo.es\/index.php?rest_route=\/wp\/v2\/pages\/66\/revisions\/784"}],"wp:attachment":[{"href":"https:\/\/www.beasturismo.es\/index.php?rest_route=%2Fwp%2Fv2%2Fmedia&parent=66"}],"curies":[{"name":"wp","href":"https:\/\/api.w.org\/{rel}","templated":true}]}}