{"id":680,"date":"2020-08-22T07:42:15","date_gmt":"2020-08-22T07:42:15","guid":{"rendered":"https:\/\/www.beasturismo.es\/?page_id=680"},"modified":"2020-09-03T16:04:55","modified_gmt":"2020-09-03T16:04:55","slug":"reyes-magos","status":"publish","type":"page","link":"https:\/\/www.beasturismo.es\/?page_id=680","title":{"rendered":"Reyes Magos"},"content":{"rendered":"<p><img loading=\"lazy\" decoding=\"async\" width=\"512\" height=\"294\" src=\"https:\/\/www.beasturismo.es\/wp-content\/uploads\/2020\/08\/Ilustraci\u00f3n-Reyes-Magos-de-Oriente-.jpg\" alt=\"\" srcset=\"https:\/\/www.beasturismo.es\/wp-content\/uploads\/2020\/08\/Ilustraci\u00f3n-Reyes-Magos-de-Oriente-.jpg 512w, https:\/\/www.beasturismo.es\/wp-content\/uploads\/2020\/08\/Ilustraci\u00f3n-Reyes-Magos-de-Oriente--300x172.jpg 300w\" sizes=\"auto, (max-width: 512px) 100vw, 512px\" \/>\t\t\t\t\t\t\t\t\t\t\t<\/p>\n<p>Cada <strong>5 de Enero<\/strong> los Reyes Magos de Oriente llegan al pueblo de Beas para recorrer sus calles, llenarlas de alegr\u00eda, emoci\u00f3n y nervios.\u00a0 Finalizan en la Plaza de Espa\u00f1a, d\u00f3nde har\u00e1n una entrega de regalos a los m\u00e1s peque\u00f1os.<\/p>\n<p>Cada 5 de Enero, y antes de que la Cabalgata haga su recorrido por las calles del pueblo, SSMM los Reyes Magos de Oriente hacen una parada en los centros sociales del pueblo: Betsaida y la Residencia de Mayores, para que la magia de la Navidad llegue a todos los rincones y a todos los corazoncitos de nuestro querido pueblo.<\/p>\n<p>El horario del comienzo de la cabalgata suele ser sobre las <strong>17.00h<\/strong>. Adem\u00e1s, el recorrido var\u00eda seg\u00fan el a\u00f1o, lo cual lo hace m\u00e1s interesante.<\/p>\n<p>\u00a0<\/p>\n<p><em>\u201cQueridos Reyes Magos de Oriente espero que tengan en cuenta que me he portado muy bien, he intimado con mis miedos, he pulido mis defectos y he intentando hacerlo mejor cada d\u00eda:<\/em><\/p>\n<p><em>A ti\u00a0<strong>Melchor<\/strong>\u00a0te pido un\u00a0<strong>saquito de solidaridad<\/strong>. Prometo que me encargar\u00e9 de repartirla a todos los que a\u00fan tienen que aprender a empatizar. Les har\u00e9 ver lo importante que es ayudar a alguien y lo poco que cuesta hacerlo. Estoy convencido de que cuando ayuden a una persona se sentir\u00e1n tan plenos y felices que querr\u00e1n seguir ayudando a otros. No puede ser que nos hayamos vuelto tan ego\u00edstas.<\/em><\/p>\n<p><em>A ti\u00a0<strong>Gaspar<\/strong>\u00a0te pido\u00a0<strong>amaneceres amables.\u00a0<\/strong>Quiero que los soles de cada uno de los d\u00edas del a\u00f1o est\u00e9n llenos de amabilidad. Ser amable nos hace ser agradecidos, y creo que no hay palabra m\u00e1s bonita y sentida que un simple: <strong>Gracias.<\/strong><\/em><\/p>\n<p><em>Y a ti\u00a0<strong>Baltasar<\/strong> te pido que<strong> la gente vuelva a creer en el amor. <\/strong>Con amor caernos no ser\u00eda tan dram\u00e1tico y levantarnos ser\u00eda sencillo. Pondr\u00edamos punto y final a todo eso que nos da\u00f1a y escribir\u00edamos miles de p\u00e1ginas aut\u00e9nticas, c\u00f3modas y llenas de sosiego. Y las guerras tendr\u00edan lugar solo en los libros de historia\u201d<\/p>\n<p>\u00a0 \u00a0 \u00a0 \u00a0 \u00a0 \u00a0 \u00a0 \u00a0 \u00a0 \u00a0 \u00a0 \u00a0 \u00a0 \u00a0 \u00a0 \u00a0 \u00a0 \u00a0 \u00a0 \u00a0 \u00a0 \u00a0 \u00a0 \u00a0 \u00a0 \u00a0 \u00a0 \u00a0 \u00a0 \u00a0 \u00a0 \u00a0 \u00a0 \u00a0 \u00a0 \u00a0 \u00a0 \u00a0 \u00a0 \u00a0 \u00a0 \u00a0 \u00a0 \u00a0 \u00a0 \u00a0 \u00a0 \u00a0 \u00a0 \u00a0 \u00a0 \u00a0 \u00a0 \u00a0 \u00a0 \u00a0 \u00a0 \u00a0 \u00a0 \u00a0 \u00a0 \u00a0 \u00a0 \u00a0 \u00a0 \u00a0 \u00a0 \u00a0 \u00a0 \u00a0 \u00a0 \u00a0 \u00a0 Atentamente,<br \/><\/em><em>An\u00f3nimo<\/p>\n<p><\/em><\/p>\n<p>\u00a0<\/p>\n","protected":false},"excerpt":{"rendered":"<p>Cada 5 de Enero los Reyes Magos de Oriente llegan al pueblo de Beas para [&hellip;]<\/p>\n","protected":false},"author":2,"featured_media":0,"parent":0,"menu_order":0,"comment_status":"closed","ping_status":"closed","template":"","meta":{"footnotes":""},"class_list":["post-680","page","type-page","status-publish","hentry"],"jetpack_sharing_enabled":true,"_links":{"self":[{"href":"https:\/\/www.beasturismo.es\/index.php?rest_route=\/wp\/v2\/pages\/680","targetHints":{"allow":["GET"]}}],"collection":[{"href":"https:\/\/www.beasturismo.es\/index.php?rest_route=\/wp\/v2\/pages"}],"about":[{"href":"https:\/\/www.beasturismo.es\/index.php?rest_route=\/wp\/v2\/types\/page"}],"author":[{"embeddable":true,"href":"https:\/\/www.beasturismo.es\/index.php?rest_route=\/wp\/v2\/users\/2"}],"replies":[{"embeddable":true,"href":"https:\/\/www.beasturismo.es\/index.php?rest_route=%2Fwp%2Fv2%2Fcomments&post=680"}],"version-history":[{"count":3,"href":"https:\/\/www.beasturismo.es\/index.php?rest_route=\/wp\/v2\/pages\/680\/revisions"}],"predecessor-version":[{"id":744,"href":"https:\/\/www.beasturismo.es\/index.php?rest_route=\/wp\/v2\/pages\/680\/revisions\/744"}],"wp:attachment":[{"href":"https:\/\/www.beasturismo.es\/index.php?rest_route=%2Fwp%2Fv2%2Fmedia&parent=680"}],"curies":[{"name":"wp","href":"https:\/\/api.w.org\/{rel}","templated":true}]}}