{"id":72,"date":"2020-07-07T08:50:12","date_gmt":"2020-07-07T08:50:12","guid":{"rendered":"https:\/\/www.beasturismo.es\/?page_id=72"},"modified":"2020-08-28T17:28:22","modified_gmt":"2020-08-28T17:28:22","slug":"fiestas-de-ntra-sra-de-la-salud","status":"publish","type":"page","link":"https:\/\/www.beasturismo.es\/?page_id=72","title":{"rendered":"Fiestas de Ntra Sra de la Salud"},"content":{"rendered":"<p><img loading=\"lazy\" decoding=\"async\" width=\"1024\" height=\"768\" src=\"https:\/\/www.beasturismo.es\/wp-content\/uploads\/2020\/08\/Fiestas-de-Ntra-Sra-de-la-Salud-Fuente-de-la-COrcha.jpg\" alt=\"\" srcset=\"https:\/\/www.beasturismo.es\/wp-content\/uploads\/2020\/08\/Fiestas-de-Ntra-Sra-de-la-Salud-Fuente-de-la-COrcha.jpg 1024w, https:\/\/www.beasturismo.es\/wp-content\/uploads\/2020\/08\/Fiestas-de-Ntra-Sra-de-la-Salud-Fuente-de-la-COrcha-300x225.jpg 300w, https:\/\/www.beasturismo.es\/wp-content\/uploads\/2020\/08\/Fiestas-de-Ntra-Sra-de-la-Salud-Fuente-de-la-COrcha-768x576.jpg 768w\" sizes=\"auto, (max-width: 1024px) 100vw, 1024px\" \/>\t\t\t\t\t\t\t\t\t\t\t<\/p>\n<p style=\"margin-top: 0cm; background: white;\">Desde la d\u00e9cada de 1980 en el mes de <strong>mayo<\/strong> se celebra la <strong>romer\u00eda a su Patrona.<\/strong>\u00a0Los corcheros, llevan cada a\u00f1o a su Virgen hasta el paraje \u00abCabezo de la Virgen\u00bb para oficiar una Misa en su honor, y celebrar a continuaci\u00f3n una jornada festiva de convivencia entre vecinos y visitantes y regresar al atardecer hasta la aldea.<\/p>\n<p style=\"margin-top: 0cm; background: white;\">Las <strong>fiestas patronales<\/strong> de Ntra. Sra. de la Salud se celebran en Fuente de la Corcha el <strong>\u00faltimo fin de semana del mes de septiembre<\/strong>. La apertura de las fiestas se inicia con los cultos en honor de la patrona de la localidad, un triduo, que suele comenzar en la tarde del jueves. Al mismo le seguir\u00e1 en la noche del viernes el Preg\u00f3n, al que seguir\u00e1 el baile.<\/p>\n<p style=\"margin-top: 0cm; background: white; box-sizing: border-box; font-variant-ligatures: normal; font-variant-caps: normal; orphans: 2; widows: 2; -webkit-text-stroke-width: 0px; word-spacing: 0px;\">En el fin de semana, durante el s\u00e1bado y el domingo, tendr\u00e1n lugar los mayores actos de la fiesta; actividades deportivas, Santo Rosario, bailes&#8230; para llegar al domingo que se inicia con la popular diana por las calles del pueblo y que dejar\u00e1 paso a la Funci\u00f3n de Iglesia en honor de la Virgen, tras la cual la Se\u00f1ora recorrer\u00e1 todas y cada una de las casas de la localidad.<\/p>\n<p>El lunes es una jornada m\u00e1s \u00edntima, en la cual tiene lugar la comida de hermandad, en la que participan todos los vecinos de la aldea, procedi\u00e9ndose -a continuaci\u00f3n- a la elecci\u00f3n de la nueva Junta de Hermandad.<\/p>\n","protected":false},"excerpt":{"rendered":"<p>Desde la d\u00e9cada de 1980 en el mes de mayo se celebra la romer\u00eda a [&hellip;]<\/p>\n","protected":false},"author":2,"featured_media":0,"parent":0,"menu_order":0,"comment_status":"closed","ping_status":"closed","template":"","meta":{"footnotes":""},"class_list":["post-72","page","type-page","status-publish","hentry"],"jetpack_sharing_enabled":true,"_links":{"self":[{"href":"https:\/\/www.beasturismo.es\/index.php?rest_route=\/wp\/v2\/pages\/72","targetHints":{"allow":["GET"]}}],"collection":[{"href":"https:\/\/www.beasturismo.es\/index.php?rest_route=\/wp\/v2\/pages"}],"about":[{"href":"https:\/\/www.beasturismo.es\/index.php?rest_route=\/wp\/v2\/types\/page"}],"author":[{"embeddable":true,"href":"https:\/\/www.beasturismo.es\/index.php?rest_route=\/wp\/v2\/users\/2"}],"replies":[{"embeddable":true,"href":"https:\/\/www.beasturismo.es\/index.php?rest_route=%2Fwp%2Fv2%2Fcomments&post=72"}],"version-history":[{"count":4,"href":"https:\/\/www.beasturismo.es\/index.php?rest_route=\/wp\/v2\/pages\/72\/revisions"}],"predecessor-version":[{"id":704,"href":"https:\/\/www.beasturismo.es\/index.php?rest_route=\/wp\/v2\/pages\/72\/revisions\/704"}],"wp:attachment":[{"href":"https:\/\/www.beasturismo.es\/index.php?rest_route=%2Fwp%2Fv2%2Fmedia&parent=72"}],"curies":[{"name":"wp","href":"https:\/\/api.w.org\/{rel}","templated":true}]}}