{"id":826,"date":"2020-08-31T13:45:33","date_gmt":"2020-08-31T13:45:33","guid":{"rendered":"https:\/\/www.beasturismo.es\/?page_id=826"},"modified":"2020-08-31T15:27:00","modified_gmt":"2020-08-31T15:27:00","slug":"clarines-grande","status":"publish","type":"page","link":"https:\/\/www.beasturismo.es\/?page_id=826","title":{"rendered":"Clarines Grande"},"content":{"rendered":"<p><img loading=\"lazy\" decoding=\"async\" width=\"680\" height=\"484\" src=\"https:\/\/www.beasturismo.es\/wp-content\/uploads\/2020\/08\/clarines-grande-2.jpg\" alt=\"\" srcset=\"https:\/\/www.beasturismo.es\/wp-content\/uploads\/2020\/08\/clarines-grande-2.jpg 680w, https:\/\/www.beasturismo.es\/wp-content\/uploads\/2020\/08\/clarines-grande-2-300x214.jpg 300w\" sizes=\"auto, (max-width: 680px) 100vw, 680px\" \/>\t\t\t\t\t\t\t\t\t\t\t<\/p>\n<p style=\"margin: 0cm 0cm 24.3pt 0cm;\"><strong>Clarines Grande<\/strong>\u00a0<strong style=\"box-sizing: border-box;\">\u2013<\/strong>\u00a0Agosto<\/p>\n<p style=\"box-sizing: border-box; margin: 0cm 0cm 24.3pt 0cm;\">Tradici\u00f3n que se viene cumpliendo desde el siglo XIV.\u00a0La romer\u00eda de Clarines est\u00e1 profundamente arraigada entre los beasinos. Su formato actual, de tres d\u00edas de romer\u00eda en la aldea<strong style=\"box-sizing: border-box;\">,<\/strong>\u00a0proviene de los a\u00f1os 30, cuando un grupo de beasinos propuso alargar la romer\u00eda\u00a0 que se celebraba el 15 de Agosto, para pasar a desarrollarse\u00a0<strong style=\"box-sizing: border-box;\">los d\u00edas 14, 15 <br \/>y 16 de agosto<\/strong>.<\/p>\n<p style=\"box-sizing: border-box; margin: 0cm 0cm 24.3pt 0cm;\"><em style=\"box-sizing: border-box;\">Cuenta la leyenda que un pastor manco, atra\u00eddo por el sonar de Clarines, encontr\u00f3 a la imagen escondida en una higuera, lugar donde la hab\u00edan depositado los cristianos para protegerla de los sarracenos. As\u00ed lo narra fray Felipe de Santiago en un escrito de 1740 <br \/>que recoge la tradici\u00f3n oral de la aparici\u00f3n.<\/em><\/p>\n<section data-id=\"9143a44\" data-element_type=\"section\"><\/section>\n<p style=\"margin: 0cm 0cm 24.3pt 0cm;\">Esta romer\u00eda, que lleg\u00f3 a competir, seg\u00fan las cr\u00f3nicas del momento, con la celebraci\u00f3n de la romer\u00eda de El Roc\u00edo, es una de las fiestas m\u00e1s importantes del calendario festivo anual del municipio de Beas, siendo, al mismo tiempo, una de las romer\u00edas con m\u00e1s tradici\u00f3n en la provincia de Huelva, a la que acuden unas 4.000 o 5.000 personas cada a\u00f1o:<\/p>\n<p style=\"box-sizing: border-box; margin: 0cm 0cm 24.3pt 0cm;\">-Cada\u00a014 de agosto,el pueblo de Beas sale a la calle, vestida de trajes de gitana y de corto, para acompa\u00f1ar a su Virgen de los Clarines desde el pueblo hasta su ermita, en la Aldea de Clarines. La romer\u00eda comienza el 14 por la ma\u00f1ana sobre las<strong style=\"box-sizing: border-box;\">\u00a009.00h\u00a0<\/strong>hasta llegar a la aldea sobre las 14.00h. En su camino hacia Clarines se viven emotivos momentos en la residencia de Ancianos, donde la Virgen entra hasta el interior de las instalaciones para compartir con ellos la alegr\u00eda de la fiesta. Igualmente emocionante la visita a Olibeas, la parada en Los Grifos para rezar el \u00c1ngelus, y la subida de la cuesta de San Bartolom\u00e9 a hombros de costaleros;\u00a0<strong style=\"box-sizing: border-box;\">Sobre\u00a0las 14.00h<\/strong>, con la llegada a la ermita, comienza un desfiles de caballos, carros y carrozas, para gritar\u00a0<strong style=\"box-sizing: border-box;\">los Vivas<\/strong>\u00a0a su Patrona. Y\u00a0<strong style=\"box-sizing: border-box;\">al atardecer<\/strong>\u00a0de este mismo d\u00eda se celebra el\u00a0<strong style=\"box-sizing: border-box;\">rosario.<\/strong><\/p>\n<p style=\"box-sizing: border-box; margin: 0cm 0cm 24.3pt 0cm;\">-El\u00a0d\u00eda 15\u00a0de Agosto comienza<strong style=\"box-sizing: border-box;\">\u00a0a las 12.00h para celebrar la fiesta de la Asunci\u00f3n de la Virgen.<\/strong>\u00a0\u00c9ste mismo d\u00eda por la noche la Virgen de Clarines recorrer\u00e1 las calles de la aldea entre velas, cantes y vivas hasta la madrugada.<\/p>\n<p style=\"box-sizing: border-box; margin: 0cm 0cm 24.3pt 0cm;\">-El\u00a0d\u00eda 16\u00a0es un d\u00eda familiar, que tradicionalmente se dedicaba a recoger los chozos,\u00a0o construcciones ef\u00edmeras de eucalipto que se realizaban en torno a la ermita. En la actualidad, donde la mayor\u00eda de los romeros viven en casas, es un dia que se dedica a comer entre familia y amigos, con una misa de despedida por la tarde.<\/p>\n","protected":false},"excerpt":{"rendered":"<p>Clarines Grande\u00a0\u2013\u00a0Agosto Tradici\u00f3n que se viene cumpliendo desde el siglo XIV.\u00a0La romer\u00eda de Clarines est\u00e1 [&hellip;]<\/p>\n","protected":false},"author":2,"featured_media":0,"parent":0,"menu_order":0,"comment_status":"closed","ping_status":"closed","template":"","meta":{"footnotes":""},"class_list":["post-826","page","type-page","status-publish","hentry"],"jetpack_sharing_enabled":true,"_links":{"self":[{"href":"https:\/\/www.beasturismo.es\/index.php?rest_route=\/wp\/v2\/pages\/826","targetHints":{"allow":["GET"]}}],"collection":[{"href":"https:\/\/www.beasturismo.es\/index.php?rest_route=\/wp\/v2\/pages"}],"about":[{"href":"https:\/\/www.beasturismo.es\/index.php?rest_route=\/wp\/v2\/types\/page"}],"author":[{"embeddable":true,"href":"https:\/\/www.beasturismo.es\/index.php?rest_route=\/wp\/v2\/users\/2"}],"replies":[{"embeddable":true,"href":"https:\/\/www.beasturismo.es\/index.php?rest_route=%2Fwp%2Fv2%2Fcomments&post=826"}],"version-history":[{"count":4,"href":"https:\/\/www.beasturismo.es\/index.php?rest_route=\/wp\/v2\/pages\/826\/revisions"}],"predecessor-version":[{"id":838,"href":"https:\/\/www.beasturismo.es\/index.php?rest_route=\/wp\/v2\/pages\/826\/revisions\/838"}],"wp:attachment":[{"href":"https:\/\/www.beasturismo.es\/index.php?rest_route=%2Fwp%2Fv2%2Fmedia&parent=826"}],"curies":[{"name":"wp","href":"https:\/\/api.w.org\/{rel}","templated":true}]}}