{"id":864,"date":"2020-09-03T16:08:08","date_gmt":"2020-09-03T16:08:08","guid":{"rendered":"https:\/\/www.beasturismo.es\/?page_id=864"},"modified":"2020-09-03T18:00:27","modified_gmt":"2020-09-03T18:00:27","slug":"ruta-del-arroyo-de-candon","status":"publish","type":"page","link":"https:\/\/www.beasturismo.es\/?page_id=864","title":{"rendered":"Ruta del Arroyo de Cand\u00f3n"},"content":{"rendered":"<p><img loading=\"lazy\" decoding=\"async\" width=\"768\" height=\"1090\" src=\"https:\/\/www.beasturismo.es\/wp-content\/uploads\/2020\/09\/Ruta-del-Arroyo-de-Cand\u00f3n-768x1090.jpg\" alt=\"\" srcset=\"https:\/\/www.beasturismo.es\/wp-content\/uploads\/2020\/09\/Ruta-del-Arroyo-de-Cand\u00f3n-768x1090.jpg 768w, https:\/\/www.beasturismo.es\/wp-content\/uploads\/2020\/09\/Ruta-del-Arroyo-de-Cand\u00f3n-211x300.jpg 211w, https:\/\/www.beasturismo.es\/wp-content\/uploads\/2020\/09\/Ruta-del-Arroyo-de-Cand\u00f3n-722x1024.jpg 722w, https:\/\/www.beasturismo.es\/wp-content\/uploads\/2020\/09\/Ruta-del-Arroyo-de-Cand\u00f3n-1083x1536.jpg 1083w, https:\/\/www.beasturismo.es\/wp-content\/uploads\/2020\/09\/Ruta-del-Arroyo-de-Cand\u00f3n-1443x2048.jpg 1443w, https:\/\/www.beasturismo.es\/wp-content\/uploads\/2020\/09\/Ruta-del-Arroyo-de-Cand\u00f3n-scaled.jpg 1804w\" sizes=\"auto, (max-width: 768px) 100vw, 768px\" \/>\t\t\t\t\t\t\t\t\t\t\t<\/p>\n<p><strong>Longitud:\u00a0<\/strong> \u00a0 \u00a0 \u00a0 \u00a0 \u00a0 \u00a0 \u00a0 \u00a0 \u00a010 Km<br \/><strong>Punto de Partida:<\/strong>\u00a0 \u00a0 \u00a0Cand\u00f3n<br \/><strong>Dificultad:\u00a0 \u00a0<\/strong> \u00a0 \u00a0 \u00a0 \u00a0 \u00a0 \u00a0 \u00a0 Media<\/p>\n<p>Tiene su punto de partida en la entrada al n\u00facleo de la poblaci\u00f3n de Cand\u00f3n por la HV 5114 desde Beas (Coop. Virgen del Reposo), una v\u00eda que seguimos en direcci\u00f3n a Niebla y que abandonamos despu\u00e9s de cruzar el puente sobre el Arroyo de Cand\u00f3n hacia la izquierda para llegar a la presa de un peque\u00f1o embalse conocido como Candoncillo.<\/p>\n<p>Volveremos entonces a girar hacia la izquierda para bordear y continuar por el margen izquierdo por un terreno ondulado, rodeadas de monte bajo y encinas, para poco a poco ir alej\u00e1ndonos del cauce y buscar la intersecci\u00f3n con un trazado algo mayor, donde giraremos de nuevo a la izquierda para proseguir por el camino de Villarrasa (Sevilla-Portugal), direcci\u00f3n Beas, atravesando el arroyo de Cand\u00f3n. Despu\u00e9s de unos 2 Km, en direcci\u00f3n Beas, volvemos a girar a la izquierda adentr\u00e1ndonos en un paisaje de olivares y tierras de trigo y girasol, para descender hasta Cand\u00f3n por la zona denominada las Cabradillas.<\/p>\n","protected":false},"excerpt":{"rendered":"<p>Longitud:\u00a0 \u00a0 \u00a0 \u00a0 \u00a0 \u00a0 \u00a0 \u00a0 \u00a0 \u00a010 KmPunto de Partida:\u00a0 \u00a0 \u00a0Cand\u00f3nDificultad:\u00a0 [&hellip;]<\/p>\n","protected":false},"author":2,"featured_media":0,"parent":0,"menu_order":0,"comment_status":"closed","ping_status":"closed","template":"","meta":{"footnotes":""},"class_list":["post-864","page","type-page","status-publish","hentry"],"jetpack_sharing_enabled":true,"_links":{"self":[{"href":"https:\/\/www.beasturismo.es\/index.php?rest_route=\/wp\/v2\/pages\/864","targetHints":{"allow":["GET"]}}],"collection":[{"href":"https:\/\/www.beasturismo.es\/index.php?rest_route=\/wp\/v2\/pages"}],"about":[{"href":"https:\/\/www.beasturismo.es\/index.php?rest_route=\/wp\/v2\/types\/page"}],"author":[{"embeddable":true,"href":"https:\/\/www.beasturismo.es\/index.php?rest_route=\/wp\/v2\/users\/2"}],"replies":[{"embeddable":true,"href":"https:\/\/www.beasturismo.es\/index.php?rest_route=%2Fwp%2Fv2%2Fcomments&post=864"}],"version-history":[{"count":5,"href":"https:\/\/www.beasturismo.es\/index.php?rest_route=\/wp\/v2\/pages\/864\/revisions"}],"predecessor-version":[{"id":911,"href":"https:\/\/www.beasturismo.es\/index.php?rest_route=\/wp\/v2\/pages\/864\/revisions\/911"}],"wp:attachment":[{"href":"https:\/\/www.beasturismo.es\/index.php?rest_route=%2Fwp%2Fv2%2Fmedia&parent=864"}],"curies":[{"name":"wp","href":"https:\/\/api.w.org\/{rel}","templated":true}]}}