{"id":866,"date":"2020-09-03T16:08:38","date_gmt":"2020-09-03T16:08:38","guid":{"rendered":"https:\/\/www.beasturismo.es\/?page_id=866"},"modified":"2020-09-03T18:00:33","modified_gmt":"2020-09-03T18:00:33","slug":"ruta-del-hurraco-o-del-coto-de-d-lorenzo","status":"publish","type":"page","link":"https:\/\/www.beasturismo.es\/?page_id=866","title":{"rendered":"Ruta del Hurraco"},"content":{"rendered":"<p><img loading=\"lazy\" decoding=\"async\" width=\"1024\" height=\"702\" src=\"https:\/\/www.beasturismo.es\/wp-content\/uploads\/2020\/09\/Ruta-del-Hurraco-o-del-Coto-de-D.-Lorenzo-1024x702.jpg\" alt=\"\" srcset=\"https:\/\/www.beasturismo.es\/wp-content\/uploads\/2020\/09\/Ruta-del-Hurraco-o-del-Coto-de-D.-Lorenzo-1024x702.jpg 1024w, https:\/\/www.beasturismo.es\/wp-content\/uploads\/2020\/09\/Ruta-del-Hurraco-o-del-Coto-de-D.-Lorenzo-300x206.jpg 300w, https:\/\/www.beasturismo.es\/wp-content\/uploads\/2020\/09\/Ruta-del-Hurraco-o-del-Coto-de-D.-Lorenzo-768x526.jpg 768w, https:\/\/www.beasturismo.es\/wp-content\/uploads\/2020\/09\/Ruta-del-Hurraco-o-del-Coto-de-D.-Lorenzo-1536x1053.jpg 1536w, https:\/\/www.beasturismo.es\/wp-content\/uploads\/2020\/09\/Ruta-del-Hurraco-o-del-Coto-de-D.-Lorenzo-2048x1403.jpg 2048w\" sizes=\"auto, (max-width: 1024px) 100vw, 1024px\" \/>\t\t\t\t\t\t\t\t\t\t\t<\/p>\n<p><strong>Longitud:\u00a0<\/strong>\u00a0 \u00a0 \u00a0 \u00a0 \u00a0 \u00a0 \u00a0 \u00a0 \u00a0 8.3 Km<br \/><strong>Punto de Partida:<\/strong>\u00a0 \u00a0 \u00a0Arroyo de Cand\u00f3n<br \/><strong>Dificultad:\u00a0 \u00a0<\/strong>\u00a0 \u00a0 \u00a0 \u00a0 \u00a0 \u00a0 \u00a0 \u00a0Alta<\/p>\n<p>El punto de partida de esta ruta lo establecemos justo en la intersecci\u00f3n entre el camino de Villarrasa y el Arroyo de Cand\u00f3n, que bordeamos por su margen derecho hasta llegar a la Casa de Tomelloso (aproximadamente), disfrutando de una abundante vegetaci\u00f3n de bosque de rivera.<\/p>\n<p>Es en este punto donde atravesaremos el Arroyo de Cand\u00f3n para comenzar una subida que nos llevar\u00e1 al Coto de D.Lorenzo, continuando hasta la casa &#8211; donde el olivar se hace presente a pesar de las dificultades geogr\u00e1ficas. A partir de aqu\u00ed, direcci\u00f3n Beas, buscamos el cruce del Padr\u00f3n de Alcornoquillo &#8211; una zona caracterizada por estar dividida en peque\u00f1as parcelas de olivar. <\/p>\n<p>En este cruce giraremos hacia la izquierda\u00a0acompa\u00f1ados de olivar a ambos lados, para encontrar despu\u00e9s de un par de kil\u00f3metros el cruce con el camino de Portugal.<\/p>\n<p>Esta ruta comparte con la \u00abRuta Pinar del Saltillo &#8211; Gamosas &#8211; El Pil\u00f3n\/Arroyo la Lapa &#8211; Lomero LLano\u00bb (Ruta de Valverde) el tramo que discurre precisamente por este camino hasta atravesar el Arroyo de Cand\u00f3n.<\/p>\n","protected":false},"excerpt":{"rendered":"<p>Longitud:\u00a0\u00a0 \u00a0 \u00a0 \u00a0 \u00a0 \u00a0 \u00a0 \u00a0 \u00a0 8.3 KmPunto de Partida:\u00a0 \u00a0 \u00a0Arroyo [&hellip;]<\/p>\n","protected":false},"author":2,"featured_media":0,"parent":0,"menu_order":0,"comment_status":"closed","ping_status":"closed","template":"","meta":{"footnotes":""},"class_list":["post-866","page","type-page","status-publish","hentry"],"jetpack_sharing_enabled":true,"_links":{"self":[{"href":"https:\/\/www.beasturismo.es\/index.php?rest_route=\/wp\/v2\/pages\/866","targetHints":{"allow":["GET"]}}],"collection":[{"href":"https:\/\/www.beasturismo.es\/index.php?rest_route=\/wp\/v2\/pages"}],"about":[{"href":"https:\/\/www.beasturismo.es\/index.php?rest_route=\/wp\/v2\/types\/page"}],"author":[{"embeddable":true,"href":"https:\/\/www.beasturismo.es\/index.php?rest_route=\/wp\/v2\/users\/2"}],"replies":[{"embeddable":true,"href":"https:\/\/www.beasturismo.es\/index.php?rest_route=%2Fwp%2Fv2%2Fcomments&post=866"}],"version-history":[{"count":3,"href":"https:\/\/www.beasturismo.es\/index.php?rest_route=\/wp\/v2\/pages\/866\/revisions"}],"predecessor-version":[{"id":912,"href":"https:\/\/www.beasturismo.es\/index.php?rest_route=\/wp\/v2\/pages\/866\/revisions\/912"}],"wp:attachment":[{"href":"https:\/\/www.beasturismo.es\/index.php?rest_route=%2Fwp%2Fv2%2Fmedia&parent=866"}],"curies":[{"name":"wp","href":"https:\/\/api.w.org\/{rel}","templated":true}]}}