{"id":868,"date":"2020-09-03T16:09:04","date_gmt":"2020-09-03T16:09:04","guid":{"rendered":"https:\/\/www.beasturismo.es\/?page_id=868"},"modified":"2020-09-03T18:17:18","modified_gmt":"2020-09-03T18:17:18","slug":"ruta-del-dique-por-la-junta-del-castano","status":"publish","type":"page","link":"https:\/\/www.beasturismo.es\/?page_id=868","title":{"rendered":"Ruta del Dique por la Junta del Casta\u00f1o"},"content":{"rendered":"<p><img loading=\"lazy\" decoding=\"async\" width=\"717\" height=\"1024\" src=\"https:\/\/www.beasturismo.es\/wp-content\/uploads\/2020\/09\/Ruta-del-Dique-por-Junta-del-Casta\u00f1o-717x1024.jpg\" alt=\"\" srcset=\"https:\/\/www.beasturismo.es\/wp-content\/uploads\/2020\/09\/Ruta-del-Dique-por-Junta-del-Casta\u00f1o-717x1024.jpg 717w, https:\/\/www.beasturismo.es\/wp-content\/uploads\/2020\/09\/Ruta-del-Dique-por-Junta-del-Casta\u00f1o-210x300.jpg 210w, https:\/\/www.beasturismo.es\/wp-content\/uploads\/2020\/09\/Ruta-del-Dique-por-Junta-del-Casta\u00f1o-768x1096.jpg 768w, https:\/\/www.beasturismo.es\/wp-content\/uploads\/2020\/09\/Ruta-del-Dique-por-Junta-del-Casta\u00f1o-1076x1536.jpg 1076w, https:\/\/www.beasturismo.es\/wp-content\/uploads\/2020\/09\/Ruta-del-Dique-por-Junta-del-Casta\u00f1o-1434x2048.jpg 1434w, https:\/\/www.beasturismo.es\/wp-content\/uploads\/2020\/09\/Ruta-del-Dique-por-Junta-del-Casta\u00f1o-scaled.jpg 1793w\" sizes=\"auto, (max-width: 717px) 100vw, 717px\" \/>\t\t\t\t\t\t\t\t\t\t\t<\/p>\n<p><strong><br \/>Longitud:\u00a0<\/strong>\u00a0 \u00a0 \u00a0 \u00a0 \u00a0 \u00a0 \u00a0 \u00a0 \u00a0 5.5 Km<br \/><strong>Punto de Partida:<\/strong>\u00a0 \u00a0 \u00a0Plaza de Espa\u00f1a &#8211; Beas<br \/><strong>Dificultad:\u00a0 \u00a0<\/strong>\u00a0 \u00a0 \u00a0 \u00a0 \u00a0 \u00a0 \u00a0 \u00a0Media-Alta<\/p>\n<p>Nos situamos mirando frente al Casino Grande donde giraremos hacia la derecha para llegar a la esquina de confluencia con la C\/. Diego Velazquez hasta llegar y girar a la C\/. Fco Hidalgo hasta salir de la poblaci\u00f3n sin abandonarla, llegando al camino del Pino Gordo o de las Camachas.<\/p>\n<p>En su inicio se sucederan tierrasde cultivo dedicadas al cereal y al girasol. En el primer cruce giraremos hacia la izquierda y a unos 150 metros aprox. giraremos de nuevo hacia la izquierda para tomar el Camino de Salobrillo hacia el Arroyo de la Jara &#8211; rodeado de olivares &#8211; durante unos 2 km. Poco a poco la vegetaci\u00f3n t\u00edpica Andevale\u00f1a se har\u00e1 presente.<\/p>\n<p>Cruzaremos el Arroyo de la Jara, giraremos a la derecha y bajaremos hasta el Casta\u00f1o -hacia su unta con el Arroyo de la Parrilla &#8211; el cual atravesaremos para acompa\u00f1arlo hasta llegar, despu\u00e9s de una pronunciada subida, a la Casa del Dique donde veremos la presa.<\/p>\n","protected":false},"excerpt":{"rendered":"<p>Longitud:\u00a0\u00a0 \u00a0 \u00a0 \u00a0 \u00a0 \u00a0 \u00a0 \u00a0 \u00a0 5.5 KmPunto de Partida:\u00a0 \u00a0 \u00a0Plaza [&hellip;]<\/p>\n","protected":false},"author":2,"featured_media":0,"parent":0,"menu_order":0,"comment_status":"closed","ping_status":"closed","template":"","meta":{"footnotes":""},"class_list":["post-868","page","type-page","status-publish","hentry"],"jetpack_sharing_enabled":true,"_links":{"self":[{"href":"https:\/\/www.beasturismo.es\/index.php?rest_route=\/wp\/v2\/pages\/868","targetHints":{"allow":["GET"]}}],"collection":[{"href":"https:\/\/www.beasturismo.es\/index.php?rest_route=\/wp\/v2\/pages"}],"about":[{"href":"https:\/\/www.beasturismo.es\/index.php?rest_route=\/wp\/v2\/types\/page"}],"author":[{"embeddable":true,"href":"https:\/\/www.beasturismo.es\/index.php?rest_route=\/wp\/v2\/users\/2"}],"replies":[{"embeddable":true,"href":"https:\/\/www.beasturismo.es\/index.php?rest_route=%2Fwp%2Fv2%2Fcomments&post=868"}],"version-history":[{"count":2,"href":"https:\/\/www.beasturismo.es\/index.php?rest_route=\/wp\/v2\/pages\/868\/revisions"}],"predecessor-version":[{"id":916,"href":"https:\/\/www.beasturismo.es\/index.php?rest_route=\/wp\/v2\/pages\/868\/revisions\/916"}],"wp:attachment":[{"href":"https:\/\/www.beasturismo.es\/index.php?rest_route=%2Fwp%2Fv2%2Fmedia&parent=868"}],"curies":[{"name":"wp","href":"https:\/\/api.w.org\/{rel}","templated":true}]}}