{"id":870,"date":"2020-09-03T16:09:23","date_gmt":"2020-09-03T16:09:23","guid":{"rendered":"https:\/\/www.beasturismo.es\/?page_id=870"},"modified":"2020-09-03T18:59:50","modified_gmt":"2020-09-03T18:59:50","slug":"ruta-del-dique-por-los-llanos","status":"publish","type":"page","link":"https:\/\/www.beasturismo.es\/?page_id=870","title":{"rendered":"Ruta del Dique por los LLanos"},"content":{"rendered":"<p><img loading=\"lazy\" decoding=\"async\" width=\"1024\" height=\"708\" src=\"https:\/\/www.beasturismo.es\/wp-content\/uploads\/2020\/09\/Rura-del-Dique-por-los-Llanos-1024x708.jpg\" alt=\"\" srcset=\"https:\/\/www.beasturismo.es\/wp-content\/uploads\/2020\/09\/Rura-del-Dique-por-los-Llanos-1024x708.jpg 1024w, https:\/\/www.beasturismo.es\/wp-content\/uploads\/2020\/09\/Rura-del-Dique-por-los-Llanos-300x207.jpg 300w, https:\/\/www.beasturismo.es\/wp-content\/uploads\/2020\/09\/Rura-del-Dique-por-los-Llanos-768x531.jpg 768w, https:\/\/www.beasturismo.es\/wp-content\/uploads\/2020\/09\/Rura-del-Dique-por-los-Llanos-1536x1062.jpg 1536w, https:\/\/www.beasturismo.es\/wp-content\/uploads\/2020\/09\/Rura-del-Dique-por-los-Llanos-2048x1416.jpg 2048w\" sizes=\"auto, (max-width: 1024px) 100vw, 1024px\" \/>\t\t\t\t\t\t\t\t\t\t\t<\/p>\n<p><strong>Longitud:\u00a0<\/strong>\u00a0 \u00a0 \u00a0 \u00a0 \u00a0 \u00a0 \u00a0 \u00a0 \u00a0 5 Km<br \/><strong>Punto de Partida:<\/strong>\u00a0 \u00a0 \u00a0Plaza de Espa\u00f1a &#8211; Beas\u00a0<br \/><strong>Dificultad:\u00a0 \u00a0<\/strong> \u00a0 \u00a0 \u00a0 \u00a0 \u00a0 \u00a0 \u00a0 Media-Baja<\/p>\n<p>Si le damos la espalda al Ayuntamiento, mirando la Iglesia de frente, tiraremos hacia la derecha y continuaremos por la C\/. Jacinto Ramirez. <\/p>\n<p>Cuando nos topemos con la C\/. Nueva giraremos hacia la izquierda, seguiremos todo recto conectando con la C\/. Maestro Don Antonio Perez Ruiz hasta el final, hasta toparnos con la C\/. R\u00e1bida. Andaremos unos 200 metros alej\u00e1ndonos del pueblo y cruzando el Arroyo de Trigueros. Continuaremos este camino hasta encontrarnos con una dehesa de alcornoques con antiguo cerramiento de piedra &#8211; el cual dejaremos a nuestra izquierda.<\/p>\n<p>Siempre en llano llegaremos hasta un camino, a nuestra derecha, entre pinos. Seguiremos de frente encontr\u00e1ndonos con con eucaliptos y pinos a nuestra izquierda, hasta llegar a un alto con buena vista y un camino a la derecha. Seguiremos de frente. Ahora el camino se har\u00e1 m\u00e1s ondulado. Poco despu\u00e9s veremos una majada abandonada a nuestra derecha y un punto geod\u00e9sico entre alcornoques (a nuestra izquierda) en una finca cerrada. Llegados a este punto haremos una doble bajada-subida y llegamos hasta un alto &#8211; punto de encuentro con el camino de la segunda posible salida.<\/p>\n<p>Iniciaremos una fuerte bajada hasta el Arroyo de la Parrilla el cual atravesaremos por un puente: <em>en este arroyo, en el siglo pasado, hab\u00eda varios molinos harineros de agua cuyos vestigios a\u00fan pueden observarse.<\/em><\/p>\n<p>Seguiremos subiendo ligeramente por la zona de \u00abEl Labradillo\u00bb entre plantaciones de olivos, por donde llegaremos a un camino que nos conecta con Navahermosa, pero nosotros seguiremos de frente; pasaremos una casa con porche conocida como \u00abLa Casa del Viento\u00bb llegando poco despu\u00e9s hasta una portada que anuncia el \u00abDolmen del Labradillo\u00bb. Si seguimos este camino llegaremos a un alto desde donde divisaremos el pantano de Beas (construido en el a\u00f1o 1929. Y si bajamos hasta \u00e9l llegaremos hasta el muro de contenci\u00f3n con una bonita vista.<\/p>\n","protected":false},"excerpt":{"rendered":"<p>Longitud:\u00a0\u00a0 \u00a0 \u00a0 \u00a0 \u00a0 \u00a0 \u00a0 \u00a0 \u00a0 5 KmPunto de Partida:\u00a0 \u00a0 \u00a0Plaza [&hellip;]<\/p>\n","protected":false},"author":2,"featured_media":0,"parent":0,"menu_order":0,"comment_status":"closed","ping_status":"closed","template":"","meta":{"footnotes":""},"class_list":["post-870","page","type-page","status-publish","hentry"],"jetpack_sharing_enabled":true,"_links":{"self":[{"href":"https:\/\/www.beasturismo.es\/index.php?rest_route=\/wp\/v2\/pages\/870","targetHints":{"allow":["GET"]}}],"collection":[{"href":"https:\/\/www.beasturismo.es\/index.php?rest_route=\/wp\/v2\/pages"}],"about":[{"href":"https:\/\/www.beasturismo.es\/index.php?rest_route=\/wp\/v2\/types\/page"}],"author":[{"embeddable":true,"href":"https:\/\/www.beasturismo.es\/index.php?rest_route=\/wp\/v2\/users\/2"}],"replies":[{"embeddable":true,"href":"https:\/\/www.beasturismo.es\/index.php?rest_route=%2Fwp%2Fv2%2Fcomments&post=870"}],"version-history":[{"count":2,"href":"https:\/\/www.beasturismo.es\/index.php?rest_route=\/wp\/v2\/pages\/870\/revisions"}],"predecessor-version":[{"id":920,"href":"https:\/\/www.beasturismo.es\/index.php?rest_route=\/wp\/v2\/pages\/870\/revisions\/920"}],"wp:attachment":[{"href":"https:\/\/www.beasturismo.es\/index.php?rest_route=%2Fwp%2Fv2%2Fmedia&parent=870"}],"curies":[{"name":"wp","href":"https:\/\/api.w.org\/{rel}","templated":true}]}}