{"id":872,"date":"2020-09-03T16:09:58","date_gmt":"2020-09-03T16:09:58","guid":{"rendered":"https:\/\/www.beasturismo.es\/?page_id=872"},"modified":"2020-09-03T19:28:09","modified_gmt":"2020-09-03T19:28:09","slug":"ruta-del-labradillo-navahermosa-barranco-pl","status":"publish","type":"page","link":"https:\/\/www.beasturismo.es\/?page_id=872","title":{"rendered":"Ruta del Labradillo &#8211; Navahermosa &#8211; Barranco PL"},"content":{"rendered":"<p><img loading=\"lazy\" decoding=\"async\" width=\"737\" height=\"1024\" src=\"https:\/\/www.beasturismo.es\/wp-content\/uploads\/2020\/09\/Ruta-del-la-labradillo-navahermosa-barranco-de-Pedro-L\u00f3pez-737x1024.jpg\" alt=\"\" srcset=\"https:\/\/www.beasturismo.es\/wp-content\/uploads\/2020\/09\/Ruta-del-la-labradillo-navahermosa-barranco-de-Pedro-L\u00f3pez-737x1024.jpg 737w, https:\/\/www.beasturismo.es\/wp-content\/uploads\/2020\/09\/Ruta-del-la-labradillo-navahermosa-barranco-de-Pedro-L\u00f3pez-216x300.jpg 216w, https:\/\/www.beasturismo.es\/wp-content\/uploads\/2020\/09\/Ruta-del-la-labradillo-navahermosa-barranco-de-Pedro-L\u00f3pez-768x1067.jpg 768w, https:\/\/www.beasturismo.es\/wp-content\/uploads\/2020\/09\/Ruta-del-la-labradillo-navahermosa-barranco-de-Pedro-L\u00f3pez-1105x1536.jpg 1105w, https:\/\/www.beasturismo.es\/wp-content\/uploads\/2020\/09\/Ruta-del-la-labradillo-navahermosa-barranco-de-Pedro-L\u00f3pez-1474x2048.jpg 1474w, https:\/\/www.beasturismo.es\/wp-content\/uploads\/2020\/09\/Ruta-del-la-labradillo-navahermosa-barranco-de-Pedro-L\u00f3pez-scaled.jpg 1842w\" sizes=\"auto, (max-width: 737px) 100vw, 737px\" \/>\t\t\t\t\t\t\t\t\t\t\t<\/p>\n<p><strong><br \/>Longitud:\u00a0<\/strong>\u00a0 \u00a0 \u00a0 \u00a0 \u00a0 \u00a0 \u00a0 \u00a0 \u00a0 9.5 Km<br \/><strong>Punto de Partida:<\/strong>\u00a0 \u00a0 \u00a0Navahermosa<br \/><strong>Dificultad:\u00a0 \u00a0<\/strong> \u00a0 \u00a0 \u00a0 \u00a0 \u00a0 \u00a0 \u00a0 Media-Alta<\/p>\n<p>A la aldea de Navahermosa podemos accecer desde la N-435 &#8211; al desviarnos pasaremos varias casas hasta llegar al n\u00facleo.<\/p>\n<p>Desde Navahermosa nos pondremos en marcha para abandonar el poblado en direcci\u00f3n este &#8211; contraria a la que tra\u00edamos &#8211; hacia el Dique de Beas direcci\u00f3n el Barranco de Pedro Lopez, formado por el Arroyo que recibe el mismo nombre, el cual se une al Casta\u00f1o, en una zona de eucaliptos, la cual se torna m\u00e1s espesa cuando nos acercamos al barranco.<\/p>\n<p>Desde el barranco\u00a0 subiremos en direcci\u00f3n a Navahermosa para tomar el primer camino hacia la izquierda y hacia el sur durante unos 3 km. Continuaremos bordeando el Casta\u00f1o\/Dique de Beas, para poco a poco ir apart\u00e1ndonos de \u00e9ste y dejar a la izquierda la Casa del Labradillo, llegando al cruce con el camino de la Alcornocosa. Aqu\u00ed giraremos hacia la derecha dejando a nuestra vista la \u00abCasa del Viento\u00bb. Entraremos en un tramo com\u00fan con la \u00abRuta Cortijo la Plata, Rivera de Valverde, Carril el Manzanito\u00bb y avanzaremos hacia la CN hasta llegar a la proxima intersecci\u00f3n y girar hacia la izquierda. Desde aqu\u00ed emprenderemos nuestro regreso a Navahermosa atravesando una zona con plantaciones, llegando a otra de pinares y matorrales que discurre paralela a la CN.<\/p>\n","protected":false},"excerpt":{"rendered":"<p>Longitud:\u00a0\u00a0 \u00a0 \u00a0 \u00a0 \u00a0 \u00a0 \u00a0 \u00a0 \u00a0 9.5 KmPunto de Partida:\u00a0 \u00a0 \u00a0NavahermosaDificultad:\u00a0 [&hellip;]<\/p>\n","protected":false},"author":2,"featured_media":0,"parent":0,"menu_order":0,"comment_status":"closed","ping_status":"closed","template":"","meta":{"footnotes":""},"class_list":["post-872","page","type-page","status-publish","hentry"],"jetpack_sharing_enabled":true,"_links":{"self":[{"href":"https:\/\/www.beasturismo.es\/index.php?rest_route=\/wp\/v2\/pages\/872","targetHints":{"allow":["GET"]}}],"collection":[{"href":"https:\/\/www.beasturismo.es\/index.php?rest_route=\/wp\/v2\/pages"}],"about":[{"href":"https:\/\/www.beasturismo.es\/index.php?rest_route=\/wp\/v2\/types\/page"}],"author":[{"embeddable":true,"href":"https:\/\/www.beasturismo.es\/index.php?rest_route=\/wp\/v2\/users\/2"}],"replies":[{"embeddable":true,"href":"https:\/\/www.beasturismo.es\/index.php?rest_route=%2Fwp%2Fv2%2Fcomments&post=872"}],"version-history":[{"count":2,"href":"https:\/\/www.beasturismo.es\/index.php?rest_route=\/wp\/v2\/pages\/872\/revisions"}],"predecessor-version":[{"id":924,"href":"https:\/\/www.beasturismo.es\/index.php?rest_route=\/wp\/v2\/pages\/872\/revisions\/924"}],"wp:attachment":[{"href":"https:\/\/www.beasturismo.es\/index.php?rest_route=%2Fwp%2Fv2%2Fmedia&parent=872"}],"curies":[{"name":"wp","href":"https:\/\/api.w.org\/{rel}","templated":true}]}}