{"id":876,"date":"2020-09-03T16:10:43","date_gmt":"2020-09-03T16:10:43","guid":{"rendered":"https:\/\/www.beasturismo.es\/?page_id=876"},"modified":"2020-09-07T18:41:32","modified_gmt":"2020-09-07T18:41:32","slug":"ruta-de-la-fuente-de-la-corcha","status":"publish","type":"page","link":"https:\/\/www.beasturismo.es\/?page_id=876","title":{"rendered":"Ruta de la Fuente de la Corcha"},"content":{"rendered":"<p><img loading=\"lazy\" decoding=\"async\" width=\"768\" height=\"1097\" src=\"https:\/\/www.beasturismo.es\/wp-content\/uploads\/2020\/09\/IMG_8347-768x1097.jpg\" alt=\"\" srcset=\"https:\/\/www.beasturismo.es\/wp-content\/uploads\/2020\/09\/IMG_8347-768x1097.jpg 768w, https:\/\/www.beasturismo.es\/wp-content\/uploads\/2020\/09\/IMG_8347-210x300.jpg 210w, https:\/\/www.beasturismo.es\/wp-content\/uploads\/2020\/09\/IMG_8347-717x1024.jpg 717w, https:\/\/www.beasturismo.es\/wp-content\/uploads\/2020\/09\/IMG_8347-1076x1536.jpg 1076w, https:\/\/www.beasturismo.es\/wp-content\/uploads\/2020\/09\/IMG_8347-1434x2048.jpg 1434w, https:\/\/www.beasturismo.es\/wp-content\/uploads\/2020\/09\/IMG_8347-scaled.jpg 1793w\" sizes=\"auto, (max-width: 768px) 100vw, 768px\" \/>\t\t\t\t\t\t\t\t\t\t\t<\/p>\n<p><strong><br \/>Longitud:\u00a0<\/strong>\u00a0 \u00a0 \u00a0 \u00a0 \u00a0 \u00a0 \u00a0 \u00a0 \u00a0 11.5 Km + 1.5 Km (en el corte central)<br \/><strong>Punto de Partida:<\/strong>\u00a0 \u00a0 \u00a0Fuente de la Corcha\u00a0<br \/><strong>Dificultad:\u00a0 \u00a0<\/strong>\u00a0 \u00a0 \u00a0 \u00a0 \u00a0 \u00a0 \u00a0 \u00a0Baja<\/p>\n<p>Saliendo de la Plaza de la Iglesia direcci\u00f3n Trigueros abandonamos la poblaci\u00f3n a unos 250 mts por un camino hacia la derechadonde comenzar\u00e1 nuestra ruta.<\/p>\n<p>A unos 800 mts aproximadamente cambiaremos nuestra direcci\u00f3n hacia la izquierda para proseguir durante 1 Km divisando un frondoso pinar. Y al llegar al cruce de caminos tomaremos el sendero de la derecha. Unos 100 mts despu\u00e9s giraremos a la izquierda y atravesaremos una zona de caser\u00edos.<\/p>\n<p>A menos de 1 Km y despu\u00e9s de una bajada llegaremos a un barranco, desde donde iniciaremos un tramo de 2.5 Km de pinar y donde algunas veces podremos cruzarnos con venados y jabal\u00eds. Pasados esos Km llegaremos al cruce \u00abCabuj\u00f3n del Lobo\u00bb donde giraremos a la derecha siguiendo 2.5 Km.<\/p>\n<p>Llegados a este punto podemos ampliar nuestra ruta direcci\u00f3n norte por los Bald\u00edos de Beas o continuar bajando hacia Fuente de la Corcha dejando sendos caminos primero a la izquierda y despu\u00e9s a la derecha &#8211; Durante este tramo del recorrido observaremos zonas desmontadas para el aprovechamiento agr\u00edcola y en algo menos de 1 Km nos toparemos con otro cruce en el que giraremos a la derecha. D\u00f3nde andaremos entre eucaliptos hasta llegar a la aldea.<\/p>\n","protected":false},"excerpt":{"rendered":"<p>Longitud:\u00a0\u00a0 \u00a0 \u00a0 \u00a0 \u00a0 \u00a0 \u00a0 \u00a0 \u00a0 11.5 Km + 1.5 Km (en [&hellip;]<\/p>\n","protected":false},"author":2,"featured_media":0,"parent":0,"menu_order":0,"comment_status":"closed","ping_status":"closed","template":"","meta":{"footnotes":""},"class_list":["post-876","page","type-page","status-publish","hentry"],"jetpack_sharing_enabled":true,"_links":{"self":[{"href":"https:\/\/www.beasturismo.es\/index.php?rest_route=\/wp\/v2\/pages\/876","targetHints":{"allow":["GET"]}}],"collection":[{"href":"https:\/\/www.beasturismo.es\/index.php?rest_route=\/wp\/v2\/pages"}],"about":[{"href":"https:\/\/www.beasturismo.es\/index.php?rest_route=\/wp\/v2\/types\/page"}],"author":[{"embeddable":true,"href":"https:\/\/www.beasturismo.es\/index.php?rest_route=\/wp\/v2\/users\/2"}],"replies":[{"embeddable":true,"href":"https:\/\/www.beasturismo.es\/index.php?rest_route=%2Fwp%2Fv2%2Fcomments&post=876"}],"version-history":[{"count":2,"href":"https:\/\/www.beasturismo.es\/index.php?rest_route=\/wp\/v2\/pages\/876\/revisions"}],"predecessor-version":[{"id":934,"href":"https:\/\/www.beasturismo.es\/index.php?rest_route=\/wp\/v2\/pages\/876\/revisions\/934"}],"wp:attachment":[{"href":"https:\/\/www.beasturismo.es\/index.php?rest_route=%2Fwp%2Fv2%2Fmedia&parent=876"}],"curies":[{"name":"wp","href":"https:\/\/api.w.org\/{rel}","templated":true}]}}