{"id":878,"date":"2020-09-03T16:11:08","date_gmt":"2020-09-03T16:11:08","guid":{"rendered":"https:\/\/www.beasturismo.es\/?page_id=878"},"modified":"2020-09-07T19:17:20","modified_gmt":"2020-09-07T19:17:20","slug":"ruta-de-campanario","status":"publish","type":"page","link":"https:\/\/www.beasturismo.es\/?page_id=878","title":{"rendered":"Ruta de Campanario"},"content":{"rendered":"<p><img loading=\"lazy\" decoding=\"async\" width=\"1024\" height=\"721\" src=\"https:\/\/www.beasturismo.es\/wp-content\/uploads\/2020\/09\/Ruta-de-Campanario-1024x721.jpg\" alt=\"\" srcset=\"https:\/\/www.beasturismo.es\/wp-content\/uploads\/2020\/09\/Ruta-de-Campanario-1024x721.jpg 1024w, https:\/\/www.beasturismo.es\/wp-content\/uploads\/2020\/09\/Ruta-de-Campanario-300x211.jpg 300w, https:\/\/www.beasturismo.es\/wp-content\/uploads\/2020\/09\/Ruta-de-Campanario-768x541.jpg 768w, https:\/\/www.beasturismo.es\/wp-content\/uploads\/2020\/09\/Ruta-de-Campanario-1536x1082.jpg 1536w, https:\/\/www.beasturismo.es\/wp-content\/uploads\/2020\/09\/Ruta-de-Campanario-2048x1443.jpg 2048w\" sizes=\"auto, (max-width: 1024px) 100vw, 1024px\" \/>\t\t\t\t\t\t\t\t\t\t\t<\/p>\n<p><strong>Longitud:\u00a0<\/strong>\u00a0 \u00a0 \u00a0 \u00a0 \u00a0 \u00a0 \u00a0 \u00a0 \u00a0 3.5 Km<br \/><strong>Punto de Partida:<\/strong>\u00a0 \u00a0 \u00a0V\u00eda Verde Km 25.800<br \/><strong>Dificultad:\u00a0 \u00a0<\/strong> \u00a0 \u00a0 \u00a0 \u00a0 \u00a0 \u00a0 \u00a0 Alta<\/p>\n<p>El punto de partida ser\u00e1 el Km 25.800 de la V\u00eda Verde, el cual nos llevar\u00e1 hasta el Dique de Campanario.<\/p>\n<p>El camino comienza en una subida pronunciada y a unos 300 mts dejamos el primer camino a la derecha, para continuar rodeados de una vegetaci\u00f3n, no muy abundante, de pinos y eucaliptos.\u00a0<\/p>\n<p>Camino adelante y a 1.5 Km los pinos se hacen cada vez m\u00e1s presentes llegando a un cortafuegos de un regato que recorre la zona. Desde este punto, a unos 500 mts, se puede optar por acceder a Campanario por la zona de la presa &#8211; camino que atraviesa una zona de terraza y pinares, para llegar a un cruce de caminos a ambos lados, sin abandonar el que llevamos.<\/p>\n<p>A unos 400 mts de este cruce llegaremos a otro donde giraremos a la derecha hasta toparnos con una gran mancha sin vegetaci\u00f3n (antigua cantera de \u00e1ridos), la cual atravesaremos. Despu\u00e9s de 1 Km cruzaremos por otra gravera, de menor tama\u00f1o que la anterior, con algunos pinos, para finalizar con un \u00faltimo tramo que nos llevar\u00e1 hasta la presa del dique de Campanario.<\/p>\n","protected":false},"excerpt":{"rendered":"<p>Longitud:\u00a0\u00a0 \u00a0 \u00a0 \u00a0 \u00a0 \u00a0 \u00a0 \u00a0 \u00a0 3.5 KmPunto de Partida:\u00a0 \u00a0 \u00a0V\u00eda [&hellip;]<\/p>\n","protected":false},"author":2,"featured_media":0,"parent":0,"menu_order":0,"comment_status":"closed","ping_status":"closed","template":"","meta":{"footnotes":""},"class_list":["post-878","page","type-page","status-publish","hentry"],"jetpack_sharing_enabled":true,"_links":{"self":[{"href":"https:\/\/www.beasturismo.es\/index.php?rest_route=\/wp\/v2\/pages\/878","targetHints":{"allow":["GET"]}}],"collection":[{"href":"https:\/\/www.beasturismo.es\/index.php?rest_route=\/wp\/v2\/pages"}],"about":[{"href":"https:\/\/www.beasturismo.es\/index.php?rest_route=\/wp\/v2\/types\/page"}],"author":[{"embeddable":true,"href":"https:\/\/www.beasturismo.es\/index.php?rest_route=\/wp\/v2\/users\/2"}],"replies":[{"embeddable":true,"href":"https:\/\/www.beasturismo.es\/index.php?rest_route=%2Fwp%2Fv2%2Fcomments&post=878"}],"version-history":[{"count":2,"href":"https:\/\/www.beasturismo.es\/index.php?rest_route=\/wp\/v2\/pages\/878\/revisions"}],"predecessor-version":[{"id":938,"href":"https:\/\/www.beasturismo.es\/index.php?rest_route=\/wp\/v2\/pages\/878\/revisions\/938"}],"wp:attachment":[{"href":"https:\/\/www.beasturismo.es\/index.php?rest_route=%2Fwp%2Fv2%2Fmedia&parent=878"}],"curies":[{"name":"wp","href":"https:\/\/api.w.org\/{rel}","templated":true}]}}