{"id":883,"date":"2020-09-03T16:12:13","date_gmt":"2020-09-03T16:12:13","guid":{"rendered":"https:\/\/www.beasturismo.es\/?page_id=883"},"modified":"2020-09-08T08:13:23","modified_gmt":"2020-09-08T08:13:23","slug":"ruta-de-los-molinos-de-agua","status":"publish","type":"page","link":"https:\/\/www.beasturismo.es\/?page_id=883","title":{"rendered":"Ruta de los Molinos de Agua"},"content":{"rendered":"<p><img loading=\"lazy\" decoding=\"async\" width=\"1024\" height=\"724\" src=\"https:\/\/www.beasturismo.es\/wp-content\/uploads\/2020\/08\/ruta-de-los-molinos-de-agua-san-juan-trigueros-beas-y-valverde-1024x724.jpg\" alt=\"\" srcset=\"https:\/\/www.beasturismo.es\/wp-content\/uploads\/2020\/08\/ruta-de-los-molinos-de-agua-san-juan-trigueros-beas-y-valverde-1024x724.jpg 1024w, https:\/\/www.beasturismo.es\/wp-content\/uploads\/2020\/08\/ruta-de-los-molinos-de-agua-san-juan-trigueros-beas-y-valverde-300x212.jpg 300w, https:\/\/www.beasturismo.es\/wp-content\/uploads\/2020\/08\/ruta-de-los-molinos-de-agua-san-juan-trigueros-beas-y-valverde-768x543.jpg 768w, https:\/\/www.beasturismo.es\/wp-content\/uploads\/2020\/08\/ruta-de-los-molinos-de-agua-san-juan-trigueros-beas-y-valverde-1536x1086.jpg 1536w, https:\/\/www.beasturismo.es\/wp-content\/uploads\/2020\/08\/ruta-de-los-molinos-de-agua-san-juan-trigueros-beas-y-valverde-2048x1448.jpg 2048w\" sizes=\"auto, (max-width: 1024px) 100vw, 1024px\" \/>\t\t\t\t\t\t\t\t\t\t\t<\/p>\n<p><strong>Longitud:\u00a0<\/strong>\u00a0 \u00a0 \u00a0 \u00a0 \u00a0 \u00a0 \u00a0 \u00a0 \u00a0 6 Km desde Beas \/ 4 Km desde el \u00c1lamo<br \/><strong>Punto de Partida:<\/strong>\u00a0 \u00a0 \u00a0N\u00facleo urbano de Beas o Urbanizaci\u00f3n el \u00c1lamo<br \/><strong>Dificultad:\u00a0 \u00a0<\/strong>\u00a0 \u00a0 \u00a0 \u00a0 \u00a0 \u00a0 \u00a0 \u00a0Baja<\/p>\n<p>Este sendero de poca dificultad une la localidad de Beas con el espacio natural \u00abRuta de los Molinos\u00bb. Su trazado, ligeramente ondulado, discurre por la campi\u00f1a de olivos y cereales y la dehesa de encinas. Pueden contemplarse muy buenas vistas de los alrededores en los puntos altos.<\/p>\n<p>Salida desde el pueblo de Beas: partimos de la Plaza de Espa\u00f1a (d\u00f3nde se encuentra el Ayuntamiento). Descendemos por la C\/. Clarines y giramos a la derecha por la C\/. Juan Ram\u00f3n Jim\u00e9nez y luego a la izquierda por la C\/. Antonio Rodriguez Waflar hasta llegar a \u00abEl Llano\u00bb (una plazoleta sin plaza rodeada por casas y en el centro hay una farola) en la que confluyen 5 calles.<\/p>\n<p>\t\t\t\t\t\t\t\t\t\t<img loading=\"lazy\" decoding=\"async\" width=\"724\" height=\"1024\" src=\"https:\/\/www.beasturismo.es\/wp-content\/uploads\/2020\/09\/Ruta-de-los-Molinos-de-Agua-724x1024.jpg\" alt=\"\" srcset=\"https:\/\/www.beasturismo.es\/wp-content\/uploads\/2020\/09\/Ruta-de-los-Molinos-de-Agua-724x1024.jpg 724w, https:\/\/www.beasturismo.es\/wp-content\/uploads\/2020\/09\/Ruta-de-los-Molinos-de-Agua-212x300.jpg 212w, https:\/\/www.beasturismo.es\/wp-content\/uploads\/2020\/09\/Ruta-de-los-Molinos-de-Agua-768x1087.jpg 768w, https:\/\/www.beasturismo.es\/wp-content\/uploads\/2020\/09\/Ruta-de-los-Molinos-de-Agua-1086x1536.jpg 1086w, https:\/\/www.beasturismo.es\/wp-content\/uploads\/2020\/09\/Ruta-de-los-Molinos-de-Agua-1447x2048.jpg 1447w, https:\/\/www.beasturismo.es\/wp-content\/uploads\/2020\/09\/Ruta-de-los-Molinos-de-Agua-scaled.jpg 1809w\" sizes=\"auto, (max-width: 724px) 100vw, 724px\" \/>\t\t\t\t\t\t\t\t\t\t\t<\/p>\n<p>Salimos del pueblo atravesando un peque\u00f1o puente sobre el Arroyo de Trigueros. Continuaremos en l\u00ednea recta pasando, poco despu\u00e9s, por debajo de un puente de la CN-435. Siempre recto llegaremos a un cruce de caminos. Seguiremos de frente cruzando olivares y tierras de cereal durante 1 Km hasta llegar a una dehesa. Junto al primer alcornoque, en el lado derecho, podremos observar las ruinas de otra cruz &#8211; \u00abCruz Vieja\u00bb &#8211; s\u00edmbolos que se levantaban por motivos diversos (muerte de una persona, una promesa&#8230;).<\/p>\n<p>El paisaje ha cambiado de dehesa a otras dominadas por la vegetaci\u00f3n t\u00edpica del monte bajo mediterr\u00e1neo (encinas, alcornoques, jaras, aulagas&#8230;). Nos encontraremos con un cruce de camino y seguiremos recto, descendiendo levemente unos 700 mts hasta llegar a un peque\u00f1o arroyo. Junto a este nos encontraremos con un camino &#8211; punto de encuentro con el otro itinerario &#8211; que parte desde la Urbanizaci\u00f3n el \u00c1lamo.<\/p>\n<p>Salida desde el pueblo de la Urbanizaci\u00f3n el \u00c1lamo: salimos de Beas por la salida del Tanatorio, incorpor\u00e1ndonos a la CN-435 direcci\u00f3n Valverde del Camino, en una larga recta nos encontraremos a la izquierda con una zona residencial, El \u00c1lamo. En la segunda calle de entrada nos encontraremos con el cartel que nos indica la Ruta de los Molinos y un panel informativo sobre este mismo sendero. Atravesaremos la urbanizaci\u00f3n y saldremos al campo, donde veremos alcornoques a la izquierda y olivos a la derecha. Siguiendo el camino llegaremos hasta el peque\u00f1o arroyo que lo cruza. Aqu\u00ed se unen los dos itinerarios. Seguiremos de frente, ascendiendo. Nos encontraremos con un camino de frente, pero nosotros giraremos a la derecha. Veremos en un alto a la izquierda la \u00abCasa Nueva\u00bb.<\/p>\n<p>Desde aqu\u00ed el camino se ondula, con bajadas y subidas. En los puntos altos tendremos vistas amplias de Beas y sus alrededores. Hacia el sur podremos ver en d\u00edas claros pueblos vecinos y la ciudad de Huelva. <\/p>\n<p>Despu\u00e9s de una fuerte bajada atravesaremos otro arroyo. A la derecha nos encontraremos con una finca ganadera, cercada con malla met\u00e1lica, que nos acompa\u00f1ar\u00e1 hasta el final del recorrido.<\/p>\n<p>Continuaremos atravesando una dehesa de encinas y despu\u00e9s de una \u00faltima bajada llegaremos hasta la zona recreativa llamada \u00abRuta de los Molinos de Agua de Beas\u00bb. En este espacio hay un molino restaurado, paneles informativos sobre la fauna y la flora, as\u00ed como barbacoas y mesas para pasar una jornada al aire libre.\u00a0<\/p>\n<p>Desde esta zona recreativa junto al \u00abMolino de la Llave\u00bb y direcci\u00f3n Valverde del Camino\u00a0 parte otro de los senderos se\u00f1alizados que recorre un tramo del arroyo donde se asientan 7 molinos de agua.<\/p>\n","protected":false},"excerpt":{"rendered":"<p>Longitud:\u00a0\u00a0 \u00a0 \u00a0 \u00a0 \u00a0 \u00a0 \u00a0 \u00a0 \u00a0 6 Km desde Beas \/ 4 [&hellip;]<\/p>\n","protected":false},"author":2,"featured_media":0,"parent":0,"menu_order":0,"comment_status":"closed","ping_status":"closed","template":"","meta":{"footnotes":""},"class_list":["post-883","page","type-page","status-publish","hentry"],"jetpack_sharing_enabled":true,"_links":{"self":[{"href":"https:\/\/www.beasturismo.es\/index.php?rest_route=\/wp\/v2\/pages\/883","targetHints":{"allow":["GET"]}}],"collection":[{"href":"https:\/\/www.beasturismo.es\/index.php?rest_route=\/wp\/v2\/pages"}],"about":[{"href":"https:\/\/www.beasturismo.es\/index.php?rest_route=\/wp\/v2\/types\/page"}],"author":[{"embeddable":true,"href":"https:\/\/www.beasturismo.es\/index.php?rest_route=\/wp\/v2\/users\/2"}],"replies":[{"embeddable":true,"href":"https:\/\/www.beasturismo.es\/index.php?rest_route=%2Fwp%2Fv2%2Fcomments&post=883"}],"version-history":[{"count":2,"href":"https:\/\/www.beasturismo.es\/index.php?rest_route=\/wp\/v2\/pages\/883\/revisions"}],"predecessor-version":[{"id":946,"href":"https:\/\/www.beasturismo.es\/index.php?rest_route=\/wp\/v2\/pages\/883\/revisions\/946"}],"wp:attachment":[{"href":"https:\/\/www.beasturismo.es\/index.php?rest_route=%2Fwp%2Fv2%2Fmedia&parent=883"}],"curies":[{"name":"wp","href":"https:\/\/api.w.org\/{rel}","templated":true}]}}